{"id":9958,"date":"2024-12-10T14:44:16","date_gmt":"2024-12-10T13:44:16","guid":{"rendered":"https:\/\/ziolazycia.com\/nowa\/?post_type=product&#038;p=9958"},"modified":"2025-11-26T15:59:30","modified_gmt":"2025-11-26T14:59:30","slug":"sos-skin-care-larens","status":"publish","type":"product","link":"https:\/\/ziolazycia.com\/nowa\/product\/sos-skin-care-larens\/","title":{"rendered":"SOS SKIN CARE LARENS"},"content":{"rendered":"<p><strong>Intensywnie regeneruj\u0105cy krem do cia\u0142a z naturalnymi peptydami kolagenu rybiego Biopeptide Complex<\/strong> to doskona\u0142y wyb\u00f3r dla sk\u00f3ry suchej i zniszczonej. Produkt ten skutecznie nawil\u017ca, poprawia elastyczno\u015b\u0107 i delikatnie nat\u0142uszcza, tworz\u0105c barier\u0119 ochronn\u0105 przed niekorzystnymi czynnikami zewn\u0119trznymi.<\/p>\n<p>Formu\u0142a kremu zosta\u0142a wzbogacona o peptydy kolagenu rybiego, kolagen, ekstrakt z mi\u0142orz\u0119bu japo\u0144skiego (Ginkgo Biloba), aloes oraz gliceryn\u0119.<\/p>\n<p>Krem jest odpowiedni do codziennego stosowania przez ca\u0142\u0105 rodzin\u0119. Sprawdza si\u0119 jako kosmetyk do zada\u0144 specjalnych, takich jak piel\u0119gnacja po opalaniu, k\u0105pieli czy podczas uprawiania sport\u00f3w zimowych. Doskonale regeneruje such\u0105, pop\u0119kan\u0105 sk\u00f3r\u0119 d\u0142oni, \u0142okci, kolan i st\u00f3p<\/p>\n<p><strong>SK\u0141AD:<\/strong><\/p>\n<p><strong>Biopeptide Complex<\/strong> \u2013 nowoczesna mieszanka oligo- i polipeptyd\u00f3w opracowana przez WellU. Intensywnie nawil\u017ca sk\u00f3r\u0119, poprawia jej elastyczno\u015b\u0107, wyr\u00f3wnuje koloryt i wspiera procesy regeneracyjne, jednocze\u015bnie \u0142agodz\u0105c podra\u017cnienia. Peptydy dzia\u0142aj\u0105 tr\u00f3jtorowo:<\/p>\n<ul>\n<li><strong>Sygna\u0142owe<\/strong> \u2013 aktywuj\u0105 fibroblasty do produkcji kolagenu i elastyny,<\/li>\n<li><strong>Rozkurczaj\u0105ce<\/strong> \u2013 redukuj\u0105 napi\u0119cie mi\u0119\u015bniowe, kt\u00f3re powoduje zmarszczki mimiczne,<\/li>\n<li><strong>Transportuj\u0105ce<\/strong> \u2013 przenosz\u0105 sk\u0142adniki aktywne serum do g\u0142\u0119bszych warstw sk\u00f3ry, wspomagaj\u0105c jej regeneracj\u0119, od\u017cywienie i ochron\u0119 od podstaw.<\/li>\n<\/ul>\n<p><strong>Ginkgo biloba<\/strong> (mi\u0142orz\u0105b japo\u0144ski) \u2013 zawiera du\u017c\u0105 ilo\u015b\u0107 flawonoid\u00f3w i terpen\u00f3w, kt\u00f3re poprawiaj\u0105 mikrokr\u0105\u017cenie sk\u00f3ry oraz wzmacniaj\u0105 naczynia krwiono\u015bne, przeciwdzia\u0142aj\u0105c powstawaniu \u201epaj\u0105czk\u00f3w\u201d. Flawonoidy wspomagaj\u0105 produkcj\u0119 fibroblast\u00f3w oraz chroni\u0105 witamin\u0119 C przed utlenianiem, co zwi\u0119ksza syntez\u0119 kolagenu i stabilno\u015b\u0107 tkanki \u0142\u0105cznej. Terpeny dzia\u0142aj\u0105 przeciwalergicznie oraz neutralizuj\u0105 wolne rodniki.<\/p>\n<p><strong>Aloes<\/strong> \u2013 s\u0142ynie z w\u0142a\u015bciwo\u015bci nawil\u017caj\u0105cych i regeneruj\u0105cych. Doskonale \u0142agodzi podra\u017cnienia i sprawia, \u017ce sk\u00f3ra staje si\u0119 mi\u0119kka oraz jedwabi\u015bcie g\u0142adka.<\/p>\n<p><strong>Gliceryna<\/strong> \u2013 skuteczny humektant, kt\u00f3ry zwi\u0119ksza zdolno\u015b\u0107 sk\u00f3ry do zatrzymywania wilgoci, zapobiegaj\u0105c jej wysuszeniu. Dzi\u0119ki dzia\u0142aniu nawil\u017caj\u0105cemu sk\u00f3ra staje si\u0119 g\u0142adsza, a jej bariera ochronna zostaje wzmocniona.<\/p>\n<p><em>\u00a0<\/em><\/p>\n<p>&nbsp;<\/p>\n","protected":false},"excerpt":{"rendered":"<p>Intensywnie regeneruj\u0105cy krem do cia\u0142a z naturalnymi peptydami kolagenu rybiego Biopeptide Complex, stworzony specjalnie do piel\u0119gnacji sk\u00f3ry suchej i zniszczonej.<\/p>\n","protected":false},"featured_media":9959,"comment_status":"open","ping_status":"closed","template":"","meta":[],"product_brand":[],"product_cat":[82,83,128],"product_tag":[],"class_list":{"0":"post-9958","1":"product","2":"type-product","3":"status-publish","4":"has-post-thumbnail","6":"product_cat-kosmetyki-naturalne","7":"product_cat-larens","8":"product_cat-kosmetyki-naturalne-larens","10":"first","11":"instock","12":"taxable","13":"shipping-taxable","14":"purchasable","15":"product-type-simple"},"_links":{"self":[{"href":"https:\/\/ziolazycia.com\/nowa\/wp-json\/wp\/v2\/product\/9958","targetHints":{"allow":["GET"]}}],"collection":[{"href":"https:\/\/ziolazycia.com\/nowa\/wp-json\/wp\/v2\/product"}],"about":[{"href":"https:\/\/ziolazycia.com\/nowa\/wp-json\/wp\/v2\/types\/product"}],"replies":[{"embeddable":true,"href":"https:\/\/ziolazycia.com\/nowa\/wp-json\/wp\/v2\/comments?post=9958"}],"wp:featuredmedia":[{"embeddable":true,"href":"https:\/\/ziolazycia.com\/nowa\/wp-json\/wp\/v2\/media\/9959"}],"wp:attachment":[{"href":"https:\/\/ziolazycia.com\/nowa\/wp-json\/wp\/v2\/media?parent=9958"}],"wp:term":[{"taxonomy":"product_brand","embeddable":true,"href":"https:\/\/ziolazycia.com\/nowa\/wp-json\/wp\/v2\/product_brand?post=9958"},{"taxonomy":"product_cat","embeddable":true,"href":"https:\/\/ziolazycia.com\/nowa\/wp-json\/wp\/v2\/product_cat?post=9958"},{"taxonomy":"product_tag","embeddable":true,"href":"https:\/\/ziolazycia.com\/nowa\/wp-json\/wp\/v2\/product_tag?post=9958"}],"curies":[{"name":"wp","href":"https:\/\/api.w.org\/{rel}","templated":true}]}}