{"id":9956,"date":"2024-10-14T18:11:46","date_gmt":"2024-10-14T16:11:46","guid":{"rendered":"https:\/\/ziolazycia.com\/nowa\/?post_type=product&#038;p=9956"},"modified":"2025-11-26T15:59:30","modified_gmt":"2025-11-26T14:59:30","slug":"powrot-do-zycia-autor-jim-b-tucker","status":"publish","type":"product","link":"https:\/\/ziolazycia.com\/nowa\/product\/powrot-do-zycia-autor-jim-b-tucker\/","title":{"rendered":"Powr\u00f3t do \u017cycia. Autor: Jim B.Tucker"},"content":{"rendered":"<div id=\"description\" class=\"tab-pane fade active show\" role=\"tabpanel\" aria-labelledby=\"description-tab\">\n<div class=\"p-0 m-0 mt-4 T1L\">\n<div class=\"T1L ps-2 pe-2 ps-md-1 pe-md-1 overflow-auto\">\n<h2 class=\"H4R mb-2\">Opis od wydawcy<\/h2>\n<p class=\"m-0 pt-1 pb-1\">Doktor Jim Tucker, psychiatra i badacz z University of Virginia, przeprowadzi\u0142 liczne wywiady z dzie\u0107mi, kt\u00f3re od najm\u0142odszych lat opowiada\u0142y o szczeg\u00f3\u0142owych wydarzeniach z \u017cycia os\u00f3b zmar\u0142ych przed ich urodzeniem. Opisywa\u0142y one miejsca, ludzi, zdarzenia, a nawet przedmioty zwi\u0105zane z tymi osobami. Cz\u0119sto robi\u0142y to z zaskakuj\u0105c\u0105 dok\u0142adno\u015bci\u0105 co mog\u0142o \u015bwiadczy\u0107 o tym, \u017ce pami\u0119taj\u0105 swoje dawne \u017cycie.<\/p>\n<p class=\"m-0 pt-1 pb-1\">Czytelnicy poznaj\u0105 ch\u0142opca, kt\u00f3ry opisuje dawne \u017cycie na ma\u0142ej wyspie. Gdy Tucker zabiera go na t\u0119 wysp\u0119, znajduje szczeg\u00f3\u0142y, kt\u00f3re dok\u0142adnie pasuj\u0105 do jego s\u0142\u00f3w. Inny ch\u0142opiec pokazuje fotografi\u0119 z lat 30. XX wieku, na kt\u00f3rej rozpoznaje sam siebie. Po wielu wysi\u0142kach zmierzaj\u0105cych do identyfikacji m\u0119\u017cczyzny ze zdj\u0119cia okaza\u0142o si\u0119, \u017ce liczne wspomnienia ch\u0142opca odpowiadaj\u0105 elementom \u017cyciorysu tego m\u0119\u017cczyzny. Inny ch\u0142opiec wkr\u00f3tce po swoich drugich urodzinach zaczyna dzieli\u0107 si\u0119 wspomnieniami pilota z II wojny \u015bwiatowej, kt\u00f3rego uda\u0142o si\u0119 zidentyfikowa\u0107.<\/p>\n<div class=\"avatar-gutter ng-tns-c80800739-35 ng-star-inserted\">\n<div class=\"bard-avatar ng-tns-c1535496989-36\">\n<div class=\"avatar-container ng-tns-c1535496989-36 ng-trigger ng-trigger-scaleDown\"><\/div>\n<\/div>\n<\/div>\n<div class=\"response-container-content ng-tns-c80800739-35\">\n<div class=\"response-content ng-tns-c80800739-35\">\n<div class=\"markdown markdown-main-panel\" dir=\"ltr\">\n<h3 data-sourcepos=\"10:1-10:34\">Co wi\u0119c czyni t\u0119 ksi\u0105\u017ck\u0119 wyj\u0105tkow\u0105?<\/h3>\n<ul data-sourcepos=\"11:1-14:0\">\n<li data-sourcepos=\"11:1-11:237\"><strong>Dok\u0142adna weryfikacja:<\/strong> Tucker nie poprzesta\u0142 na zebraniu anegdot. Podj\u0105\u0142 si\u0119 \u017cmudnej pracy weryfikacji podawanych przez dzieci informacji, por\u00f3wnuj\u0105c je z dost\u0119pnymi dokumentami, relacjami \u015bwiadk\u00f3w i przeprowadzaj\u0105c w\u0142asne \u015bledztwa.<\/li>\n<li data-sourcepos=\"12:1-12:156\"><strong>R\u00f3\u017cnorodno\u015b\u0107 przypadk\u00f3w:<\/strong> Autor prezentuje szeroki wachlarz przypadk\u00f3w, pochodz\u0105cych z r\u00f3\u017cnych kultur i \u015brodowisk, co zwi\u0119ksza wiarygodno\u015b\u0107 jego bada\u0144.<\/li>\n<li data-sourcepos=\"13:1-14:0\"><strong>Naukowe podej\u015bcie:<\/strong> Tucker, cho\u0107 bada zjawisko na pograniczu nauki i duchowo\u015bci, podchodzi do swoich bada\u0144 z naukow\u0105 rzetelno\u015bci\u0105, staraj\u0105c si\u0119 wyja\u015bni\u0107 zjawisko reinkarnacji w kategoriach mo\u017cliwych do zweryfikowania.<\/li>\n<\/ul>\n<\/div>\n<\/div>\n<\/div>\n<p class=\"m-0 pt-1 pb-1\"><b>Prowokuj\u0105ca i fascynuj\u0105ca ksi\u0105\u017cka <i>Powr\u00f3t do \u017cycia<\/i> to propozycja nowego spojrzenia na kwesti\u0119 \u017cycia po \u015bmierci.<\/b><\/p>\n<\/div>\n<\/div>\n<\/div>\n<p><strong>Wydawnictwo:<\/strong> \u00a0\u00a0\u00a0\u00a0\u00a0\u00a0 Purana<br \/>\n<strong>Rok wydania<\/strong>:\u00a0\u00a0\u00a0\u00a0\u00a0\u00a0\u00a0\u00a0\u00a0 2022<br \/>\n<strong>Liczba stron:\u00a0\u00a0 <\/strong>\u00a0\u00a0\u00a0\u00a0\u00a0\u00a0\u00a0 254<br \/>\n<strong>Ok\u0142adka:<\/strong> \u00a0\u00a0\u00a0\u00a0\u00a0\u00a0\u00a0\u00a0\u00a0\u00a0\u00a0\u00a0\u00a0\u00a0\u00a0\u00a0 Mi\u0119kka<br \/>\n<strong>Format [mm]:\u00a0<\/strong> \u00a0\u00a0\u00a0\u00a0\u00a0\u00a0\u00a0 145 x 210<\/p>\n","protected":false},"excerpt":{"rendered":"<p data-sourcepos=\"3:1-3:319\"><strong>Ksi\u0105\u017cka &#8222;Powr\u00f3t do \u017cycia&#8221; Jima B. Tuckera<\/strong> to fascynuj\u0105ca podr\u00f3\u017c w \u015bwiat dzieci\u0119cych wspomnie\u0144, kt\u00f3re zdaj\u0105 si\u0119 si\u0119ga\u0107 poza granice obecnego \u017cycia. Autor, przez wiele lat badaj\u0105c przypadki dzieci twierdz\u0105cych, \u017ce pami\u0119taj\u0105 swoje poprzednie wcielenia, dostarcza nam przekonuj\u0105cych dowod\u00f3w na istnienie tego zjawiska. To propozycja zag\u0142\u0119bienia si\u0119 w tajemnice reinkarnacji.<\/p>\n","protected":false},"featured_media":9957,"comment_status":"open","ping_status":"closed","template":"","meta":[],"product_brand":[],"product_cat":[66],"product_tag":[],"class_list":{"0":"post-9956","1":"product","2":"type-product","3":"status-publish","4":"has-post-thumbnail","6":"product_cat-ksiazki","8":"first","9":"instock","10":"sale","11":"taxable","12":"shipping-taxable","13":"purchasable","14":"product-type-simple"},"_links":{"self":[{"href":"https:\/\/ziolazycia.com\/nowa\/wp-json\/wp\/v2\/product\/9956","targetHints":{"allow":["GET"]}}],"collection":[{"href":"https:\/\/ziolazycia.com\/nowa\/wp-json\/wp\/v2\/product"}],"about":[{"href":"https:\/\/ziolazycia.com\/nowa\/wp-json\/wp\/v2\/types\/product"}],"replies":[{"embeddable":true,"href":"https:\/\/ziolazycia.com\/nowa\/wp-json\/wp\/v2\/comments?post=9956"}],"wp:featuredmedia":[{"embeddable":true,"href":"https:\/\/ziolazycia.com\/nowa\/wp-json\/wp\/v2\/media\/9957"}],"wp:attachment":[{"href":"https:\/\/ziolazycia.com\/nowa\/wp-json\/wp\/v2\/media?parent=9956"}],"wp:term":[{"taxonomy":"product_brand","embeddable":true,"href":"https:\/\/ziolazycia.com\/nowa\/wp-json\/wp\/v2\/product_brand?post=9956"},{"taxonomy":"product_cat","embeddable":true,"href":"https:\/\/ziolazycia.com\/nowa\/wp-json\/wp\/v2\/product_cat?post=9956"},{"taxonomy":"product_tag","embeddable":true,"href":"https:\/\/ziolazycia.com\/nowa\/wp-json\/wp\/v2\/product_tag?post=9956"}],"curies":[{"name":"wp","href":"https:\/\/api.w.org\/{rel}","templated":true}]}}