{"id":9952,"date":"2024-10-14T17:23:06","date_gmt":"2024-10-14T15:23:06","guid":{"rendered":"https:\/\/ziolazycia.com\/nowa\/?post_type=product&#038;p=9952"},"modified":"2025-11-26T15:59:30","modified_gmt":"2025-11-26T14:59:30","slug":"nic-mnie-nie-zlamie-zapanuj-nad-swoim-umyslem-i-pokonaj-przeciwnosci-losu-autor-david-goggins","status":"publish","type":"product","link":"https:\/\/ziolazycia.com\/nowa\/product\/nic-mnie-nie-zlamie-zapanuj-nad-swoim-umyslem-i-pokonaj-przeciwnosci-losu-autor-david-goggins\/","title":{"rendered":"Nic mnie nie z\u0142amie. Zapanuj nad swoim umys\u0142em i pokonaj przeciwno\u015bci losu. Autor: David Goggins"},"content":{"rendered":"<p>Odwo\u0142uj\u0105c si\u0119 do swoich w\u0142asnych do\u015bwiadcze\u0144 David Goggins pokazuje czytelnikowi, \u017ce konsekwentne d\u0105\u017cenie do celu zawsze pop\u0142aca. Je\u017celi b\u0119dziemy odpowiednio zmotywowani i zaanga\u017cowani, osi\u0105gniemy dok\u0142adnie to, co zamierzali\u015bmy, cho\u0107 \u0142atwo nie b\u0119dzie. Autor zaznacza, \u017ce jego zdaniem ludzie nie wykorzystuj\u0105 pe\u0142ni swoich mo\u017cliwo\u015bci i to w\u0142a\u015bnie dlatego mierz\u0105 si\u0119 cz\u0119sto z cierpieniem i zawodami.<\/p>\n<p>Dzi\u0119ki lekturze ksi\u0105\u017cki &#8222;Nic mnie nie z\u0142amie&#8221; mo\u017cna spojrze\u0107 na swoje mocne i s\u0142abe strony z zupe\u0142nie innej perspektywy. To pierwszy krok do wykorzystania szans oraz mo\u017cliwo\u015bci, kt\u00f3re mamy przed sob\u0105, cho\u0107 z r\u00f3\u017cnych wzgl\u0119d\u00f3w mo\u017cemy ich nie dostrzega\u0107.<\/p>\n<h3 data-sourcepos=\"9:1-9:27\">O czym jest ta ksi\u0105\u017cka?<\/h3>\n<ul data-sourcepos=\"11:1-15:0\">\n<li data-sourcepos=\"11:1-11:224\"><strong>O przekraczaniu w\u0142asnych granic.<\/strong> Goggins opisuje swoje do\u015bwiadczenia z najtrudniejszych trening\u00f3w wojskowych, ultramaraton\u00f3w i innych ekstremalnych wyzwa\u0144, pokazuj\u0105c, \u017ce ludzki organizm jest zdolny do znacznie wi\u0119cej ni\u017c my\u015blimy.<\/li>\n<li data-sourcepos=\"12:1-12:225\"><strong>O sile umys\u0142u.<\/strong> Autor podkre\u015bla, \u017ce to w\u0142a\u015bnie umys\u0142 decyduje o naszych sukcesach i pora\u017ckach. Dzieli si\u0119 technikami mentalnymi, kt\u00f3re pozwalaj\u0105 zapanowa\u0107 nad strachem, w\u0105tpliwo\u015bciami i osi\u0105gn\u0105\u0107 stan &#8222;mentalnej twardo\u015bci&#8221;.<\/li>\n<li data-sourcepos=\"13:1-13:167\"><strong>O motywacji. <\/strong>Ksi\u0105\u017cka jest pe\u0142na inspiruj\u0105cych historii, kt\u00f3re motywuj\u0105 do dzia\u0142ania i pokazuj\u0105, \u017ce ka\u017cdy z nas ma w sobie potencja\u0142 do osi\u0105gni\u0119cia wielkich rzeczy.<\/li>\n<li data-sourcepos=\"14:1-15:0\"><strong>I o dyscyplinie. <\/strong>Goggins podkre\u015bla znaczenie dyscypliny i konsekwencji w d\u0105\u017ceniu do celu. Pokazuje, jak wyrzeczenia i ci\u0119\u017cka praca prowadz\u0105 do trwa\u0142ych zmian.<\/li>\n<\/ul>\n<p>Ksi\u0105\u017cka zmusza do g\u0142\u0119bokiej refleksji nad w\u0142asnym \u017cyciem i pozwala spojrze\u0107 na przeciwno\u015bci losu jako na okazj\u0119 do rozwoju.<\/p>\n<p>Je\u015bli chcesz przekroczy\u0107 swoje w\u0142asne granice i odkry\u0107 drzemi\u0105cy w Tobie potencja\u0142, &#8222;Nic mnie nie z\u0142amie&#8221; jest ksi\u0105\u017ck\u0105, kt\u00f3rej musisz przeczyta\u0107.<\/p>\n<p><strong>Wydawnictwo:<\/strong>\u00a0\u00a0\u00a0\u00a0\u00a0\u00a0\u00a0 Galaktyka<br \/>\n<strong>Rok wydania<\/strong>:\u00a0\u00a0\u00a0\u00a0\u00a0\u00a0\u00a0\u00a0\u00a0 2023<br \/>\n<strong>Liczba stron:\u00a0\u00a0 <\/strong>\u00a0\u00a0\u00a0\u00a0\u00a0\u00a0\u00a0 368<br \/>\n<strong>Ok\u0142adka:<\/strong> \u00a0\u00a0\u00a0\u00a0\u00a0\u00a0\u00a0\u00a0\u00a0\u00a0\u00a0\u00a0\u00a0\u00a0\u00a0\u00a0 Mi\u0119kka<br \/>\n<strong>Format [mm]:\u00a0<\/strong> \u00a0\u00a0\u00a0\u00a0\u00a0\u00a0\u00a0 152 x 227<\/p>\n","protected":false},"excerpt":{"rendered":"<p>&#8222;Nic mnie nie z\u0142amie&#8221; to nie jest zwyk\u0142a ksi\u0105\u017cka o samorozwoju.<\/p>\n<p>To brutalnie szczera i inspiruj\u0105ca autobiografia Davida Gogginsa, by\u0142ego Navy SEAL, ultramarato\u0144czyka i motywacyjnego m\u00f3wcy, kt\u00f3ry przekszta\u0142ci\u0142 swoje \u017cycie z n\u0119dzy i beznadziei w niezwyk\u0142\u0105 histori\u0119 o sile woli i determinacji. David Goggins w swojej autobiograficznej ksi\u0105\u017cce &#8222;Nic mnie nie z\u0142amie&#8221; przekonuje, jak wiele mo\u017cna zyska\u0107 dzi\u0119ki sobie samemu.<\/p>\n","protected":false},"featured_media":9953,"comment_status":"open","ping_status":"closed","template":"","meta":[],"product_brand":[],"product_cat":[66],"product_tag":[],"class_list":{"0":"post-9952","1":"product","2":"type-product","3":"status-publish","4":"has-post-thumbnail","6":"product_cat-ksiazki","8":"first","9":"instock","10":"sale","11":"taxable","12":"shipping-taxable","13":"purchasable","14":"product-type-simple"},"_links":{"self":[{"href":"https:\/\/ziolazycia.com\/nowa\/wp-json\/wp\/v2\/product\/9952","targetHints":{"allow":["GET"]}}],"collection":[{"href":"https:\/\/ziolazycia.com\/nowa\/wp-json\/wp\/v2\/product"}],"about":[{"href":"https:\/\/ziolazycia.com\/nowa\/wp-json\/wp\/v2\/types\/product"}],"replies":[{"embeddable":true,"href":"https:\/\/ziolazycia.com\/nowa\/wp-json\/wp\/v2\/comments?post=9952"}],"wp:featuredmedia":[{"embeddable":true,"href":"https:\/\/ziolazycia.com\/nowa\/wp-json\/wp\/v2\/media\/9953"}],"wp:attachment":[{"href":"https:\/\/ziolazycia.com\/nowa\/wp-json\/wp\/v2\/media?parent=9952"}],"wp:term":[{"taxonomy":"product_brand","embeddable":true,"href":"https:\/\/ziolazycia.com\/nowa\/wp-json\/wp\/v2\/product_brand?post=9952"},{"taxonomy":"product_cat","embeddable":true,"href":"https:\/\/ziolazycia.com\/nowa\/wp-json\/wp\/v2\/product_cat?post=9952"},{"taxonomy":"product_tag","embeddable":true,"href":"https:\/\/ziolazycia.com\/nowa\/wp-json\/wp\/v2\/product_tag?post=9952"}],"curies":[{"name":"wp","href":"https:\/\/api.w.org\/{rel}","templated":true}]}}