{"id":9948,"date":"2024-10-14T16:31:20","date_gmt":"2024-10-14T14:31:20","guid":{"rendered":"https:\/\/ziolazycia.com\/nowa\/?post_type=product&#038;p=9948"},"modified":"2025-11-26T15:59:30","modified_gmt":"2025-11-26T14:59:30","slug":"sztuka-afirmacji-uwolniona-potega-podswiadomosci-autor-dr-joseph-murphy","status":"publish","type":"product","link":"https:\/\/ziolazycia.com\/nowa\/product\/sztuka-afirmacji-uwolniona-potega-podswiadomosci-autor-dr-joseph-murphy\/","title":{"rendered":"Sztuka afirmacji. Uwolniona pot\u0119ga pod\u015bwiadomo\u015bci. Autor: dr Joseph Murphy"},"content":{"rendered":"<div class=\"avatar-gutter ng-tns-c80800739-83 ng-star-inserted\">\n<div class=\"bard-avatar ng-tns-c1535496989-84\">\n<div class=\"avatar-container ng-tns-c1535496989-84 ng-trigger ng-trigger-scaleDown\"><\/div>\n<\/div>\n<\/div>\n<div class=\"response-container-content ng-tns-c80800739-83\">\n<div class=\"response-content ng-tns-c80800739-83\">\n<div class=\"markdown markdown-main-panel\" dir=\"ltr\">\n<p data-sourcepos=\"5:1-5:328\">Ksi\u0105\u017cka dr Josepha Murphy&#8217;ego &#8222;Sztuka Afirmacji&#8221; to prawdziwa skarbnica wiedzy o tym, jak wykorzysta\u0107 moc w\u0142asnego umys\u0142u do osi\u0105gni\u0119cia szcz\u0119\u015bcia, sukcesu i spe\u0142nienia. Autor przekonuje, \u017ce nasze my\u015bli maj\u0105 ogromn\u0105 moc kszta\u0142towania naszej rzeczywisto\u015bci, a afirmacje s\u0105 pot\u0119\u017cnym narz\u0119dziem do przeprogramowania pod\u015bwiadomo\u015bci.<\/p>\n<h3 data-sourcepos=\"7:1-7:27\">O czym jest ta ksi\u0105\u017cka?<\/h3>\n<p data-sourcepos=\"9:1-9:369\">W swojej ksi\u0105\u017cce dr Murphy szczeg\u00f3\u0142owo wyja\u015bnia, jak dzia\u0142a ludzki umys\u0142 i jak nasze my\u015bli wp\u0142ywaj\u0105 na nasze \u017cycie. Przedstawia koncepcj\u0119 pod\u015bwiadomo\u015bci jako pot\u0119\u017cnej si\u0142y, kt\u00f3ra steruje wi\u0119kszo\u015bci\u0105 naszych dzia\u0142a\u0144 i decyzji. Autor przekonuje, \u017ce poprzez \u015bwiadome formu\u0142owanie afirmacji mo\u017cemy zmieni\u0107 negatywne przekonania i wzorce my\u015blowe, zast\u0119puj\u0105c je pozytywnymi.<\/p>\n<\/div>\n<\/div>\n<\/div>\n<h3 data-sourcepos=\"13:1-13:41\">Dlaczego warto przeczyta\u0107 t\u0119 ksi\u0105\u017ck\u0119?<\/h3>\n<ul data-sourcepos=\"15:1-19:0\">\n<li data-sourcepos=\"15:1-15:190\"><strong>Praktyczne wskaz\u00f3wki:<\/strong> Ksi\u0105\u017cka zawiera wiele konkretnych przyk\u0142ad\u00f3w afirmacji, kt\u00f3re mo\u017cna zastosowa\u0107 w r\u00f3\u017cnych obszarach \u017cycia, takich jak zdrowie, mi\u0142o\u015b\u0107, finanse czy rozw\u00f3j osobisty.<\/li>\n<li data-sourcepos=\"16:1-16:135\"><strong>G\u0142\u0119bokie zrozumienie umys\u0142u:<\/strong> Dr Murphy wyja\u015bnia z\u0142o\u017cone mechanizmy dzia\u0142ania umys\u0142u w spos\u00f3b przyst\u0119pny i zrozumia\u0142y dla ka\u017cdego.<\/li>\n<li data-sourcepos=\"17:1-17:114\"><strong>Inspiruj\u0105ce historie:<\/strong> Autor przytacza liczne historie ludzi, kt\u00f3rzy dzi\u0119ki afirmacjom odmienili swoje \u017cycie.<\/li>\n<li data-sourcepos=\"18:1-19:0\"><strong>Uniwersalne przes\u0142anie:<\/strong> Ksi\u0105\u017cka jest skierowana do os\u00f3b w ka\u017cdym wieku i niezale\u017cnie od wyznania czy przekona\u0144.<\/li>\n<\/ul>\n<h3 data-sourcepos=\"20:1-20:37\">Czego nauczysz si\u0119 z tej ksi\u0105\u017cki?<\/h3>\n<ul data-sourcepos=\"22:1-27:0\">\n<li data-sourcepos=\"22:1-22:37\">Jak formu\u0142owa\u0107 skuteczne afirmacje.<\/li>\n<li data-sourcepos=\"23:1-23:35\">Jak wykorzysta\u0107 moc wizualizacji.<\/li>\n<li data-sourcepos=\"24:1-24:45\">Jak przezwyci\u0119\u017cy\u0107 negatywne my\u015bli i emocje.<\/li>\n<li data-sourcepos=\"25:1-25:50\">Jak osi\u0105gn\u0105\u0107 wi\u0119ksz\u0105 pewno\u015b\u0107 siebie i motywacj\u0119.<\/li>\n<li data-sourcepos=\"26:1-27:0\">Jak przyci\u0105gn\u0105\u0107 do swojego \u017cycia to, czego pragniesz.<\/li>\n<\/ul>\n<h3 data-sourcepos=\"28:1-28:29\">Dla kogo jest ta ksi\u0105\u017cka?<\/h3>\n<ul data-sourcepos=\"30:1-33:0\">\n<li data-sourcepos=\"30:1-30:175\"><strong>Dla os\u00f3b chc\u0105cych poprawi\u0107 jako\u015b\u0107 swojego \u017cycia:<\/strong> Je\u015bli marzysz o wi\u0119kszym szcz\u0119\u015bciu, sukcesie czy spe\u0142nieniu, ta ksi\u0105\u017cka dostarczy Ci narz\u0119dzi do osi\u0105gni\u0119cia tych cel\u00f3w.<\/li>\n<li data-sourcepos=\"31:1-31:132\"><strong>Dla os\u00f3b zmagaj\u0105cych si\u0119 z negatywnymi przekonaniami:<\/strong> Afirmacje mog\u0105 pom\u00f3c w przezwyci\u0119\u017ceniu ogranicze\u0144 i uwierzeniu w siebie.<\/li>\n<li data-sourcepos=\"32:1-33:0\"><strong>Dla os\u00f3b zainteresowanych rozwojem osobistym:<\/strong> Ksi\u0105\u017cka jest doskona\u0142ym uzupe\u0142nieniem innych praktyk rozwojowych, takich jak medytacja czy coaching.<\/li>\n<\/ul>\n<p>&#8222;Sztuka Afirmacji&#8221; to ksi\u0105\u017cka, kt\u00f3ra mo\u017ce zmieni\u0107 Twoje \u017cycie. Dzi\u0119ki niej odkryjesz, \u017ce masz w sobie ogromny potencja\u0142, kt\u00f3ry mo\u017cesz wykorzysta\u0107 do osi\u0105gni\u0119cia swoich marze\u0144. Pami\u0119taj, \u017ce s\u0142owa maj\u0105 moc, a pozytywne afirmacje mog\u0105 przekszta\u0142ci\u0107 Twoje \u017cycie.<\/p>\n<p><strong>Wydawnictwo:<\/strong> \u00a0\u00a0\u00a0\u00a0 Sensus<br \/>\n<strong>Rok wydania<\/strong>:\u00a0\u00a0\u00a0\u00a0\u00a0\u00a0\u00a0 2022<br \/>\n<strong>Liczba stron:\u00a0\u00a0 <\/strong>\u00a0\u00a0\u00a0\u00a0\u00a0 296<br \/>\n<strong>Ok\u0142adka:<\/strong> \u00a0\u00a0\u00a0\u00a0\u00a0\u00a0\u00a0\u00a0\u00a0\u00a0\u00a0\u00a0\u00a0\u00a0 Mi\u0119kka<br \/>\n<strong>Format [mm]:\u00a0<\/strong> \u00a0\u00a0\u00a0\u00a0\u00a0 145 x 215<\/p>\n","protected":false},"excerpt":{"rendered":"<h3><strong>Kolejny bestseller autora &#8222;Pot\u0119gi pod\u015bwiadomo\u015bci&#8221;. Joseph Murphy wyja\u015bnia, czym jest afirmacja i jak przenosi\u0107 marzenia do w\u0142asnej pod\u015bwiadomo\u015bci!<\/strong><\/h3>\n<p><strong>Odkryj si\u0142\u0119 swoich my\u015bli i stw\u00f3rz rzeczywisto\u015b\u0107, o jakiej marzysz.<\/strong><\/p>\n<p>&nbsp;<\/p>\n<p>&nbsp;<\/p>\n","protected":false},"featured_media":9949,"comment_status":"open","ping_status":"closed","template":"","meta":[],"product_brand":[],"product_cat":[66],"product_tag":[],"class_list":{"0":"post-9948","1":"product","2":"type-product","3":"status-publish","4":"has-post-thumbnail","6":"product_cat-ksiazki","8":"first","9":"outofstock","10":"taxable","11":"shipping-taxable","12":"purchasable","13":"product-type-simple"},"_links":{"self":[{"href":"https:\/\/ziolazycia.com\/nowa\/wp-json\/wp\/v2\/product\/9948","targetHints":{"allow":["GET"]}}],"collection":[{"href":"https:\/\/ziolazycia.com\/nowa\/wp-json\/wp\/v2\/product"}],"about":[{"href":"https:\/\/ziolazycia.com\/nowa\/wp-json\/wp\/v2\/types\/product"}],"replies":[{"embeddable":true,"href":"https:\/\/ziolazycia.com\/nowa\/wp-json\/wp\/v2\/comments?post=9948"}],"wp:featuredmedia":[{"embeddable":true,"href":"https:\/\/ziolazycia.com\/nowa\/wp-json\/wp\/v2\/media\/9949"}],"wp:attachment":[{"href":"https:\/\/ziolazycia.com\/nowa\/wp-json\/wp\/v2\/media?parent=9948"}],"wp:term":[{"taxonomy":"product_brand","embeddable":true,"href":"https:\/\/ziolazycia.com\/nowa\/wp-json\/wp\/v2\/product_brand?post=9948"},{"taxonomy":"product_cat","embeddable":true,"href":"https:\/\/ziolazycia.com\/nowa\/wp-json\/wp\/v2\/product_cat?post=9948"},{"taxonomy":"product_tag","embeddable":true,"href":"https:\/\/ziolazycia.com\/nowa\/wp-json\/wp\/v2\/product_tag?post=9948"}],"curies":[{"name":"wp","href":"https:\/\/api.w.org\/{rel}","templated":true}]}}