{"id":9938,"date":"2024-10-14T15:16:17","date_gmt":"2024-10-14T13:16:17","guid":{"rendered":"https:\/\/ziolazycia.com\/nowa\/?post_type=product&#038;p=9938"},"modified":"2025-11-26T15:59:28","modified_gmt":"2025-11-26T14:59:28","slug":"rozszerzone-oczyszczanie-watroby-i-woreczka-zolciowego-autor-andreas-moritz","status":"publish","type":"product","link":"https:\/\/ziolazycia.com\/nowa\/product\/rozszerzone-oczyszczanie-watroby-i-woreczka-zolciowego-autor-andreas-moritz\/","title":{"rendered":"Rozszerzone oczyszczanie w\u0105troby i woreczka \u017c\u00f3\u0142ciowego Autor: Andreas Moritz"},"content":{"rendered":"<h3 data-sourcepos=\"5:1-5:47\"><strong>Na czym polega oczyszczanie wed\u0142ug Moritza?<\/strong><\/h3>\n<p data-sourcepos=\"7:1-7:48\">Metoda Moritza jest do\u015b\u0107 szczeg\u00f3\u0142owa i obejmuje:<\/p>\n<ul data-sourcepos=\"9:1-12:0\">\n<li data-sourcepos=\"9:1-9:118\"><strong>Diet\u0119 przygotowawcz\u0105:<\/strong> Kilkudniowa dieta bogata w owoce, warzywa i soki, ma przygotowa\u0107 organizm do oczyszczania.<\/li>\n<li data-sourcepos=\"10:1-10:112\"><strong>S\u00f3l Epsom:<\/strong> W dniu oczyszczania pije si\u0119 roztw\u00f3r soli Epsom, kt\u00f3ry ma pom\u00f3c w rozlu\u017anieniu dr\u00f3g \u017c\u00f3\u0142ciowych.<\/li>\n<li data-sourcepos=\"11:1-12:0\"><strong>Mieszanka olejowa:<\/strong> Wieczorem wypija si\u0119 mieszank\u0119 oleju oliwy z oliwek i soku z grejpfruta, kt\u00f3ra ma wyp\u0142uka\u0107 kamienie z w\u0105troby.<\/li>\n<\/ul>\n<h3 data-sourcepos=\"13:1-13:34\"><strong>Jakie s\u0105 za\u0142o\u017cenia tej metody?<\/strong><\/h3>\n<p data-sourcepos=\"15:1-15:20\">Moritz twierdzi, \u017ce:<\/p>\n<ul data-sourcepos=\"17:1-20:0\">\n<li data-sourcepos=\"17:1-17:91\">Kamienie \u017c\u00f3\u0142ciowe s\u0105 przyczyn\u0105 wielu chor\u00f3b, takich jak alergie, astma czy choroby serca.<\/li>\n<li data-sourcepos=\"18:1-18:71\">Oczyszczanie w\u0105troby pozwala usun\u0105\u0107 te kamienie i przywr\u00f3ci\u0107 zdrowie.<\/li>\n<li data-sourcepos=\"19:1-20:0\">Metoda jest bezpieczna i mo\u017ce by\u0107 stosowana przez ka\u017cdego.<\/li>\n<\/ul>\n<h3 data-sourcepos=\"21:1-21:52\"><strong>Czy oczyszczanie wed\u0142ug Moritza jest bezpieczne?<\/strong><\/h3>\n<p data-sourcepos=\"23:1-23:124\"><strong>Nale\u017cy podkre\u015bli\u0107, \u017ce nie ma wystarczaj\u0105cych naukowych dowod\u00f3w potwierdzaj\u0105cych skuteczno\u015b\u0107 i bezpiecze\u0144stwo tej metody.<\/strong><\/p>\n<ul data-sourcepos=\"25:1-31:0\">\n<li data-sourcepos=\"25:1-25:166\"><strong>Brak bada\u0144:<\/strong> Brakuje wysokiej jako\u015bci bada\u0144 klinicznych, kt\u00f3re potwierdza\u0142yby, \u017ce oczyszczanie w\u0105troby w ten spos\u00f3b usuwa kamienie \u017c\u00f3\u0142ciowe lub poprawia zdrowie.<\/li>\n<li data-sourcepos=\"26:1-31:0\"><strong>Ryzyko:<\/strong> Niekt\u00f3re sk\u0142adniki stosowane podczas oczyszczania mog\u0105 powodowa\u0107 skutki uboczne, takie jak:\n<ul data-sourcepos=\"27:5-31:0\">\n<li data-sourcepos=\"27:5-27:14\">Biegunka<\/li>\n<li data-sourcepos=\"28:5-28:14\">Nudno\u015bci<\/li>\n<li data-sourcepos=\"29:5-29:19\">Zawroty g\u0142owy<\/li>\n<li data-sourcepos=\"30:5-31:0\">B\u00f3le brzucha<\/li>\n<\/ul>\n<\/li>\n<\/ul>\n<p>Chocia\u017c metoda Moritza cieszy si\u0119 du\u017c\u0105 popularno\u015bci\u0105, warto podej\u015b\u0107 do niej z du\u017c\u0105 ostro\u017cno\u015bci\u0105. <strong>Przed podj\u0119ciem decyzji o oczyszczaniu w\u0105troby, skonsultuj si\u0119 z lekarzem.<\/strong><\/p>\n<p><strong>Wydawnictwo:<\/strong> \u00a0\u00a0\u00a0 Vital<br \/>\n<strong>Rok wydania<\/strong>:\u00a0\u00a0\u00a0\u00a0\u00a0\u00a0 2023 wyd. 2<br \/>\n<strong>Liczba stron:\u00a0\u00a0 <\/strong>\u00a0\u00a0\u00a0\u00a0 472<br \/>\n<strong>Ok\u0142adka:<\/strong> \u00a0\u00a0\u00a0\u00a0\u00a0\u00a0\u00a0\u00a0\u00a0\u00a0\u00a0\u00a0\u00a0 Mi\u0119kka<br \/>\n<strong>Format [mm]:\u00a0<\/strong> \u00a0\u00a0\u00a0\u00a0 160 x 240<\/p>\n","protected":false},"excerpt":{"rendered":"<p><strong>Andreas Moritz<\/strong> jest autorem popularnej metody oczyszczania w\u0105troby i woreczka \u017c\u00f3\u0142ciowego, kt\u00f3r\u0105 opisuje w swojej ksi\u0105\u017cce o tym samym tytule. Jego podej\u015bcie opiera si\u0119 na przekonaniu, \u017ce kamienie \u017c\u00f3\u0142ciowe s\u0105 przyczyn\u0105 wielu chor\u00f3b i mog\u0105 by\u0107 usuni\u0119te w domowych warunkach za pomoc\u0105 naturalnych \u015brodk\u00f3w.<\/p>\n","protected":false},"featured_media":9939,"comment_status":"open","ping_status":"closed","template":"","meta":[],"product_brand":[],"product_cat":[66],"product_tag":[],"class_list":{"0":"post-9938","1":"product","2":"type-product","3":"status-publish","4":"has-post-thumbnail","6":"product_cat-ksiazki","8":"first","9":"instock","10":"taxable","11":"shipping-taxable","12":"purchasable","13":"product-type-simple"},"_links":{"self":[{"href":"https:\/\/ziolazycia.com\/nowa\/wp-json\/wp\/v2\/product\/9938","targetHints":{"allow":["GET"]}}],"collection":[{"href":"https:\/\/ziolazycia.com\/nowa\/wp-json\/wp\/v2\/product"}],"about":[{"href":"https:\/\/ziolazycia.com\/nowa\/wp-json\/wp\/v2\/types\/product"}],"replies":[{"embeddable":true,"href":"https:\/\/ziolazycia.com\/nowa\/wp-json\/wp\/v2\/comments?post=9938"}],"wp:featuredmedia":[{"embeddable":true,"href":"https:\/\/ziolazycia.com\/nowa\/wp-json\/wp\/v2\/media\/9939"}],"wp:attachment":[{"href":"https:\/\/ziolazycia.com\/nowa\/wp-json\/wp\/v2\/media?parent=9938"}],"wp:term":[{"taxonomy":"product_brand","embeddable":true,"href":"https:\/\/ziolazycia.com\/nowa\/wp-json\/wp\/v2\/product_brand?post=9938"},{"taxonomy":"product_cat","embeddable":true,"href":"https:\/\/ziolazycia.com\/nowa\/wp-json\/wp\/v2\/product_cat?post=9938"},{"taxonomy":"product_tag","embeddable":true,"href":"https:\/\/ziolazycia.com\/nowa\/wp-json\/wp\/v2\/product_tag?post=9938"}],"curies":[{"name":"wp","href":"https:\/\/api.w.org\/{rel}","templated":true}]}}