{"id":9932,"date":"2024-10-08T21:18:18","date_gmt":"2024-10-08T19:18:18","guid":{"rendered":"https:\/\/ziolazycia.com\/nowa\/?post_type=product&#038;p=9932"},"modified":"2025-11-26T15:59:28","modified_gmt":"2025-11-26T14:59:28","slug":"panax-ginseng-extractum-2500-mg-napoj-z-korzenia-zen-szenia-10-ampulek-x-10-ml","status":"publish","type":"product","link":"https:\/\/ziolazycia.com\/nowa\/product\/panax-ginseng-extractum-2500-mg-napoj-z-korzenia-zen-szenia-10-ampulek-x-10-ml\/","title":{"rendered":"Panax Ginseng Extractum 2500 mg &#8211; nap\u00f3j z korzenia \u017ce\u0144-szenia 10 ampu\u0142ek x 10 ml"},"content":{"rendered":"<div class=\"text-14 text-black scroll-spy-section\">\n<p><strong>Panax Ginseng Extractum<\/strong> to <strong>suplement diety<\/strong> w p\u0142ynnej postaci zawieraj\u0105cy w sk\u0142adzie sproszkowany 6-letni korze\u0144 \u017ce\u0144-szenia w\u0142a\u015bciwego (Panax ginseng C.A. Meyer). \u017be\u0144-sze\u0144 zawdzi\u0119cza swoje w\u0142a\u015bciwo\u015bci lecznicze licznym aktywnym substancjom, przede wszystkim ginsenozydom. Te zwi\u0105zki organiczne wykazuj\u0105 szerokie spektrum dzia\u0142ania wspieraj\u0105c m.in. prawid\u0142owe funkcjonowanie uk\u0142adu odporno\u015bciowego. Dodatkowo <a href=\"https:\/\/gemini.pl\/kategoria\/zdrowie\/witaminy-i-mineraly\/z-zen-szeniem\" rel=\"noopener\">\u017c<\/a>e\u0144-sze\u0144 mo\u017ce wspomaga\u0107 r\u00f3wnie\u017c zachowanie w\u0142a\u015bciwych funkcji poznawczych oraz ich popraw\u0119, gdy\u017c przyczynia si\u0119 do zachowania prawid\u0142owego kr\u0105\u017cenia krwi, kt\u00f3re zwi\u0105zane jest z wydajno\u015bci\u0105 i reaktywno\u015bci\u0105 m\u00f3zgu. Jednocze\u015bnie sk\u0142adnik ten wspiera naturaln\u0105 witalno\u015b\u0107, przyczyniaj\u0105c si\u0119 do zmniejszenia uczucia zm\u0119czenia i znu\u017cenia. Wykazuje dzia\u0142anie adaptogenne &#8211; pomaga organizmowi lepiej radzi\u0107 sobie ze stresem. Mo\u017ce \u0142agodzi\u0107 stany zapalne w organizmie i pomaga\u0107 skuteczniej zwalcza\u0107 infekcje.<\/p>\n<p><strong>Sk\u0142adniki Panax Ginseng Extractum 2500 mg: <\/strong>woda, sproszkowany korze\u0144 \u017ce\u0144-szenia w\u0142a\u015bciwego (Panax ginseng), mi\u00f3d.<\/p>\n<h3>Zalecane spo\u017cycie suplementu diety Panax Ginseng Extractum 2500 mg:<\/h3>\n<div class=\"text-14 text-black scroll-spy-section\">\n<ul>\n<li><strong>Doro\u015bli<\/strong><em><strong>:<\/strong><\/em> 1 ampu\u0142ka 1-2 razy dziennie.<\/li>\n<li>Zawarto\u015b\u0107 ampu\u0142ki nale\u017cy wypi\u0107 za pomoc\u0105 za\u0142\u0105czonej rurki.<\/li>\n<\/ul>\n<\/div>\n<div class=\"text-14 text-black scroll-spy-section\">\n<p><strong><u>1 ampu\u0142ka zawiera:<\/u><\/strong><\/p>\n<ul>\n<li>sproszkowany korze\u0144 \u017ce\u0144-szenia w\u0142a\u015bciwego 2500 mg, mi\u00f3d 3 g.<\/li>\n<\/ul>\n<p><strong><u>2 ampu\u0142ki\u00a0zawieraj\u0105:<\/u><\/strong><\/p>\n<ul>\n<li>sproszkowany korze\u0144 \u017ce\u0144-szenia w\u0142a\u015bciwego 5000 mg, mi\u00f3d 6 g<\/li>\n<\/ul>\n<p><u><strong>Warto\u015b\u0107 od\u017cywcza w 1 ampu\u0142ce (10 ml):<\/strong><br \/>\n<\/u>Warto\u015b\u0107 energetyczna Kcal\/KJ\u00a0&#8211; 9,07 \/ 38,0<br \/>\nBia\u0142ko\u00a0&#8211;\u00a00 mg<br \/>\nW\u0119glowodany\u00a0&#8211;\u00a02,27 g<br \/>\nT\u0142uszcz\u00a0&#8211;\u00a060 mg<\/p>\n<p><u><strong>Warto\u015b\u0107 od\u017cywcza w 2 ampu\u0142kach (20 ml):<\/strong><br \/>\n<\/u>Warto\u015b\u0107 energetyczna Kcal\/KJ &#8211; 18,14 \/ 76,0<br \/>\nBia\u0142ko\u00a0&#8211;\u00a00 mg<br \/>\nW\u0119glowodany &#8211; 4,54 g<br \/>\nT\u0142uszcz &#8211; 120 mg<\/p>\n<div class=\"last:mb-0 p-4 mb-4 rounded-lg bg-white\" data-scrolled=\"true\">\n<p class=\"text-19 mb-2 font-bold text-black\"><strong>Ostrze\u017cenia dotycz\u0105ce bezpiecze\u0144stwa stosowania:<\/strong><\/p>\n<div class=\"text-14 text-black scroll-spy-section\">\n<ul>\n<li>Produkt nie jest odpowiedni dla ma\u0142ych dzieci.<\/li>\n<li>Nie zaleca si\u0119 spo\u017cywania suplementu diety przez kobiety w ci\u0105\u017cy, karmi\u0105ce piersi\u0105 oraz w przypadku nadwra\u017cliwo\u015bci na kt\u00f3rykolwiek z jego sk\u0142adnik\u00f3w.<\/li>\n<li>Nale\u017cy zachowa\u0107 ostro\u017cno\u015b\u0107 w przypadku problem\u00f3w z ci\u015bnieniem krwi(nadci\u015bnienie), zaburzeniach krzepni\u0119cia krwi.<\/li>\n<li>Nie nale\u017cy przekracza\u0107 zalecanej dziennej porcji.<\/li>\n<li>Zr\u00f3wnowa\u017cony spos\u00f3b \u017cywienia i prawid\u0142owy tryb \u017cycia jest wa\u017cny dla funkcjonowania organizmu cz\u0142owieka.<\/li>\n<li>Suplement diety nie mo\u017ce by\u0107 stosowany jako substytut (zamiennik) zr\u00f3\u017cnicowanej diety.<\/li>\n<li><strong>Wa\u017cne:<\/strong> \u017be\u0144-sze\u0144 mo\u017ce wchodzi\u0107 w interakcje z niekt\u00f3rymi lekami<\/li>\n<\/ul>\n<p><strong>Spos\u00f3b przechowywania:<\/strong> przechowywa\u0107 w oryginalnym opakowaniu, w suchym i ch\u0142odnym miejscu, w spos\u00f3b niedost\u0119pny dla ma\u0142ych dzieci.<\/p>\n<\/div>\n<\/div>\n<div class=\"last:mb-0 p-4 mb-4 rounded-lg bg-white\" data-scrolled=\"true\">\n<p class=\"text-19 mb-2 font-bold text-black\"><strong>Obj\u0119to\u015b\u0107 netto<\/strong>: 100 ml (10 ml x 10 ampu\u0142ek)<\/p>\n<\/div>\n<div class=\"last:mb-0 p-4 mb-4 rounded-lg bg-white\" data-scrolled=\"true\">\n<p class=\"text-19 mb-2 font-bold text-black\"><strong>Producent:\u00a0\u00a0\u00a0\u00a0 <\/strong>Harbin Yeekong Herb Inc.<br \/>\nHarbin, Heilongjiang, Chiny<\/p>\n<\/div>\n<div class=\"last:mb-0 p-4 mb-4 rounded-lg bg-white\" data-scrolled=\"true\">\n<p class=\"text-19 mb-2 font-bold text-black\"><strong>Dystrybutor:<\/strong> \u00a0 Meridian<br \/>\nul. Mogielnicka 19<br \/>\n05-600 Gr\u00f3jec<\/p>\n<\/div>\n<\/div>\n<div class=\"last:mb-0 p-4 mb-4 rounded-lg bg-white\" data-scrolled=\"true\"><\/div>\n<\/div>\n","protected":false},"excerpt":{"rendered":"<h3><strong>\u017be\u0144-sze\u0144\u00a0 \u2013 skarb azjatyckiej medycyny<\/strong><\/h3>\n<p>Suplement diety<\/p>\n<p><strong>\u017be\u0144-sze\u0144 w\u0142a\u015bciwy<\/strong> (Panax ginseng) to ro\u015blina o d\u0142ugiej historii stosowania w tradycyjnej medycynie chi\u0144skiej. S\u0142ynie z wielu w\u0142a\u015bciwo\u015bci zdrowotnych, kt\u00f3re doceniano ju\u017c tysi\u0105ce lat temu. Znalaz\u0142 on swoje zastosowanie w dalekowschodnich recepturach maj\u0105cych wspomaga\u0107 system odporno\u015bciowy, wydolno\u015b\u0107 psychiczn\u0105 i fizyczn\u0105 organizmu w stanach zm\u0119czenia i wyczerpania.<\/p>\n","protected":false},"featured_media":9933,"comment_status":"open","ping_status":"closed","template":"","meta":[],"product_brand":[],"product_cat":[72],"product_tag":[],"class_list":{"0":"post-9932","1":"product","2":"type-product","3":"status-publish","4":"has-post-thumbnail","6":"product_cat-suplementy-diety","8":"first","9":"instock","10":"sale","11":"taxable","12":"shipping-taxable","13":"purchasable","14":"product-type-simple"},"_links":{"self":[{"href":"https:\/\/ziolazycia.com\/nowa\/wp-json\/wp\/v2\/product\/9932","targetHints":{"allow":["GET"]}}],"collection":[{"href":"https:\/\/ziolazycia.com\/nowa\/wp-json\/wp\/v2\/product"}],"about":[{"href":"https:\/\/ziolazycia.com\/nowa\/wp-json\/wp\/v2\/types\/product"}],"replies":[{"embeddable":true,"href":"https:\/\/ziolazycia.com\/nowa\/wp-json\/wp\/v2\/comments?post=9932"}],"wp:featuredmedia":[{"embeddable":true,"href":"https:\/\/ziolazycia.com\/nowa\/wp-json\/wp\/v2\/media\/9933"}],"wp:attachment":[{"href":"https:\/\/ziolazycia.com\/nowa\/wp-json\/wp\/v2\/media?parent=9932"}],"wp:term":[{"taxonomy":"product_brand","embeddable":true,"href":"https:\/\/ziolazycia.com\/nowa\/wp-json\/wp\/v2\/product_brand?post=9932"},{"taxonomy":"product_cat","embeddable":true,"href":"https:\/\/ziolazycia.com\/nowa\/wp-json\/wp\/v2\/product_cat?post=9932"},{"taxonomy":"product_tag","embeddable":true,"href":"https:\/\/ziolazycia.com\/nowa\/wp-json\/wp\/v2\/product_tag?post=9932"}],"curies":[{"name":"wp","href":"https:\/\/api.w.org\/{rel}","templated":true}]}}