{"id":9922,"date":"2024-10-08T17:19:23","date_gmt":"2024-10-08T15:19:23","guid":{"rendered":"https:\/\/ziolazycia.com\/nowa\/?post_type=product&#038;p=9922"},"modified":"2025-11-26T15:59:27","modified_gmt":"2025-11-26T14:59:27","slug":"imbir-sok-100-500-ml-polska-roza","status":"publish","type":"product","link":"https:\/\/ziolazycia.com\/nowa\/product\/imbir-sok-100-500-ml-polska-roza\/","title":{"rendered":"Imbir sok 100% 500 ml Polska R\u00f3\u017ca"},"content":{"rendered":"<h3 data-sourcepos=\"5:1-5:36\">Dlaczego warto pi\u0107 sok z imbiru?<\/h3>\n<ul data-sourcepos=\"7:1-12:0\">\n<li data-sourcepos=\"7:1-7:152\"><strong>Wzmacnia odporno\u015b\u0107:<\/strong> Imbir ma silne dzia\u0142anie przeciwzapalne i przeciwbakteryjne, co pomaga wzmocni\u0107 uk\u0142ad odporno\u015bciowy i chroni przed infekcjami.<\/li>\n<li data-sourcepos=\"8:1-8:118\"><strong>\u0141agodzi przezi\u0119bienie:<\/strong> Sok z imbiru pomaga z\u0142agodzi\u0107 objawy przezi\u0119bienia, takie jak kaszel, katar i b\u00f3l gard\u0142a.<\/li>\n<li data-sourcepos=\"9:1-9:99\"><strong>Pomaga przy problemach trawiennych:<\/strong> Imbir mo\u017ce poprawia\u0107 trawienie, \u0142agodzi\u0107 wzd\u0119cia i niestrawno\u015b\u0107.<\/li>\n<li data-sourcepos=\"10:1-10:123\"><strong>Zmniejsza nudno\u015bci:<\/strong> Sok z imbiru jest skutecznym \u015brodkiem przeciw nudno\u015bciom, zar\u00f3wno podczas podr\u00f3\u017cy, jak i w ci\u0105\u017cy.<\/li>\n<li data-sourcepos=\"11:1-12:0\"><strong>Daje energi\u0119:<\/strong> Imbir pobudza kr\u0105\u017cenie i dostarcza organizmowi energii.<\/li>\n<\/ul>\n<h2 data-sourcepos=\"1:1-1:39\">Sok z imbiru \u2013 ognisty nap\u00f3j zdrowia<\/h2>\n<p data-sourcepos=\"3:1-3:222\"><strong>Sok z imbiru<\/strong> to prawdziwy eliksir zdrowia, ceniony od wiek\u00f3w za swoje niezwyk\u0142e w\u0142a\u015bciwo\u015bci. Ten ostry, egzotyczny korze\u0144 kryje w sobie mn\u00f3stwo dobroczynnych substancji, kt\u00f3re korzystnie wp\u0142ywaj\u0105 na nasze samopoczucie.<\/p>\n<h3 data-sourcepos=\"5:1-5:36\">Dlaczego warto pi\u0107 sok z imbiru?<\/h3>\n<ul data-sourcepos=\"7:1-12:0\">\n<li data-sourcepos=\"7:1-7:152\"><strong>Wzmacnia odporno\u015b\u0107:<\/strong> Imbir ma silne dzia\u0142anie przeciwzapalne i przeciwbakteryjne, co pomaga wzmocni\u0107 uk\u0142ad odporno\u015bciowy i chroni przed infekcjami.<\/li>\n<li data-sourcepos=\"8:1-8:118\"><strong>\u0141agodzi przezi\u0119bienie:<\/strong> Sok z imbiru pomaga z\u0142agodzi\u0107 objawy przezi\u0119bienia, takie jak kaszel, katar i b\u00f3l gard\u0142a.<\/li>\n<li data-sourcepos=\"9:1-9:99\"><strong>Pomaga przy problemach trawiennych:<\/strong> Imbir poprawia trawienie, \u0142agodzi wzd\u0119cia i niestrawno\u015b\u0107.<\/li>\n<li data-sourcepos=\"10:1-10:123\"><strong>Zmniejsza nudno\u015bci:<\/strong> Sok z imbiru jest skutecznym \u015brodkiem przeciw nudno\u015bciom, zar\u00f3wno podczas podr\u00f3\u017cy, jak i w ci\u0105\u017cy.<\/li>\n<li data-sourcepos=\"11:1-12:0\"><strong>Daje energi\u0119:<\/strong> Imbir pobudza kr\u0105\u017cenie i dostarcza organizmowi energii.<\/li>\n<\/ul>\n<h3 data-sourcepos=\"15:1-15:20\">Imbir jest bogaty w:<\/h3>\n<ul data-sourcepos=\"17:1-21:0\">\n<li data-sourcepos=\"17:1-17:103\"><strong>Gingerol:<\/strong> g\u0142\u00f3wny zwi\u0105zek czynny imbiru, odpowiedzialny za jego ostry smak i w\u0142a\u015bciwo\u015bci lecznicze<\/li>\n<li data-sourcepos=\"18:1-18:21\"><strong>Witaminy:<\/strong> C, B6<\/li>\n<li data-sourcepos=\"19:1-19:29\"><strong>Minera\u0142y:<\/strong> potas, magnez<\/li>\n<li data-sourcepos=\"20:1-21:0\"><strong>Antyoksydanty:<\/strong> chroni\u0105 kom\u00f3rki przed uszkodzeniami<\/li>\n<\/ul>\n<p><strong>Proponowany spos\u00f3b podania<\/strong>: 2 x dziennie po 50 ml soku (rano i wieczorem).<\/p>\n<p>Produkt do bezpo\u015bredniego spo\u017cycia lub rozcie\u0144czenia.<\/p>\n<p><strong>Sk\u0142adniki:<\/strong>sok NFC z k\u0142\u0105czy imbiru lekarskiego (80%), sok NFC z owoc\u00f3w cytryny zwyczajnej (20%)<\/p>\n<h3>\u015arednia warto\u015b\u0107 od\u017cywcza w 100 ml 100% soku z imbiru bez cukru:<\/h3>\n<table>\n<tbody>\n<tr>\n<td><strong>Warto\u015b\u0107 energetyczna (energia)<\/strong><\/td>\n<td><strong>\u00a056 kJ\/ 13 kcal\u00a0<\/strong><\/td>\n<\/tr>\n<tr>\n<td><strong>T\u0142uszcz<\/strong><\/td>\n<td><strong>0 g<\/strong><\/td>\n<\/tr>\n<tr>\n<td><strong><em>\u00a0w tym kwasy t\u0142uszczowe nasycone\u00a0<\/em><\/strong><\/td>\n<td><strong><em>0\u00a0g<\/em><\/strong><\/td>\n<\/tr>\n<tr>\n<td><strong>W\u0119glowodany<\/strong><\/td>\n<td><strong>3,0 g<\/strong><\/td>\n<\/tr>\n<tr>\n<td><strong><em>w tym: cukry<\/em><\/strong><\/td>\n<td><strong><em>1,0 g<\/em><\/strong><\/td>\n<\/tr>\n<tr>\n<td><strong>B\u0142onnik<br \/>\n<\/strong><\/td>\n<td><strong>0,6 g<\/strong><\/td>\n<\/tr>\n<tr>\n<td><strong>Bia\u0142ko<\/strong><\/p>\n<p><strong>S\u00f3l<\/strong><\/td>\n<td><strong>0 g<\/strong><\/p>\n<p><strong>0 g<\/strong><\/td>\n<\/tr>\n<\/tbody>\n<\/table>\n<p><strong>Obj\u0119to\u015b\u0107 netto<\/strong>: 500 ml, butelka szklana z br\u0105zowego szk\u0142a (zabezpiecza sok przed utrat\u0105 w\u0142a\u015bciwo\u015bci od\u017cywczych i witamin).<\/p>\n<p><strong>\u015arodki ostro\u017cno\u015bci:<\/strong> Nie nale\u017cy przekracza\u0107 zalecanej dziennej porcji do spo\u017cycia w ci\u0105gu dnia. Zachowa\u0107 ostro\u017cno\u015b\u0107 u kobiet w ci\u0105\u017cy, karmi\u0105cych i u ma\u0142ych dzieci. Produkt nie mo\u017ce by\u0107 stosowany jako substytut zr\u00f3\u017cnicowanej diety. Nie stosowa\u0107 w przypadku uczulenia na kt\u00f3rykolwiek ze sk\u0142adnik\u00f3w. Zalecamy zr\u00f3wnowa\u017cony spos\u00f3b \u017cywienia i zdrowy tryb \u017cycia.<\/p>\n<h3 data-sourcepos=\"45:1-45:37\">Kiedy nale\u017cy zachowa\u0107 ostro\u017cno\u015b\u0107?<\/h3>\n<ul data-sourcepos=\"47:1-50:0\">\n<li data-sourcepos=\"47:1-47:146\"><strong>Ci\u0105\u017ca i karmienie piersi\u0105:<\/strong> Kobiety w ci\u0105\u017cy i karmi\u0105ce piersi\u0105 powinny skonsultowa\u0107 si\u0119 z lekarzem przed spo\u017cywaniem wi\u0119kszych ilo\u015bci imbiru.<\/li>\n<li data-sourcepos=\"48:1-48:152\"><strong>Zaburzenia krzepni\u0119cia krwi:<\/strong> Imbir mo\u017ce wp\u0142ywa\u0107 na krzepliwo\u015b\u0107 krwi, dlatego osoby przyjmuj\u0105ce leki przeciwzakrzepowe powinny zachowa\u0107 ostro\u017cno\u015b\u0107.<\/li>\n<li data-sourcepos=\"49:1-50:0\"><strong>Zaburzenia \u017co\u0142\u0105dka (wrzody \u017co\u0142\u0105dka, dwunastnicy,refluks):<\/strong> Zbyt du\u017ca ilo\u015b\u0107 imbiru mo\u017ce podra\u017cni\u0107 \u017co\u0142\u0105dek.<\/li>\n<li data-sourcepos=\"49:1-50:0\"><strong>Nadci\u015bnienie.<\/strong><\/li>\n<\/ul>\n<p><strong>Spos\u00f3b przechowywania<\/strong>: Chroni\u0107 przed \u015bwiat\u0142em, przechowywa\u0107 w temperaturze pokojowej, w suchym miejscu niedost\u0119pnym dla ma\u0142ych dzieci. Po otwarciu przechowywa\u0107 w lod\u00f3wce w zamkni\u0119tej butelce i spo\u017cy\u0107 w ci\u0105gu 10 dni.<\/p>\n<p><strong>Dystrybutor: <\/strong>Polska R\u00f3\u017ca Ernest Michalski Sp. z o.o., ul. Rakowiecka 36 lok. 243, 02-532 Warszawa<\/p>\n","protected":false},"excerpt":{"rendered":"<p><strong>Sok z imbiru<\/strong> to prawdziwy eliksir zdrowia, ceniony od wiek\u00f3w za swoje niezwyk\u0142e w\u0142a\u015bciwo\u015bci. Ten ostry, egzotyczny korze\u0144 kryje w sobie mn\u00f3stwo dobroczynnych substancji, kt\u00f3re korzystnie wp\u0142ywaj\u0105 na nasze samopoczucie. Przypisuje mu si\u0119 szczeg\u00f3lnie w\u0142a\u015bciwo\u015bci \u0142agodz\u0105ce objawy przezi\u0119bienia lub grypy. W niekt\u00f3rych regionach \u015bwiata napary z korzenia imbiru s\u0105 uznawane za naturalny stymulator odporno\u015bci organizmu.<\/p>\n","protected":false},"featured_media":9923,"comment_status":"open","ping_status":"closed","template":"","meta":[],"product_brand":[],"product_cat":[90],"product_tag":[],"class_list":{"0":"post-9922","1":"product","2":"type-product","3":"status-publish","4":"has-post-thumbnail","6":"product_cat-naturalne-produkty-spozywcze","8":"first","9":"instock","10":"sale","11":"taxable","12":"shipping-taxable","13":"purchasable","14":"product-type-simple"},"_links":{"self":[{"href":"https:\/\/ziolazycia.com\/nowa\/wp-json\/wp\/v2\/product\/9922","targetHints":{"allow":["GET"]}}],"collection":[{"href":"https:\/\/ziolazycia.com\/nowa\/wp-json\/wp\/v2\/product"}],"about":[{"href":"https:\/\/ziolazycia.com\/nowa\/wp-json\/wp\/v2\/types\/product"}],"replies":[{"embeddable":true,"href":"https:\/\/ziolazycia.com\/nowa\/wp-json\/wp\/v2\/comments?post=9922"}],"wp:featuredmedia":[{"embeddable":true,"href":"https:\/\/ziolazycia.com\/nowa\/wp-json\/wp\/v2\/media\/9923"}],"wp:attachment":[{"href":"https:\/\/ziolazycia.com\/nowa\/wp-json\/wp\/v2\/media?parent=9922"}],"wp:term":[{"taxonomy":"product_brand","embeddable":true,"href":"https:\/\/ziolazycia.com\/nowa\/wp-json\/wp\/v2\/product_brand?post=9922"},{"taxonomy":"product_cat","embeddable":true,"href":"https:\/\/ziolazycia.com\/nowa\/wp-json\/wp\/v2\/product_cat?post=9922"},{"taxonomy":"product_tag","embeddable":true,"href":"https:\/\/ziolazycia.com\/nowa\/wp-json\/wp\/v2\/product_tag?post=9922"}],"curies":[{"name":"wp","href":"https:\/\/api.w.org\/{rel}","templated":true}]}}