{"id":9920,"date":"2024-10-08T16:47:39","date_gmt":"2024-10-08T14:47:39","guid":{"rendered":"https:\/\/ziolazycia.com\/nowa\/?post_type=product&#038;p=9920"},"modified":"2025-11-26T15:59:26","modified_gmt":"2025-11-26T14:59:26","slug":"malina-100-sok-500-ml-polska-roza","status":"publish","type":"product","link":"https:\/\/ziolazycia.com\/nowa\/product\/malina-100-sok-500-ml-polska-roza\/","title":{"rendered":"Malina 100% sok 500 ml Polska R\u00f3\u017ca"},"content":{"rendered":"<h3 data-sourcepos=\"5:1-5:35\">Dlaczego warto pi\u0107 sok z malin?<\/h3>\n<ul data-sourcepos=\"7:1-12:0\">\n<li data-sourcepos=\"7:1-7:216\"><strong>Wzmacnia odporno\u015b\u0107:<\/strong> Maliny s\u0105 bogate w witamin\u0119 C, kt\u00f3ra jest niezb\u0119dna do prawid\u0142owego funkcjonowania uk\u0142adu odporno\u015bciowego. Dzi\u0119ki temu sok z malin pomaga zwalcza\u0107 infekcje i chroni organizm przed chorobami.<\/li>\n<li data-sourcepos=\"8:1-8:148\"><strong>\u0141agodzi przezi\u0119bienie:<\/strong> Sok z malin ma dzia\u0142anie napotne i przeciwgor\u0105czkowe, co sprawia, \u017ce jest doskona\u0142ym \u015brodkiem pomocniczym przy przezi\u0119bieniu i grypie.<\/li>\n<li data-sourcepos=\"9:1-9:148\"><strong>Dzia\u0142a przeciwzapalnie:<\/strong> Zawarte w malinach antocyjany maj\u0105 silne dzia\u0142anie przeciwzapalne, co mo\u017ce pom\u00f3c z\u0142agodzi\u0107 stany zapalne w organizmie.<\/li>\n<li data-sourcepos=\"10:1-10:124\"><strong>\u0179r\u00f3d\u0142o b\u0142onnika:<\/strong> B\u0142onnik zawarty w malinach poprawia prac\u0119 uk\u0142adu pokarmowego i pomaga regulowa\u0107 poziom cukru we krwi.<\/li>\n<li data-sourcepos=\"11:1-12:0\"><strong>Dzia\u0142a przeciwutleniaj\u0105co:<\/strong> Antyoksydanty zawarte w malinach chroni\u0105 kom\u00f3rki przed uszkodzeniami wywo\u0142anymi przez wolne rodniki.<\/li>\n<\/ul>\n<h3 data-sourcepos=\"13:1-13:49\">Jakie sk\u0142adniki od\u017cywcze zawiera sok z malin?<\/h3>\n<p data-sourcepos=\"15:1-15:45\">Opr\u00f3cz witaminy C, sok z malin jest bogaty w:<\/p>\n<ul data-sourcepos=\"17:1-21:0\">\n<li data-sourcepos=\"17:1-17:84\"><strong>Witaminy z grupy B:<\/strong> niezb\u0119dne dla prawid\u0142owego funkcjonowania uk\u0142adu nerwowego<\/li>\n<li data-sourcepos=\"18:1-18:55\"><strong>Potas:<\/strong> wa\u017cny dla prawid\u0142owej pracy serca i mi\u0119\u015bni<\/li>\n<li data-sourcepos=\"19:1-19:56\"><strong>Magnez:<\/strong> pomaga w utrzymaniu zdrowych ko\u015bci i z\u0119b\u00f3w<\/li>\n<li data-sourcepos=\"20:1-21:0\"><strong>Antocyjany:<\/strong> nadaj\u0105 malinom charakterystyczny kolor i maj\u0105 silne dzia\u0142anie przeciwutleniaj\u0105ce<\/li>\n<\/ul>\n<p><strong>Proponowany spos\u00f3b podania:<\/strong> 2 x dziennie po 50 ml soku (rano i wieczorem). Produkt do bezpo\u015bredniego spo\u017cycia lub rozcie\u0144czenia.<\/p>\n<p><strong>Sk\u0142adniki:<\/strong> 100% sok z owoc\u00f3w malin t\u0142oczony bezpo\u015brednio z owoc\u00f3w (NFC &#8211; nie z koncentratu).<\/p>\n<h3>\u015arednia warto\u015b\u0107 od\u017cywcza w 100 ml 100% soku z malin:<\/h3>\n<table width=\"0\">\n<tbody>\n<tr>\n<td width=\"120\">Warto\u015b\u0107 energetyczna (energia)<\/td>\n<td width=\"120\">141 kJ\/ 33 kcal<\/td>\n<\/tr>\n<tr>\n<td width=\"120\">T\u0142uszcz<\/td>\n<td width=\"120\">0,0g<\/td>\n<\/tr>\n<tr>\n<td width=\"120\">w tym kwasy t\u0142uszczowe nasycone<\/td>\n<td width=\"120\">0,0g<\/td>\n<\/tr>\n<tr>\n<td width=\"120\">W\u0119glowodany<\/td>\n<td width=\"120\">7,6g<\/td>\n<\/tr>\n<tr>\n<td width=\"120\">w tym: cukry<\/td>\n<td width=\"120\">6,5g<\/td>\n<\/tr>\n<tr>\n<td width=\"120\">Bia\u0142ko<\/td>\n<td width=\"120\">0,7g<\/td>\n<\/tr>\n<tr>\n<td width=\"120\">S\u00f3l<\/td>\n<td width=\"120\">0g<\/td>\n<\/tr>\n<\/tbody>\n<\/table>\n<p><strong>Obj\u0119to\u015b\u0107 netto:<\/strong> 500 ml, butelka szklana z br\u0105zowego szk\u0142a (zabezpiecza sok przed utrat\u0105 w\u0142a\u015bciwo\u015bci od\u017cywczych i witamin)<\/p>\n<p><strong>\u015arodki ostro\u017cno\u015bci:<\/strong> Nie nale\u017cy przekracza\u0107 zalecanej dziennej porcji do spo\u017cycia w ci\u0105gu dnia. Nie stosowa\u0107 w przypadku uczulenia na kt\u00f3rykolwiek ze sk\u0142adnik\u00f3w. Zalecamy zr\u00f3wnowa\u017cony spos\u00f3b \u017cywienia i zdrowy tryb \u017cycia.<\/p>\n<h3 data-sourcepos=\"45:1-45:56\">Czy istniej\u0105 przeciwwskazania do picia soku z malin?<\/h3>\n<p data-sourcepos=\"47:1-47:130\">Chocia\u017c sok z malin jest og\u00f3lnie bezpieczny, to nie jest odpowiedni dla wszystkich. Nale\u017cy zachowa\u0107 ostro\u017cno\u015b\u0107, je\u015bli cierpisz na:<\/p>\n<ul data-sourcepos=\"49:1-51:0\">\n<li data-sourcepos=\"49:1-49:66\"><strong>Alergi\u0119 na owoce jagodowe:<\/strong> Mo\u017ce wyst\u0105pi\u0107 reakcja alergiczna.<\/li>\n<li data-sourcepos=\"50:1-51:0\"><strong>Cukrzyca:<\/strong> Ze wzgl\u0119du na wysok\u0105 zawarto\u015b\u0107 cukru, osoby choruj\u0105ce na cukrzyc\u0119 powinny skonsultowa\u0107 si\u0119 z lekarzem przed spo\u017cyciem soku z malin zawieraj\u0105cego cukier.<\/li>\n<\/ul>\n<p><strong>Spos\u00f3b przechowywania<\/strong>: Chroni\u0107 przed \u015bwiat\u0142em, przechowywa\u0107 w temperaturze pokojowej, w suchym miejscu niedost\u0119pnym dla ma\u0142ych dzieci. Po otwarciu sok nale\u017cy wypi\u0107 w ci\u0105gu 10 dni, przechowywa\u0107 w lod\u00f3wce.<\/p>\n<p><strong>Dystrybucja:<\/strong> Polska R\u00f3\u017ca Ernest Michalski Sp. z o.o., Rakowiecka 36 lok. 243, 02-532 Warszawa<\/p>\n","protected":false},"excerpt":{"rendered":"<h2 data-sourcepos=\"1:1-1:40\">Sok z malin \u2013 s\u0142odka bomba witaminowa<\/h2>\n<p data-sourcepos=\"3:1-3:198\"><strong>Sok z malin<\/strong> to nie tylko smaczny nap\u00f3j, ale r\u00f3wnie\u017c prawdziwa skarbnica zdrowia. Te ma\u0142e, czerwone owoce s\u0105 pe\u0142ne witamin, minera\u0142\u00f3w i antyoksydant\u00f3w, kt\u00f3re korzystnie wp\u0142ywaj\u0105 na nasze zdrowie.<\/p>\n","protected":false},"featured_media":9921,"comment_status":"open","ping_status":"closed","template":"","meta":[],"product_brand":[],"product_cat":[90],"product_tag":[],"class_list":{"0":"post-9920","1":"product","2":"type-product","3":"status-publish","4":"has-post-thumbnail","6":"product_cat-naturalne-produkty-spozywcze","8":"first","9":"instock","10":"sale","11":"taxable","12":"shipping-taxable","13":"purchasable","14":"product-type-simple"},"_links":{"self":[{"href":"https:\/\/ziolazycia.com\/nowa\/wp-json\/wp\/v2\/product\/9920","targetHints":{"allow":["GET"]}}],"collection":[{"href":"https:\/\/ziolazycia.com\/nowa\/wp-json\/wp\/v2\/product"}],"about":[{"href":"https:\/\/ziolazycia.com\/nowa\/wp-json\/wp\/v2\/types\/product"}],"replies":[{"embeddable":true,"href":"https:\/\/ziolazycia.com\/nowa\/wp-json\/wp\/v2\/comments?post=9920"}],"wp:featuredmedia":[{"embeddable":true,"href":"https:\/\/ziolazycia.com\/nowa\/wp-json\/wp\/v2\/media\/9921"}],"wp:attachment":[{"href":"https:\/\/ziolazycia.com\/nowa\/wp-json\/wp\/v2\/media?parent=9920"}],"wp:term":[{"taxonomy":"product_brand","embeddable":true,"href":"https:\/\/ziolazycia.com\/nowa\/wp-json\/wp\/v2\/product_brand?post=9920"},{"taxonomy":"product_cat","embeddable":true,"href":"https:\/\/ziolazycia.com\/nowa\/wp-json\/wp\/v2\/product_cat?post=9920"},{"taxonomy":"product_tag","embeddable":true,"href":"https:\/\/ziolazycia.com\/nowa\/wp-json\/wp\/v2\/product_tag?post=9920"}],"curies":[{"name":"wp","href":"https:\/\/api.w.org\/{rel}","templated":true}]}}