{"id":9918,"date":"2024-10-08T16:30:03","date_gmt":"2024-10-08T14:30:03","guid":{"rendered":"https:\/\/ziolazycia.com\/nowa\/?post_type=product&#038;p=9918"},"modified":"2025-11-26T15:59:26","modified_gmt":"2025-11-26T14:59:26","slug":"rokitnik-sok-100-bez-cukru-500-ml","status":"publish","type":"product","link":"https:\/\/ziolazycia.com\/nowa\/product\/rokitnik-sok-100-bez-cukru-500-ml\/","title":{"rendered":"Rokitnik sok 100% bez cukru 500 ml"},"content":{"rendered":"<h3 data-sourcepos=\"5:1-5:39\">Dlaczego warto pi\u0107 sok z rokitnika?<\/h3>\n<ul>\n<li style=\"list-style-type: none;\">\n<ul data-sourcepos=\"7:1-12:0\">\n<li data-sourcepos=\"7:1-7:245\"><strong>Bomba witaminowa:<\/strong> Rokitnik jest jednym z najbogatszych \u017ar\u00f3de\u0142 witaminy C, kt\u00f3ra wzmacnia odporno\u015b\u0107 i przyspiesza gojenie ran. Zawiera r\u00f3wnie\u017c witaminy z grupy B (B1, B2, B6, kwas foliowy) oraz witamin\u0119 E i K, kt\u00f3re s\u0105 niezb\u0119dne dla prawid\u0142owego funkcjonowania organizmu.<\/li>\n<li data-sourcepos=\"8:1-8:196\"><strong>Skarbnica minera\u0142\u00f3w:<\/strong> Sok z rokitnika jest bogaty w minera\u0142y takie jak \u017celazo, magnez, wap\u0144 i fosfor, kt\u00f3re s\u0105 wa\u017cne dla budowy ko\u015bci, produkcji czerwonych krwinek i prawid\u0142owej pracy mi\u0119\u015bni.<\/li>\n<li data-sourcepos=\"9:1-9:203\"><strong>Silne dzia\u0142anie antyoksydacyjne:<\/strong> Zawarte w rokitniku karotenoidy i flawonoidy neutralizuj\u0105 szkodliwe dzia\u0142anie wolnych rodnik\u00f3w, op\u00f3\u017aniaj\u0105c procesy starzenia i chroni\u0105c kom\u00f3rki przed uszkodzeniami.<\/li>\n<li data-sourcepos=\"10:1-10:128\"><strong>Wsparcie dla uk\u0142adu odporno\u015bciowego:<\/strong> Regularne picie soku z rokitnika pomaga wzmocni\u0107 odporno\u015b\u0107 i chroni przed infekcjami.<\/li>\n<li data-sourcepos=\"11:1-12:0\"><strong>Zdrowa sk\u00f3ra:<\/strong> Sok z rokitnika ma korzystny wp\u0142yw na sk\u00f3r\u0119, poprawiaj\u0105c jej elastyczno\u015b\u0107 i nawil\u017cenie. Jest stosowany w kosmetykach do piel\u0119gnacji sk\u00f3ry suchej i podra\u017cnionej.<\/li>\n<li><strong>Olej rokitnikowy:<\/strong> Zawiera kwasy t\u0142uszczowe Omega-3 i Omega-6, kt\u00f3re korzystnie wp\u0142ywaj\u0105 na zdrowie serca i uk\u0142adu kr\u0105\u017cenia.<\/li>\n<\/ul>\n<\/li>\n<\/ul>\n<h3 data-sourcepos=\"27:1-27:36\">Kiedy warto pi\u0107 sok z rokitnika?<\/h3>\n<ul data-sourcepos=\"29:1-33:0\">\n<li data-sourcepos=\"29:1-29:137\"><strong>Wzmocnienie odporno\u015bci:<\/strong> Sok z rokitnika jest doskona\u0142ym \u015brodkiem pomocniczym na wzmocnienie odporno\u015bci, szczeg\u00f3lnie w okresie jesienno-zimowym.<\/li>\n<li data-sourcepos=\"30:1-30:133\"><strong>Problemy sk\u00f3rne:<\/strong> Sok z rokitnika mo\u017ce pom\u00f3c w leczeniu r\u00f3\u017cnych problem\u00f3w sk\u00f3rnych, takich jak tr\u0105dzik, \u0142uszczyca czy oparzenia.<\/li>\n<li data-sourcepos=\"31:1-31:82\"><strong>Zdrowie oczu:<\/strong> Karotenoidy zawarte w rokitniku s\u0105 korzystne dla zdrowia oczu.<\/li>\n<li data-sourcepos=\"32:1-33:0\"><strong>Zdrowie serca:<\/strong> Kwasy t\u0142uszczowe omega-3 i omega-6 mog\u0105 sprzyja\u0107 powodowa\u0107 obni\u017cenie poziomu cholesterolu i mog\u0105 zmniejsza\u0107 ryzyko chor\u00f3b serca.<\/li>\n<\/ul>\n<h3 data-sourcepos=\"21:1-21:28\">Jak pi\u0107 sok z rokitnika?<\/h3>\n<ul data-sourcepos=\"23:1-26:0\">\n<li data-sourcepos=\"23:1-23:128\"><strong>Czysty:<\/strong> Sok z rokitnika mo\u017cna pi\u0107 samodzielnie, jednak ze wzgl\u0119du na intensywny smak, wiele os\u00f3b woli go rozcie\u0144cza\u0107 wod\u0105.<\/li>\n<li data-sourcepos=\"24:1-24:117\"><strong>Z innymi sokami:<\/strong> Sok z rokitnika \u015bwietnie komponuje si\u0119 z innymi sokami owocowymi, tworz\u0105c orze\u017awiaj\u0105ce napoje.<\/li>\n<li data-sourcepos=\"25:1-26:0\"><strong>Jako dodatek do potraw:<\/strong> Mo\u017cna dodawa\u0107 go do jogurt\u00f3w, owsianek, koktajli czy deser\u00f3w.<\/li>\n<\/ul>\n<p><strong>Proponowany spos\u00f3b podania<\/strong>: 2 x dziennie po 50 ml soku (rano i wieczorem).<\/p>\n<p><strong>Sk\u0142adniki: <\/strong>100% sok z owoc\u00f3w rokitnika<\/p>\n<h3><strong>\u015arednia warto\u015b\u0107 od\u017cywcza w 100 ml soku z rokitnika bez cukru<\/strong>:<\/h3>\n<table width=\"0\">\n<tbody>\n<tr>\n<td width=\"253\"><strong>Warto\u015b\u0107 energetyczna (energia)<\/strong><\/td>\n<td width=\"131\"><strong>\u00a0157\u00a0kJ\/ 38 kcal\u00a0<\/strong><\/td>\n<\/tr>\n<tr>\n<td width=\"253\"><strong>T\u0142uszcz<\/strong><\/td>\n<td width=\"131\"><strong>2,1 g<\/strong><\/td>\n<\/tr>\n<tr>\n<td width=\"253\"><strong>\u00a0w tym kwasy t\u0142uszczowe nasycone\u00a0<\/strong><\/td>\n<td width=\"131\"><strong>0,77 g<\/strong><\/td>\n<\/tr>\n<tr>\n<td width=\"253\"><strong>W\u0119glowodany<\/strong><\/td>\n<td width=\"131\"><strong>7,0 g<\/strong><\/td>\n<\/tr>\n<tr>\n<td width=\"253\"><strong>w tym: cukry<\/strong><\/td>\n<td width=\"131\"><strong>6,2 g<\/strong><\/td>\n<\/tr>\n<tr>\n<td width=\"253\"><strong>Bia\u0142ko<\/strong><\/td>\n<td width=\"131\"><strong>0,7 g<\/strong><\/td>\n<\/tr>\n<tr>\n<td width=\"253\"><strong>S\u00f3l<\/strong><\/td>\n<td width=\"131\"><strong>\u00a00,0073 g<\/strong><\/td>\n<\/tr>\n<\/tbody>\n<\/table>\n<p>&nbsp;<\/p>\n<p><strong>\u015arodki ostro\u017cno\u015bci:<\/strong> Nie nale\u017cy przekracza\u0107 zalecanej dziennej porcji do spo\u017cycia w ci\u0105gu dnia. Produkt nie mo\u017ce by\u0107 stosowany jako substytut zr\u00f3\u017cnicowanej diety. Nie stosowa\u0107 w przypadku uczulenia na kt\u00f3rykolwiek ze sk\u0142adnik\u00f3w. Zalecamy zr\u00f3wnowa\u017cony spos\u00f3b \u017cywienia i zdrowy tryb \u017cycia.<\/p>\n<h3 data-sourcepos=\"34:1-34:60\">Czy istniej\u0105 przeciwwskazania do picia soku z rokitnika?<\/h3>\n<p data-sourcepos=\"36:1-36:129\">Chocia\u017c sok z rokitnika jest bardzo zdrowy, to nie jest odpowiedni dla wszystkich. Nale\u017cy zachowa\u0107 ostro\u017cno\u015b\u0107, je\u015bli cierpisz na:<\/p>\n<ul data-sourcepos=\"38:1-40:0\">\n<li data-sourcepos=\"38:1-38:82\"><strong>Zaburzenia krzepni\u0119cia krwi:<\/strong> Sok z rokitnika mo\u017ce zwi\u0119ksza\u0107 ryzyko krwawie\u0144.<\/li>\n<li data-sourcepos=\"39:1-40:0\"><strong>Nadkwa\u015bno\u015b\u0107 \u017co\u0142\u0105dka:<\/strong> Sok z rokitnika mo\u017ce nasila\u0107 objawy zgagi.<\/li>\n<\/ul>\n<p><strong>Spos\u00f3b przechowywania<\/strong>: Chroni\u0107 przed \u015bwiat\u0142em, przechowywa\u0107 w temperaturze pokojowej, w suchym miejscu niedost\u0119pnym dla ma\u0142ych dzieci. Po otwarciu przechowywa\u0107 w lod\u00f3wce w zamkni\u0119tej butelce i spo\u017cy\u0107 w ci\u0105gu 10 dni.<\/p>\n<p><strong>Obj\u0119to\u015b\u0107 netto:<\/strong> 500\u00a0ml, butelka szklana z br\u0105zowego szk\u0142a (zabezpiecza sok przed utrat\u0105 w\u0142a\u015bciwo\u015bci od\u017cywczych i witamin).<\/p>\n<p><strong>Dystrybutor: <\/strong>Polska R\u00f3\u017ca Ernest Michalski Sp. z o.o., ul. Rakowiecka 36 lok. 243, 02-532 Warszawa<\/p>\n","protected":false},"excerpt":{"rendered":"<h2 data-sourcepos=\"1:1-1:47\">Sok z rokitnika \u2013 prawdziwa bomba witaminowa<\/h2>\n<p data-sourcepos=\"3:1-3:310\"><strong>Sok z rokitnika<\/strong> to jeden z najzdrowszych sok\u00f3w owocowych, jakie mo\u017cemy znale\u017a\u0107. Te ma\u0142e, pomara\u0144czowe owoce kryj\u0105 w sobie prawdziw\u0105 skarbnic\u0119 witamin, minera\u0142\u00f3w i innych cennych substancji. Ich intensywny, lekko kwaskowaty smak mo\u017ce nie ka\u017cdemu odpowiada\u0107, ale warto pozna\u0107 wyj\u0105tkowe w\u0142a\u015bciwo\u015bci tego soku.<\/p>\n","protected":false},"featured_media":9919,"comment_status":"open","ping_status":"closed","template":"","meta":[],"product_brand":[],"product_cat":[90],"product_tag":[],"class_list":{"0":"post-9918","1":"product","2":"type-product","3":"status-publish","4":"has-post-thumbnail","6":"product_cat-naturalne-produkty-spozywcze","8":"first","9":"instock","10":"sale","11":"taxable","12":"shipping-taxable","13":"purchasable","14":"product-type-simple"},"_links":{"self":[{"href":"https:\/\/ziolazycia.com\/nowa\/wp-json\/wp\/v2\/product\/9918","targetHints":{"allow":["GET"]}}],"collection":[{"href":"https:\/\/ziolazycia.com\/nowa\/wp-json\/wp\/v2\/product"}],"about":[{"href":"https:\/\/ziolazycia.com\/nowa\/wp-json\/wp\/v2\/types\/product"}],"replies":[{"embeddable":true,"href":"https:\/\/ziolazycia.com\/nowa\/wp-json\/wp\/v2\/comments?post=9918"}],"wp:featuredmedia":[{"embeddable":true,"href":"https:\/\/ziolazycia.com\/nowa\/wp-json\/wp\/v2\/media\/9919"}],"wp:attachment":[{"href":"https:\/\/ziolazycia.com\/nowa\/wp-json\/wp\/v2\/media?parent=9918"}],"wp:term":[{"taxonomy":"product_brand","embeddable":true,"href":"https:\/\/ziolazycia.com\/nowa\/wp-json\/wp\/v2\/product_brand?post=9918"},{"taxonomy":"product_cat","embeddable":true,"href":"https:\/\/ziolazycia.com\/nowa\/wp-json\/wp\/v2\/product_cat?post=9918"},{"taxonomy":"product_tag","embeddable":true,"href":"https:\/\/ziolazycia.com\/nowa\/wp-json\/wp\/v2\/product_tag?post=9918"}],"curies":[{"name":"wp","href":"https:\/\/api.w.org\/{rel}","templated":true}]}}