{"id":9916,"date":"2024-10-08T16:04:14","date_gmt":"2024-10-08T14:04:14","guid":{"rendered":"https:\/\/ziolazycia.com\/nowa\/?post_type=product&#038;p=9916"},"modified":"2025-11-26T15:59:26","modified_gmt":"2025-11-26T14:59:26","slug":"zurawina-sok-100-bez-cukru-500-ml-polska-roza","status":"publish","type":"product","link":"https:\/\/ziolazycia.com\/nowa\/product\/zurawina-sok-100-bez-cukru-500-ml-polska-roza\/","title":{"rendered":"\u017burawina Sok 100% bez cukru 500 ml Polska R\u00f3\u017ca"},"content":{"rendered":"<h3 data-sourcepos=\"5:1-5:38\">Dlaczego warto pi\u0107 sok z \u017curawiny?<\/h3>\n<ul data-sourcepos=\"7:1-12:0\">\n<li data-sourcepos=\"7:1-7:208\"><strong>Ochrona dr\u00f3g moczowych:<\/strong> Sok z \u017curawiny tworzy na \u015bcianach dr\u00f3g moczowych barier\u0119, kt\u00f3ra utrudnia przyczepianie si\u0119 bakterii, w tym bakterii <em>E. coli<\/em>, b\u0119d\u0105cej g\u0142\u00f3wn\u0105 przyczyn\u0105 infekcji uk\u0142adu moczowego. (kwas hipuronowy).<\/li>\n<li data-sourcepos=\"8:1-8:130\"><strong>Dzia\u0142anie przeciwbakteryjne:<\/strong> Zawarte w \u017curawinie proantocyjanidy (PAC) hamuj\u0105 rozw\u00f3j bakterii, zmniejszaj\u0105c ryzyko infekcji.<\/li>\n<li data-sourcepos=\"9:1-9:129\"><strong>W\u0142a\u015bciwo\u015bci przeciwzapalne:<\/strong> Sok z \u017curawiny ma dzia\u0142anie przeciwzapalne, co pomaga z\u0142agodzi\u0107 objawy infekcji dr\u00f3g moczowych.<\/li>\n<li data-sourcepos=\"10:1-10:104\"><strong>\u0179r\u00f3d\u0142o witaminy C:<\/strong> Witamina C wzmacnia uk\u0142ad odporno\u015bciowy i pomaga organizmowi zwalcza\u0107 infekcje.<\/li>\n<li data-sourcepos=\"11:1-12:0\"><strong>Bogactwo antyoksydant\u00f3w:<\/strong> Antyoksydanty chroni\u0105 kom\u00f3rki przed uszkodzeniami wywo\u0142anymi przez wolne rodniki tlenowe.<\/li>\n<\/ul>\n<h3 data-sourcepos=\"13:1-13:35\">Kiedy warto pi\u0107 sok z \u017curawiny?<\/h3>\n<ul data-sourcepos=\"15:1-18:0\">\n<li data-sourcepos=\"15:1-15:119\"><strong>Profilaktyka infekcji dr\u00f3g moczowych:<\/strong> Regularne picie soku z \u017curawiny mo\u017ce pom\u00f3c zapobiec nawracaj\u0105cym infekcjom.<\/li>\n<li data-sourcepos=\"16:1-16:160\"><strong>W trakcie infekcji:<\/strong> Sok z \u017curawiny mo\u017ce \u0142agodzi\u0107 objawy infekcji, takie jak pieczenie podczas oddawania moczu, cz\u0119ste parcie na mocz czy b\u00f3l w podbrzuszu.<\/li>\n<li data-sourcepos=\"17:1-18:0\"><strong>Po antybiotykoterapii:<\/strong> Sok z \u017curawiny mo\u017ce wspom\u00f3c odbudow\u0119 naturalnej flory bakteryjnej uk\u0142adu moczowego.<\/li>\n<\/ul>\n<p><strong>Proponowany spos\u00f3b podania<\/strong>: 2 x dziennie po 50 ml soku (rano i wieczorem).<\/p>\n<p><strong>Sk\u0142adniki:<\/strong> 100% sok z owoc\u00f3w \u017curawiny b\u0142otnej. \u017burawina b\u0142otna wykorzystywana do produkcji soku jest zbierana w \u015brodowisku naturalnym (lesie) \u2013 nie pochodzi z uprawy.<\/p>\n<p>Produkt do bezpo\u015bredniego spo\u017cycia lub rozcie\u0144czenia.<\/p>\n<h3>\u015arednia warto\u015b\u0107 od\u017cywcza w 100 ml 100% soku z \u017curawiny bez cukru:<\/h3>\n<table>\n<tbody>\n<tr>\n<td><strong>Warto\u015b\u0107 energetyczna (energia)<\/strong><\/td>\n<td><strong>\u00a0111 kJ\/ 26\u00a0kcal\u00a0<\/strong><\/td>\n<\/tr>\n<tr>\n<td><strong>T\u0142uszcz<\/strong><\/td>\n<td><strong>0 g<\/strong><\/td>\n<\/tr>\n<tr>\n<td><strong><em>\u00a0w tym kwasy t\u0142uszczowe nasycone\u00a0<\/em><\/strong><\/td>\n<td><strong><em>0\u00a0g<\/em><\/strong><\/td>\n<\/tr>\n<tr>\n<td><strong>W\u0119glowodany<\/strong><\/td>\n<td><strong>6,6\u00a0g<\/strong><\/td>\n<\/tr>\n<tr>\n<td><strong><em>w tym: cukry<\/em><\/strong><\/td>\n<td><strong><em>5,8\u00a0g<\/em><\/strong><\/td>\n<\/tr>\n<tr>\n<td><strong>Bia\u0142ko<\/strong><\/td>\n<td><strong>0 g<\/strong><\/td>\n<\/tr>\n<tr>\n<td><strong>S\u00f3l<\/strong><\/td>\n<td><strong>\u00a00,0063 g<\/strong><\/td>\n<\/tr>\n<\/tbody>\n<\/table>\n<p><strong>Obj\u0119to\u015b\u0107 netto<\/strong>: 500 ml, butelka szklana z br\u0105zowego szk\u0142a (zabezpiecza sok przed utrat\u0105 w\u0142a\u015bciwo\u015bci od\u017cywczych i witamin)<\/p>\n<p><strong>\u015arodki ostro\u017cno\u015bci:<\/strong> Nie nale\u017cy przekracza\u0107 zalecanej dziennej porcji do spo\u017cycia w ci\u0105gu dnia. Produkt nie mo\u017ce by\u0107 stosowany jako substytut zr\u00f3\u017cnicowanej diety. Nie stosowa\u0107 w przypadku uczulenia na kt\u00f3rykolwiek ze sk\u0142adnik\u00f3w. Zalecamy zr\u00f3wnowa\u017cony spos\u00f3b \u017cywienia i zdrowy tryb \u017cycia.<\/p>\n<h3 data-sourcepos=\"25:1-25:59\">Czy istniej\u0105 przeciwwskazania do picia soku z \u017curawiny?<\/h3>\n<p data-sourcepos=\"27:1-27:123\">Chocia\u017c sok z \u017curawiny jest og\u00f3lnie bezpieczny, to przed jego spo\u017cyciem warto skonsultowa\u0107 si\u0119 z lekarzem, zw\u0142aszcza je\u015bli:<\/p>\n<ul data-sourcepos=\"29:1-32:0\">\n<li data-sourcepos=\"29:1-29:38\">Przyjmujesz leki rozrzedzaj\u0105ce krew.<\/li>\n<li data-sourcepos=\"30:1-30:24\">Masz kamienie nerkowe.<\/li>\n<li data-sourcepos=\"31:1-32:0\">Jeste\u015b w ci\u0105\u017cy lub karmisz piersi\u0105.<\/li>\n<\/ul>\n<p data-sourcepos=\"33:1-33:188\"><strong>Wa\u017cne:<\/strong> Sok z \u017curawiny nie zast\u0119puje leczenia farmakologicznego infekcji dr\u00f3g moczowych. W przypadku wyst\u0105pienia jakichkolwiek niepokoj\u0105cych objaw\u00f3w, nale\u017cy skonsultowa\u0107 si\u0119 z lekarzem.<\/p>\n<p><strong>Spos\u00f3b przechowywania<\/strong>: Chroni\u0107 przed \u015bwiat\u0142em, przechowywa\u0107 w temperaturze pokojowej, w suchym miejscu niedost\u0119pnym dla ma\u0142ych dzieci. Po otwarciu przechowywa\u0107 w lod\u00f3wce w zamkni\u0119tej butelce i spo\u017cy\u0107 w ci\u0105gu 10 dni.<\/p>\n<p><strong>Dystrybutor: <\/strong>Polska R\u00f3\u017ca Ernest Michalski Sp. z o.o., ul. Rakowiecka 36 lok. 243, 02-532 Warszawa<\/p>\n","protected":false},"excerpt":{"rendered":"<h2 data-sourcepos=\"1:1-1:60\">Sok z \u017curawiny \u2013 naturalny sprzymierzeniec dr\u00f3g moczowych<\/h2>\n<p data-sourcepos=\"3:1-3:269\"><strong>Sok z \u017curawiny<\/strong> to nap\u00f3j, kt\u00f3ry od wiek\u00f3w ceniony jest za swoje w\u0142a\u015bciwo\u015bci zdrowotne, zw\u0142aszcza w przypadku uk\u0142adu moczowego. Czerwone jagody \u017curawiny s\u0105 prawdziw\u0105 skarbnic\u0105 witamin, minera\u0142\u00f3w i innych cennych substancji, kt\u00f3re korzystnie wp\u0142ywaj\u0105 na nasze zdrowie.<\/p>\n","protected":false},"featured_media":9917,"comment_status":"open","ping_status":"closed","template":"","meta":[],"product_brand":[],"product_cat":[90],"product_tag":[],"class_list":{"0":"post-9916","1":"product","2":"type-product","3":"status-publish","4":"has-post-thumbnail","6":"product_cat-naturalne-produkty-spozywcze","8":"first","9":"instock","10":"sale","11":"taxable","12":"shipping-taxable","13":"purchasable","14":"product-type-simple"},"_links":{"self":[{"href":"https:\/\/ziolazycia.com\/nowa\/wp-json\/wp\/v2\/product\/9916","targetHints":{"allow":["GET"]}}],"collection":[{"href":"https:\/\/ziolazycia.com\/nowa\/wp-json\/wp\/v2\/product"}],"about":[{"href":"https:\/\/ziolazycia.com\/nowa\/wp-json\/wp\/v2\/types\/product"}],"replies":[{"embeddable":true,"href":"https:\/\/ziolazycia.com\/nowa\/wp-json\/wp\/v2\/comments?post=9916"}],"wp:featuredmedia":[{"embeddable":true,"href":"https:\/\/ziolazycia.com\/nowa\/wp-json\/wp\/v2\/media\/9917"}],"wp:attachment":[{"href":"https:\/\/ziolazycia.com\/nowa\/wp-json\/wp\/v2\/media?parent=9916"}],"wp:term":[{"taxonomy":"product_brand","embeddable":true,"href":"https:\/\/ziolazycia.com\/nowa\/wp-json\/wp\/v2\/product_brand?post=9916"},{"taxonomy":"product_cat","embeddable":true,"href":"https:\/\/ziolazycia.com\/nowa\/wp-json\/wp\/v2\/product_cat?post=9916"},{"taxonomy":"product_tag","embeddable":true,"href":"https:\/\/ziolazycia.com\/nowa\/wp-json\/wp\/v2\/product_tag?post=9916"}],"curies":[{"name":"wp","href":"https:\/\/api.w.org\/{rel}","templated":true}]}}