{"id":9914,"date":"2024-10-08T15:45:45","date_gmt":"2024-10-08T13:45:45","guid":{"rendered":"https:\/\/ziolazycia.com\/nowa\/?post_type=product&#038;p=9914"},"modified":"2025-11-26T15:59:26","modified_gmt":"2025-11-26T14:59:26","slug":"roza-sok-100-bez-cukru-500-ml-polska-roza","status":"publish","type":"product","link":"https:\/\/ziolazycia.com\/nowa\/product\/roza-sok-100-bez-cukru-500-ml-polska-roza\/","title":{"rendered":"R\u00f3\u017ca sok 100% bez cukru 500 ml Polska R\u00f3\u017ca"},"content":{"rendered":"<p>&nbsp;<\/p>\n<p>Czysty sok z owoc\u00f3w r\u00f3\u017cy, bogaty w naturaln\u0105, owocow\u0105 witamin\u0119 C. Zawiera tak\u017ce beta-karoten, likopen i bioflawonoidy.<\/p>\n<p><strong>Wysoka zawarto\u015b\u0107 witaminy C (450 mg witaminy C w 100 ml) mo\u017ce przyczyni\u0107 si\u0119 do:<\/strong><\/p>\n<ul>\n<li>prawid\u0142owego funkcjonowania uk\u0142adu odporno\u015bciowego i uk\u0142adu nerwowego,<\/li>\n<li>utrzymania prawid\u0142owego metabolizmu energetycznego i funkcji psychologicznych,<\/li>\n<li>zmniejszenia uczucia zm\u0119czenia i znu\u017cenia,<\/li>\n<li>pomaga w prawid\u0142owej produkcji kolagenu co ma wp\u0142yw na w\u0142a\u015bciwe funkcjonowanie naczy\u0144 krwiono\u015bnych, ko\u015bci, dzi\u0105se\u0142,<\/li>\n<li>pomaga zachowa\u0107 zdrow\u0105 sk\u00f3r\u0119,<\/li>\n<li>ma niebagatelne znaczenie dla prawid\u0142owego przyswajania przez organizm \u017celaza,<\/li>\n<li>pomaga r\u00f3wnie\u017c w utrzymaniu w\u0142a\u015bciwego stanu b\u0142on \u015bluzowych oraz prawid\u0142owego widzenia.<\/li>\n<\/ul>\n<h3 data-sourcepos=\"15:1-15:48\">Jakie sk\u0142adniki od\u017cywcze zawiera sok z r\u00f3\u017cy?<\/h3>\n<p data-sourcepos=\"17:1-17:44\">Opr\u00f3cz witaminy C, sok z r\u00f3\u017cy jest bogaty w:<\/p>\n<ul data-sourcepos=\"19:1-22:0\">\n<li data-sourcepos=\"19:1-19:54\"><strong>Witaminy z grupy B:<\/strong> B1, B2, B3, B6, kwas foliowy<\/li>\n<li data-sourcepos=\"20:1-20:35\"><strong>Minera\u0142y:<\/strong> potas, wap\u0144, magnez<\/li>\n<li data-sourcepos=\"21:1-22:0\"><strong>Pektyny:<\/strong> b\u0142onnik rozpuszczalny, kt\u00f3ry korzystnie wp\u0142ywa na prac\u0119 uk\u0142adu pokarmowego<\/li>\n<\/ul>\n<p><strong>Proponowany spos\u00f3b podania<\/strong>: 2x dziennie po 50 ml soku (rano i wieczorem).<\/p>\n<p><strong>Sk\u0142adniki<\/strong>: 100% sok z owoc\u00f3w r\u00f3\u017cy (Rosa rugosa).<\/p>\n<p>Produkt do bezpo\u015bredniego spo\u017cycia lub rozcie\u0144czenia.<\/p>\n<h3><strong>\u015arednia warto\u015b\u0107 od\u017cywcza w 100 ml sok<\/strong>u z r\u00f3\u017cy bez cukru:<\/h3>\n<table width=\"0\">\n<tbody>\n<tr>\n<td width=\"341\"><strong>Warto\u015b\u0107 energetyczna (energia)<\/strong><\/td>\n<td width=\"181\"><strong>328 kJ\/ 77 kcal\u00a0<\/strong><\/td>\n<\/tr>\n<tr>\n<td width=\"341\"><strong>T\u0142uszcz<\/strong><\/td>\n<td width=\"181\"><strong>0,0 g<\/strong><\/td>\n<\/tr>\n<tr>\n<td width=\"341\"><strong>\u00a0w tym kwasy t\u0142uszczowe nasycone\u00a0<\/strong><\/td>\n<td width=\"181\"><strong>0,0 g<\/strong><\/td>\n<\/tr>\n<tr>\n<td width=\"341\"><strong>W\u0119glowodany<\/strong><\/td>\n<td width=\"181\"><strong>18,02 g<\/strong><\/td>\n<\/tr>\n<tr>\n<td width=\"341\"><strong>w tym: cukry<\/strong><\/td>\n<td width=\"181\"><strong>17,79 g<\/strong><\/td>\n<\/tr>\n<tr>\n<td width=\"341\"><strong>Bia\u0142ko<\/strong><\/td>\n<td width=\"181\"><strong>0 g<\/strong><\/td>\n<\/tr>\n<tr>\n<td width=\"341\"><strong>S\u00f3l<\/strong><\/td>\n<td width=\"181\"><strong>0,0055 g<\/strong><\/td>\n<\/tr>\n<tr>\n<td width=\"341\"><strong>Witamina C<\/strong><\/td>\n<td width=\"181\"><strong>450 mg<\/strong><\/td>\n<\/tr>\n<\/tbody>\n<\/table>\n<p>&nbsp;<\/p>\n<p><strong>Obj\u0119to\u015b\u0107 netto<\/strong>: 500\u00a0ml, butelka szklana z br\u0105zowego szk\u0142a (zabezpiecza sok przed utrat\u0105 w\u0142a\u015bciwo\u015bci od\u017cywczych i witamin).<\/p>\n<p><strong>\u015arodki ostro\u017cno\u015bci:<\/strong> Nie nale\u017cy przekracza\u0107 zalecanej dziennej porcji do spo\u017cycia w ci\u0105gu dnia.\u00a0 Produkt nie mo\u017ce by\u0107 stosowany jako substytut zr\u00f3\u017cnicowanej diety. Nie stosowa\u0107 w przypadku uczulenia na kt\u00f3rykolwiek ze sk\u0142adnik\u00f3w. Zalecamy zr\u00f3wnowa\u017cony spos\u00f3b \u017cywienia i zdrowy tryb \u017cycia.<\/p>\n<h3 data-sourcepos=\"43:1-43:55\">Czy istniej\u0105 przeciwwskazania do picia soku z r\u00f3\u017cy?<\/h3>\n<p data-sourcepos=\"45:1-45:124\">Chocia\u017c sok z r\u00f3\u017cy jest bardzo zdrowy, to nie jest odpowiedni dla wszystkich. Nale\u017cy zachowa\u0107 ostro\u017cno\u015b\u0107, je\u015bli cierpisz na:<\/p>\n<ul data-sourcepos=\"47:1-49:0\">\n<li data-sourcepos=\"47:1-47:77\"><strong>Zaburzenia krzepni\u0119cia krwi:<\/strong> Sok z r\u00f3\u017cy mo\u017ce zwi\u0119ksza\u0107 ryzyko krwawie\u0144.<\/li>\n<li data-sourcepos=\"48:1-49:0\"><strong>Nadkwa\u015bno\u015b\u0107 \u017co\u0142\u0105dka:<\/strong> Sok z r\u00f3\u017cy mo\u017ce nasila\u0107 objawy zgagi.<\/li>\n<\/ul>\n<p><strong>Spos\u00f3b przechowywania<\/strong>: Chroni\u0107 przed \u015bwiat\u0142em, przechowywa\u0107 w temperaturze pokojowej, w suchym miejscu niedost\u0119pnym dla ma\u0142ych dzieci. Po otwarciu przechowywa\u0107 w lod\u00f3wce w zamkni\u0119tej butelce i spo\u017cy\u0107 w ci\u0105gu 10 dni.<\/p>\n<p><strong>Dystrybutor: <\/strong>Polska R\u00f3\u017ca Ernest Michalski Sp. z o.o., ul. Rakowiecka 36 lok 243, 02-532 Warszawa<\/p>\n","protected":false},"excerpt":{"rendered":"<h2 data-sourcepos=\"1:1-1:48\">Sok z r\u00f3\u017cy \u2013 skarbnica witaminy C i nie tylko<\/h2>\n<p data-sourcepos=\"3:1-3:307\"><strong>Sok z r\u00f3\u017cy<\/strong> to nap\u00f3j, kt\u00f3ry zyskuje coraz wi\u0119ksz\u0105 popularno\u015b\u0107 ze wzgl\u0119du na swoje wyj\u0105tkowe w\u0142a\u015bciwo\u015bci zdrowotne. Wyrabiany z owoc\u00f3w dzikiej r\u00f3\u017cy, jest bogatym \u017ar\u00f3d\u0142em witamin, minera\u0142\u00f3w i antyoksydant\u00f3w. Jego intensywny, lekko kwaskowaty smak sprawia, \u017ce jest doskona\u0142ym uzupe\u0142nieniem codziennej diety.<\/p>\n","protected":false},"featured_media":9915,"comment_status":"open","ping_status":"closed","template":"","meta":[],"product_brand":[],"product_cat":[90],"product_tag":[],"class_list":{"0":"post-9914","1":"product","2":"type-product","3":"status-publish","4":"has-post-thumbnail","6":"product_cat-naturalne-produkty-spozywcze","8":"first","9":"instock","10":"sale","11":"taxable","12":"shipping-taxable","13":"purchasable","14":"product-type-simple"},"_links":{"self":[{"href":"https:\/\/ziolazycia.com\/nowa\/wp-json\/wp\/v2\/product\/9914","targetHints":{"allow":["GET"]}}],"collection":[{"href":"https:\/\/ziolazycia.com\/nowa\/wp-json\/wp\/v2\/product"}],"about":[{"href":"https:\/\/ziolazycia.com\/nowa\/wp-json\/wp\/v2\/types\/product"}],"replies":[{"embeddable":true,"href":"https:\/\/ziolazycia.com\/nowa\/wp-json\/wp\/v2\/comments?post=9914"}],"wp:featuredmedia":[{"embeddable":true,"href":"https:\/\/ziolazycia.com\/nowa\/wp-json\/wp\/v2\/media\/9915"}],"wp:attachment":[{"href":"https:\/\/ziolazycia.com\/nowa\/wp-json\/wp\/v2\/media?parent=9914"}],"wp:term":[{"taxonomy":"product_brand","embeddable":true,"href":"https:\/\/ziolazycia.com\/nowa\/wp-json\/wp\/v2\/product_brand?post=9914"},{"taxonomy":"product_cat","embeddable":true,"href":"https:\/\/ziolazycia.com\/nowa\/wp-json\/wp\/v2\/product_cat?post=9914"},{"taxonomy":"product_tag","embeddable":true,"href":"https:\/\/ziolazycia.com\/nowa\/wp-json\/wp\/v2\/product_tag?post=9914"}],"curies":[{"name":"wp","href":"https:\/\/api.w.org\/{rel}","templated":true}]}}