{"id":9912,"date":"2024-10-08T15:33:46","date_gmt":"2024-10-08T13:33:46","guid":{"rendered":"https:\/\/ziolazycia.com\/nowa\/?post_type=product&#038;p=9912"},"modified":"2025-11-26T15:59:26","modified_gmt":"2025-11-26T14:59:26","slug":"czarny-bez-sok-100-bez-cukru-500-ml-polska-roza","status":"publish","type":"product","link":"https:\/\/ziolazycia.com\/nowa\/product\/czarny-bez-sok-100-bez-cukru-500-ml-polska-roza\/","title":{"rendered":"Czarny Bez sok 100% bez cukru 500 ml Polska R\u00f3\u017ca"},"content":{"rendered":"<h3 data-sourcepos=\"5:1-5:42\">Dlaczego warto pi\u0107 sok z czarnego bzu?<\/h3>\n<ul data-sourcepos=\"7:1-12:0\">\n<li data-sourcepos=\"7:1-7:261\"><strong>Wzmacnia odporno\u015b\u0107:<\/strong> Sok z czarnego bzu jest szczeg\u00f3lnie polecany w okresie jesienno-zimowym, kiedy jeste\u015bmy bardziej nara\u017ceni na infekcje. Zawarta w nim witamina C stymuluje uk\u0142ad odporno\u015bciowy, pomagaj\u0105c organizmowi skutecznie zwalcza\u0107 wirusy i bakterie.<\/li>\n<li data-sourcepos=\"8:1-8:161\"><strong>\u0141agodzi objawy przezi\u0119bienia i grypy:<\/strong> Sok z czarnego bzu mo\u017ce skr\u00f3ci\u0107 czas trwania przezi\u0119bienia i z\u0142agodzi\u0107 takie objawy jak kaszel, gor\u0105czka i b\u00f3l g\u0142owy.<\/li>\n<li data-sourcepos=\"9:1-9:165\"><strong>Dzia\u0142a przeciwzapalnie:<\/strong> Dzi\u0119ki zawarto\u015bci antocyjan\u00f3w, sok z czarnego bzu wykazuje silne dzia\u0142anie przeciwzapalne, co mo\u017ce by\u0107 pomocne przy wielu schorzeniach.<\/li>\n<li data-sourcepos=\"10:1-10:148\"><strong>Jest bogaty w antyoksydanty:<\/strong> Antyoksydanty chroni\u0105 kom\u00f3rki przed uszkodzeniami wywo\u0142anymi przez wolne rodniki, spowalniaj\u0105c procesy starzenia.<\/li>\n<li data-sourcepos=\"11:1-12:0\"><strong>Wspiera zdrowie serca:<\/strong> Regularne picie soku z czarnego bzu mo\u017ce pom\u00f3c obni\u017cy\u0107 ci\u015bnienie krwi i zmniejszy\u0107 ryzyko chor\u00f3b serca.<\/li>\n<\/ul>\n<p><strong>Proponowany spos\u00f3b podania:<\/strong> 2x dziennie po 50 ml soku (rano i wieczorem).<\/p>\n<h3 data-sourcepos=\"34:1-34:31\">Jak pi\u0107 sok z czarnego bzu?<\/h3>\n<p data-sourcepos=\"36:1-36:47\">Sok z czarnego bzu mo\u017cna pi\u0107 na wiele sposob\u00f3w:<\/p>\n<ul data-sourcepos=\"38:1-41:0\">\n<li data-sourcepos=\"38:1-38:76\"><strong>Czysty:<\/strong> Sch\u0142odzony sok z czarnego bzu to doskona\u0142y orze\u017awiaj\u0105cy nap\u00f3j.<\/li>\n<li data-sourcepos=\"39:1-39:96\"><strong>Rozcie\u0144czony:<\/strong> Mo\u017cesz rozcie\u0144czy\u0107 sok wod\u0105, sokiem z innych owoc\u00f3w lub doda\u0107 go do herbaty.<\/li>\n<li data-sourcepos=\"40:1-41:0\"><strong>Jako dodatek do potraw:<\/strong> Sok z czarnego bzu \u015bwietnie komponuje si\u0119 z mi\u0119sem, rybami i deserami.<\/li>\n<\/ul>\n<p><strong>Sk\u0142adniki:<\/strong> 100% sok z owoc\u00f3w czarnego bzu<\/p>\n<h3><strong>\u015arednia warto\u015b\u0107 od\u017cywcza w 100 ml soku:<\/strong><\/h3>\n<table style=\"height: 396px;\" width=\"721\">\n<tbody>\n<tr>\n<td width=\"159\"><strong>Warto\u015b\u0107 energetyczna (energia)<\/strong><\/td>\n<td width=\"159\"><strong>\u00a0 182 kJ\/ 43 kcal <\/strong><\/td>\n<\/tr>\n<tr>\n<td width=\"159\"><strong>T\u0142uszcz<\/strong><\/td>\n<td width=\"159\"><strong>\u00a00g<\/strong><\/td>\n<\/tr>\n<tr>\n<td width=\"159\"><strong>w tym kwasy t\u0142uszczowe nasycone<\/strong><\/td>\n<td width=\"159\"><strong>\u00a00g<\/strong><\/td>\n<\/tr>\n<tr>\n<td width=\"159\"><strong>W\u0119glowodany<\/strong><\/td>\n<td width=\"159\"><strong>\u00a010,3 g<\/strong><\/td>\n<\/tr>\n<tr>\n<td width=\"159\"><strong>w tym: cukry <\/strong><\/td>\n<td width=\"159\"><strong>\u00a08,7 g<\/strong><\/td>\n<\/tr>\n<tr>\n<td width=\"159\"><strong>Bia\u0142ko <\/strong><\/td>\n<td width=\"159\"><strong>\u00a00,4 g<\/strong><\/td>\n<\/tr>\n<tr>\n<td width=\"159\"><strong>S\u00f3l<\/strong><\/td>\n<td width=\"159\"><strong>\u00a00,0034 g<\/strong><\/td>\n<\/tr>\n<\/tbody>\n<\/table>\n<p><strong>Obj\u0119to\u015b\u0107 netto:<\/strong> 500 ml, butelka szklana z br\u0105zowego szk\u0142a (zabezpiecza sok przed utrat\u0105 w\u0142a\u015bciwo\u015bci od\u017cywczych i witamin)<\/p>\n<p><strong>\u015arodki ostro\u017cno\u015bci:<\/strong> Nie nale\u017cy przekracza\u0107 zalecanej dziennej porcji do spo\u017cycia w ci\u0105gu dnia. Produkt nie mo\u017ce by\u0107 stosowany jako substytut zr\u00f3\u017cnicowanej diety. Nie stosowa\u0107 w przypadku uczulenia na kt\u00f3rykolwiek ze sk\u0142adnik\u00f3w. Zalecamy zr\u00f3wnowa\u017cony spos\u00f3b \u017cywienia i zdrowy tryb \u017cycia.<\/p>\n<p><strong>Spos\u00f3b przechowywania<\/strong>: Chroni\u0107 przed \u015bwiat\u0142em, przechowywa\u0107 w temperaturze pokojowej, w suchym miejscu niedost\u0119pnym dla ma\u0142ych dzieci.Po otwarciu przechowywa\u0107 w lod\u00f3wce w zamkni\u0119tej butelce i spo\u017cy\u0107 w ci\u0105gu 10 dni.<\/p>\n<p><strong>Dystrybutor:<\/strong> Polska R\u00f3\u017ca Ernest Michalski Sp. z o.o., ul. Rakowiecka 36 lok. 243, 02-532 Warszawa<\/p>\n","protected":false},"excerpt":{"rendered":"<h2 data-sourcepos=\"1:1-1:49\">Sok z czarnego bzu \u2013 naturalny eliksir zdrowia<\/h2>\n<p data-sourcepos=\"3:1-3:232\"><strong>Sok z czarnego bzu<\/strong> to nap\u00f3j, kt\u00f3ry od wiek\u00f3w ceniony jest za swoje w\u0142a\u015bciwo\u015bci zdrowotne. Zawarte w nim witaminy, minera\u0142y i antyoksydanty sprawiaj\u0105, \u017ce jest to prawdziwa skarbnica dobroczynnych substancji dla naszego organizmu.<\/p>\n","protected":false},"featured_media":9913,"comment_status":"open","ping_status":"closed","template":"","meta":[],"product_brand":[],"product_cat":[90],"product_tag":[],"class_list":{"0":"post-9912","1":"product","2":"type-product","3":"status-publish","4":"has-post-thumbnail","6":"product_cat-naturalne-produkty-spozywcze","8":"first","9":"instock","10":"sale","11":"taxable","12":"shipping-taxable","13":"purchasable","14":"product-type-simple"},"_links":{"self":[{"href":"https:\/\/ziolazycia.com\/nowa\/wp-json\/wp\/v2\/product\/9912","targetHints":{"allow":["GET"]}}],"collection":[{"href":"https:\/\/ziolazycia.com\/nowa\/wp-json\/wp\/v2\/product"}],"about":[{"href":"https:\/\/ziolazycia.com\/nowa\/wp-json\/wp\/v2\/types\/product"}],"replies":[{"embeddable":true,"href":"https:\/\/ziolazycia.com\/nowa\/wp-json\/wp\/v2\/comments?post=9912"}],"wp:featuredmedia":[{"embeddable":true,"href":"https:\/\/ziolazycia.com\/nowa\/wp-json\/wp\/v2\/media\/9913"}],"wp:attachment":[{"href":"https:\/\/ziolazycia.com\/nowa\/wp-json\/wp\/v2\/media?parent=9912"}],"wp:term":[{"taxonomy":"product_brand","embeddable":true,"href":"https:\/\/ziolazycia.com\/nowa\/wp-json\/wp\/v2\/product_brand?post=9912"},{"taxonomy":"product_cat","embeddable":true,"href":"https:\/\/ziolazycia.com\/nowa\/wp-json\/wp\/v2\/product_cat?post=9912"},{"taxonomy":"product_tag","embeddable":true,"href":"https:\/\/ziolazycia.com\/nowa\/wp-json\/wp\/v2\/product_tag?post=9912"}],"curies":[{"name":"wp","href":"https:\/\/api.w.org\/{rel}","templated":true}]}}