{"id":9910,"date":"2024-10-08T14:40:25","date_gmt":"2024-10-08T12:40:25","guid":{"rendered":"https:\/\/ziolazycia.com\/nowa\/?post_type=product&#038;p=9910"},"modified":"2025-11-26T15:59:26","modified_gmt":"2025-11-26T14:59:26","slug":"sok-granat-100-bez-cukru-500ml-polska-roza","status":"publish","type":"product","link":"https:\/\/ziolazycia.com\/nowa\/product\/sok-granat-100-bez-cukru-500ml-polska-roza\/","title":{"rendered":"Granat sok 100% bez cukru 500 ml Polska R\u00f3\u017ca"},"content":{"rendered":"<p data-sourcepos=\"5:1-5:37\">Granat, nazywany te\u017c owocem bogi\u0144 i bog\u00f3w, ju\u017c w staro\u017cytno\u015bci by\u0142 u\u017cywany w celach leczniczych i powszechnie kojarzony z mi\u0142o\u015bci\u0105, p\u0142odno\u015bci\u0105 i m\u0142odo\u015bci\u0105. Na Cypr podobno sprowadzi\u0142a go Afrodyta, a Kleopatra spo\u017cywa\u0142a jego ziarna, by poprawi\u0107 stan cery. Hipokrates z kolei pi\u0142 sok z granat\u00f3w wierz\u0105c, \u017ce pomo\u017ce mu w leczeniu bezp\u0142odno\u015bci.<\/p>\n<h3 data-sourcepos=\"5:1-5:37\">Dlaczego warto pi\u0107 sok z granatu?<\/h3>\n<ul data-sourcepos=\"7:1-12:0\">\n<li data-sourcepos=\"7:1-7:180\"><strong>Silne dzia\u0142anie antyoksydacyjne:<\/strong> Sok z granatu jest jednym z najbogatszych \u017ar\u00f3de\u0142 przeciwutleniaczy, kt\u00f3re chroni\u0105 kom\u00f3rki przed uszkodzeniami wywo\u0142anymi przez wolne rodniki.<\/li>\n<li data-sourcepos=\"8:1-8:180\"><strong>Wsparcie uk\u0142adu sercowo-naczyniowego:<\/strong> Regularne picie soku z granatu mo\u017ce pom\u00f3c obni\u017cy\u0107 ci\u015bnienie krwi, zmniejszy\u0107 poziom cholesterolu i zapobiec tworzeniu si\u0119 skrzep\u00f3w krwi.<\/li>\n<li data-sourcepos=\"9:1-9:143\"><strong>Wzmocnienie uk\u0142adu odporno\u015bciowego:<\/strong> Witamina C zawarta w soku z granatu wspomaga uk\u0142ad odporno\u015bciowy i mo\u017ce zwi\u0119ksza\u0107 odporno\u015b\u0107 na infekcje.<\/li>\n<li data-sourcepos=\"10:1-10:143\"><strong>Zdrowa sk\u00f3ra:<\/strong> Przeciwutleniacze zawarte w soku z granatu pomagaj\u0105 zwalcza\u0107 wolne rodniki, kt\u00f3re przyspieszaj\u0105 proces starzenia si\u0119 sk\u00f3ry.<\/li>\n<li data-sourcepos=\"11:1-12:0\"><strong>W\u0142a\u015bciwo\u015bci przeciwzapalne:<\/strong> Sok z granatu mo\u017ce \u0142agodzi\u0107 stany zapalne w organizmie.<\/li>\n<\/ul>\n<h3 data-sourcepos=\"13:1-13:51\">Jakie sk\u0142adniki od\u017cywcze zawiera sok z granatu?<\/h3>\n<p data-sourcepos=\"15:1-15:28\">Sok z granatu jest bogaty w:<\/p>\n<ul data-sourcepos=\"17:1-22:0\">\n<li style=\"list-style-type: none;\">\n<ul data-sourcepos=\"17:1-22:0\">\n<li data-sourcepos=\"17:1-17:59\"><strong>Witamin\u0119 C:<\/strong> Zwi\u0119ksza odporno\u015b\u0107, wspomaga gojenie ran.<\/li>\n<li data-sourcepos=\"18:1-18:81\"><strong>Witaminy z grupy B:<\/strong> Wa\u017cne dla prawid\u0142owego funkcjonowania uk\u0142adu nerwowego.<\/li>\n<li data-sourcepos=\"19:1-19:59\"><strong>Potas:<\/strong> Reguluje ci\u015bnienie krwi, wspiera prac\u0119 mi\u0119\u015bni.<\/li>\n<li data-sourcepos=\"20:1-20:83\"><strong>Antocyjany:<\/strong> Silne przeciwutleniacze, nadaj\u0105ce owocom charakterystyczny kolor.<\/li>\n<li data-sourcepos=\"21:1-22:0\"><strong>Kwasy organiczne:<\/strong> Poprawiaj\u0105 trawienie, maj\u0105 dzia\u0142anie bakteriob\u00f3jcze.<\/li>\n<\/ul>\n<\/li>\n<\/ul>\n<div class=\"attachment-container search-images\"><\/div>\n<h3 data-sourcepos=\"25:1-25:26\">Jak pi\u0107 sok z granatu?<\/h3>\n<p data-sourcepos=\"27:1-27:42\">Sok z granatu mo\u017cna pi\u0107 na wiele sposob\u00f3w:<\/p>\n<ul data-sourcepos=\"29:1-32:0\">\n<li data-sourcepos=\"29:1-29:67\"><strong>Czysty:<\/strong> Najlepiej smakuje sch\u0142odzony, jako samodzielny nap\u00f3j.<\/li>\n<li data-sourcepos=\"30:1-30:92\"><strong>Rozcie\u0144czony:<\/strong> Mo\u017cna go rozcie\u0144czy\u0107 wod\u0105, sokiem z innych owoc\u00f3w lub doda\u0107 do koktajli.<\/li>\n<li data-sourcepos=\"31:1-32:0\"><strong>Jako dodatek do potraw:<\/strong> Doskonale komponuje si\u0119 z sa\u0142atkami, mi\u0119sem, rybami i deserami.<\/li>\n<\/ul>\n<p><strong>Proponowany spos\u00f3b u\u017cycia: <\/strong>2 x dziennie po 50ml (rano i wieczorem).<\/p>\n<p>Produkt pasteryzowany, nieklarowany. Zawiera naturalnie wyst\u0119puj\u0105ce cukry. Osad jest zjawiskiem naturalnym.<\/p>\n<p><strong>Sk\u0142adniki:<\/strong> 100 % sok NFC* z granat\u00f3w (100%)<br \/>\n*NFC = not from concentrat, czyli t\u0142oczone bezpo\u015brednio z owoc\u00f3w<\/p>\n<p>Smak, kolor i zapach jest zale\u017cny od u\u017cytej partii granat\u00f3w.<\/p>\n<p>Produkt pasteryzowany, nieklarowany. Zawiera naturalnie wyst\u0119puj\u0105ce cukry. Osad jest zjawiskiem naturalnym.<\/p>\n<h3>\u015arednia warto\u015b\u0107 od\u017cywcza w 100 ml soku z granatu bez cukru:<\/h3>\n<table width=\"0\">\n<tbody>\n<tr>\n<td width=\"262\">Warto\u015b\u0107 energetyczna (energia)<\/td>\n<td width=\"117\">218 kJ\/ 21 kcal<\/td>\n<\/tr>\n<tr>\n<td width=\"262\">T\u0142uszcz<\/td>\n<td width=\"117\">0 g<\/td>\n<\/tr>\n<tr>\n<td width=\"262\">w tym kwasy t\u0142uszczowe nasycone<\/td>\n<td width=\"117\">0 g<\/td>\n<\/tr>\n<tr>\n<td width=\"262\">W\u0119glowodany<\/td>\n<td width=\"117\">11 g<\/td>\n<\/tr>\n<tr>\n<td width=\"262\">w tym: cukry<\/td>\n<td width=\"117\">11 g<\/td>\n<\/tr>\n<tr>\n<td width=\"262\">Bia\u0142ko<\/td>\n<td width=\"117\">0 g<\/td>\n<\/tr>\n<tr>\n<td width=\"262\">S\u00f3l<\/td>\n<td width=\"117\">0 g<\/td>\n<\/tr>\n<\/tbody>\n<\/table>\n<p><strong>Obj\u0119to\u015b\u0107 netto<\/strong>: 500 ml, butelka szklana z br\u0105zowego szk\u0142a (zabezpiecza sok przed utrat\u0105 w\u0142a\u015bciwo\u015bci od\u017cywczych i witamin)<\/p>\n<p><strong>\u015arodki ostro\u017cno\u015bci:<\/strong> Nie nale\u017cy przekracza\u0107 zalecanej dziennej porcji do spo\u017cycia w ci\u0105gu dnia. Produkt nie mo\u017ce by\u0107 stosowany jako substytut zr\u00f3\u017cnicowanej diety. Nie stosowa\u0107 w przypadku uczulenia na kt\u00f3rykolwiek ze sk\u0142adnik\u00f3w. Zalecamy zr\u00f3wnowa\u017cony spos\u00f3b \u017cywienia i zdrowy tryb \u017cycia.<\/p>\n<h3 data-sourcepos=\"33:1-33:58\">Czy istniej\u0105 przeciwwskazania do picia soku z granatu?<\/h3>\n<p data-sourcepos=\"35:1-35:127\">Chocia\u017c sok z granatu jest bardzo zdrowy, to nie jest odpowiedni dla wszystkich. Nale\u017cy zachowa\u0107 ostro\u017cno\u015b\u0107, je\u015bli cierpisz na:<\/p>\n<ul data-sourcepos=\"37:1-40:0\">\n<li data-sourcepos=\"37:1-37:67\"><strong>Nadkwa\u015bno\u015b\u0107 \u017co\u0142\u0105dka:<\/strong> Sok z granatu mo\u017ce nasila\u0107 objawy zgagi.<\/li>\n<li data-sourcepos=\"38:1-38:67\"><strong>Alergi\u0119 na owoce cytrusowe:<\/strong> Mog\u0105 wyst\u0105pi\u0107 reakcje alergiczne.<\/li>\n<li data-sourcepos=\"39:1-40:0\"><strong>Zaburzenia krzepni\u0119cia krwi:<\/strong> Sok z granatu mo\u017ce zwi\u0119ksza\u0107 ryzyko krwawie\u0144.<\/li>\n<\/ul>\n<p><strong>Spos\u00f3b przechowywania<\/strong>: Chroni\u0107 przed \u015bwiat\u0142em, przechowywa\u0107 w temperaturze pokojowej, w suchym miejscu niedost\u0119pnym dla ma\u0142ych dzieci. Po otwarciu przechowywa\u0107 w lod\u00f3wce w zamkni\u0119tej butelce i spo\u017cy\u0107 w ci\u0105gu 10 dni.<\/p>\n<p><strong>Dystrybutor:<\/strong> Polska R\u00f3\u017ca Ernest Michalski Sp. z o.o., Falenty Nowe, ul. R\u00f3\u017cy 5, 05-090 Raszyn<\/p>\n","protected":false},"excerpt":{"rendered":"<h2 data-sourcepos=\"1:1-1:44\">Sok z granatu \u2013 skarbnica zdrowia i smaku<\/h2>\n<p data-sourcepos=\"3:1-3:273\"><strong>Sok z granatu<\/strong> to nap\u00f3j, kt\u00f3ry zyska\u0142 sobie ogromn\u0105 popularno\u015b\u0107 dzi\u0119ki swoim wyj\u0105tkowym w\u0142a\u015bciwo\u015bciom zdrowotnym i intensywnemu, lekko kwaskowatemu smakowi. Ten naturalny nektar powstaje z soczystych ziaren granatu, kt\u00f3re s\u0105 bogate w witaminy, minera\u0142y i antyoksydanty.<\/p>\n","protected":false},"featured_media":9911,"comment_status":"open","ping_status":"closed","template":"","meta":[],"product_brand":[],"product_cat":[90],"product_tag":[],"class_list":{"0":"post-9910","1":"product","2":"type-product","3":"status-publish","4":"has-post-thumbnail","6":"product_cat-naturalne-produkty-spozywcze","8":"first","9":"instock","10":"sale","11":"taxable","12":"shipping-taxable","13":"purchasable","14":"product-type-simple"},"_links":{"self":[{"href":"https:\/\/ziolazycia.com\/nowa\/wp-json\/wp\/v2\/product\/9910","targetHints":{"allow":["GET"]}}],"collection":[{"href":"https:\/\/ziolazycia.com\/nowa\/wp-json\/wp\/v2\/product"}],"about":[{"href":"https:\/\/ziolazycia.com\/nowa\/wp-json\/wp\/v2\/types\/product"}],"replies":[{"embeddable":true,"href":"https:\/\/ziolazycia.com\/nowa\/wp-json\/wp\/v2\/comments?post=9910"}],"wp:featuredmedia":[{"embeddable":true,"href":"https:\/\/ziolazycia.com\/nowa\/wp-json\/wp\/v2\/media\/9911"}],"wp:attachment":[{"href":"https:\/\/ziolazycia.com\/nowa\/wp-json\/wp\/v2\/media?parent=9910"}],"wp:term":[{"taxonomy":"product_brand","embeddable":true,"href":"https:\/\/ziolazycia.com\/nowa\/wp-json\/wp\/v2\/product_brand?post=9910"},{"taxonomy":"product_cat","embeddable":true,"href":"https:\/\/ziolazycia.com\/nowa\/wp-json\/wp\/v2\/product_cat?post=9910"},{"taxonomy":"product_tag","embeddable":true,"href":"https:\/\/ziolazycia.com\/nowa\/wp-json\/wp\/v2\/product_tag?post=9910"}],"curies":[{"name":"wp","href":"https:\/\/api.w.org\/{rel}","templated":true}]}}