{"id":9906,"date":"2024-10-08T14:23:19","date_gmt":"2024-10-08T12:23:19","guid":{"rendered":"https:\/\/ziolazycia.com\/nowa\/?post_type=product&#038;p=9906"},"modified":"2025-11-26T15:59:25","modified_gmt":"2025-11-26T14:59:25","slug":"100-bio-syrop-z-agawy-salmeana-premium-duza-paka-big-nature-340-g","status":"publish","type":"product","link":"https:\/\/ziolazycia.com\/nowa\/product\/100-bio-syrop-z-agawy-salmeana-premium-duza-paka-big-nature-340-g\/","title":{"rendered":"100% Bio Syrop z Agawy Salmeana Premium Du\u017ca Paka Big Nature 340 g"},"content":{"rendered":"<h3>Bio syrop z agawy salmeana to warto\u015bciowy produkt s\u0142odz\u0105cy, poniewa\u017c:<\/h3>\n<ul>\n<li>Ma niski indeks glikemiczny<\/li>\n<li>Jest znacznie s\u0142odszy od zwyk\u0142ego cukru<\/li>\n<li>Doskonale nadaje si\u0119 do s\u0142odzenia<\/li>\n<li>Ma bardzo delikatny s\u0142odki smak<\/li>\n<li>Posiada certyfikat rolnictwa ekologicznego<\/li>\n<\/ul>\n<h3>Warto\u015bci od\u017cywcze w 100 g Bio syropu z agawy salmeana<\/h3>\n<ul>\n<li>Warto\u015b\u0107 energetyczna (kJ\/kcal) 1259 kJ\/ 297 kcal<\/li>\n<li>T\u0142uszcz 0 g<\/li>\n<li>w tym kwasy t\u0142uszczowe nasycone 0 g<\/li>\n<li>W\u0119glowodany 71 g<\/li>\n<li>w tym cukry 69 g<\/li>\n<li>B\u0142onnik 5,8 g<\/li>\n<li>Bia\u0142ko 0 g<\/li>\n<li>S\u00f3l 0,05 g<\/li>\n<\/ul>\n<p>*RWS- nie zosta\u0142o ustalone<\/p>\n<h3><strong>Sk\u0142adniki: <\/strong>100% bio syrop z agawy salmeana z kontrolowanych upraw ekologicznych<\/h3>\n<p><strong>Masa netto<\/strong>: 340 g<\/p>\n<p><strong>Spos\u00f3b spo\u017cycia<\/strong>: Mo\u017cna spo\u017cywa\u0107 bezpo\u015brednio lub stosowa\u0107 jako zamiennik dla cukru lub miodu.<\/p>\n<p>Nie stosowa\u0107 w przypadku uczulenia na kt\u00f3rykolwiek ze sk\u0142adnik\u00f3w produktu. Produkt nie mo\u017ce by\u0107 stosowany przez kobiety w ci\u0105\u017cy i matki karmi\u0105ce oraz dzieci. Nie przekracza\u0107 zalecanej do spo\u017cycia dziennej porcji produktu. Suplement diety nie mo\u017ce by\u0107 stosowany jako substytut lub zamiennik zr\u00f3\u017cnicowanej diety. Zalecany jest zr\u00f3wnowa\u017cony spos\u00f3b \u017cywienia i zdrowy tryb \u017cycia.<\/p>\n<p><strong>Spos\u00f3b przechowywania:<\/strong> Przechowywa\u0107 w temperaturze pokojowej, suchym i ciemnym miejscu, w szczelnie zamkni\u0119tym opakowaniu, w miejscu niedost\u0119pnym dla dzieci. Po otwarciu zu\u017cy\u0107 w ci\u0105gu 3 miesi\u0119cy.<\/p>\n<p><strong>Producent: <\/strong>Big Nature<\/p>\n<p><strong>Kraj pochodzenia<\/strong>: Meksyk<\/p>\n<p><strong>Dystrybutor<\/strong>: Mix Brands Sp. z o.o., ul. Odlewnicza 7, 03-231 Warszawa<\/p>\n<p>&nbsp;<\/p>\n","protected":false},"excerpt":{"rendered":"<h3>Syrop z agawy (nektar z agawy) to ceniona substancja s\u0142odz\u0105ca.<\/h3>\n<p>Produkowany jest g\u0142\u00f3wnie w Meksyku. Ma przyjemny smak, kt\u00f3ry mo\u017cna por\u00f3wna\u0107 z \u0142agodnym miodem. Jest oko\u0142o trzykrotnie s\u0142odszy od cukru, jednocze\u015bnie posiadaj\u0105c od czterech do pi\u0119ciu razy ni\u017cszy indeks glikemiczny od miodu. Idealnie nadaje si\u0119 do s\u0142odzenia napoj\u00f3w, deser\u00f3w i potraw.<\/p>\n","protected":false},"featured_media":9907,"comment_status":"open","ping_status":"closed","template":"","meta":[],"product_brand":[],"product_cat":[90],"product_tag":[],"class_list":{"0":"post-9906","1":"product","2":"type-product","3":"status-publish","4":"has-post-thumbnail","6":"product_cat-naturalne-produkty-spozywcze","8":"first","9":"outofstock","10":"sale","11":"taxable","12":"shipping-taxable","13":"purchasable","14":"product-type-simple"},"_links":{"self":[{"href":"https:\/\/ziolazycia.com\/nowa\/wp-json\/wp\/v2\/product\/9906","targetHints":{"allow":["GET"]}}],"collection":[{"href":"https:\/\/ziolazycia.com\/nowa\/wp-json\/wp\/v2\/product"}],"about":[{"href":"https:\/\/ziolazycia.com\/nowa\/wp-json\/wp\/v2\/types\/product"}],"replies":[{"embeddable":true,"href":"https:\/\/ziolazycia.com\/nowa\/wp-json\/wp\/v2\/comments?post=9906"}],"wp:featuredmedia":[{"embeddable":true,"href":"https:\/\/ziolazycia.com\/nowa\/wp-json\/wp\/v2\/media\/9907"}],"wp:attachment":[{"href":"https:\/\/ziolazycia.com\/nowa\/wp-json\/wp\/v2\/media?parent=9906"}],"wp:term":[{"taxonomy":"product_brand","embeddable":true,"href":"https:\/\/ziolazycia.com\/nowa\/wp-json\/wp\/v2\/product_brand?post=9906"},{"taxonomy":"product_cat","embeddable":true,"href":"https:\/\/ziolazycia.com\/nowa\/wp-json\/wp\/v2\/product_cat?post=9906"},{"taxonomy":"product_tag","embeddable":true,"href":"https:\/\/ziolazycia.com\/nowa\/wp-json\/wp\/v2\/product_tag?post=9906"}],"curies":[{"name":"wp","href":"https:\/\/api.w.org\/{rel}","templated":true}]}}