{"id":9904,"date":"2024-10-07T11:13:45","date_gmt":"2024-10-07T09:13:45","guid":{"rendered":"https:\/\/ziolazycia.com\/nowa\/?post_type=product&#038;p=9904"},"modified":"2025-11-26T15:59:25","modified_gmt":"2025-11-26T14:59:25","slug":"100-bio-czysty-olej-arganowy-z-maroka-do-pielegnacji-ciala-oraz-wlosow-z-certyfikatem-ecocert-125-ml","status":"publish","type":"product","link":"https:\/\/ziolazycia.com\/nowa\/product\/100-bio-czysty-olej-arganowy-z-maroka-do-pielegnacji-ciala-oraz-wlosow-z-certyfikatem-ecocert-125-ml\/","title":{"rendered":"100% BIO &#8211; czysty olej arganowy z Maroka do piel\u0119gnacji cia\u0142a oraz w\u0142os\u00f3w z certyfikatem ECOCERT 125 ml"},"content":{"rendered":"<h2><strong>100% BIO &#8211; CZYSTY OLEJ ARGANOWY Z MAROKA, T\u0141OCZONY NA ZIMNO.<\/strong><\/h2>\n<p><strong>POSIADA CERTYFIKAT JAKO\u015aCI BIOLOGICZNEJ ECOCERT <\/strong><\/p>\n<p><strong>Olejek arganowy<\/strong>, cz\u0119sto nazywany <strong>P\u0141YNNYM Z\u0141OTEM MAROKA<\/strong>, to jeden z najbardziej cenionych olej\u00f3w ro\u015blinnych w kosmetyce. Wyciskany na zimno z pestek owoc\u00f3w drzewa arganii, ten naturalny skarb skrywa w sobie niezwyk\u0142e w\u0142a\u015bciwo\u015bci piel\u0119gnacyjne.<\/p>\n<h3><strong>Dlaczego warto go stosowa\u0107?<\/strong><\/h3>\n<ul>\n<li><strong>Nawil\u017ca i od\u017cywia:<\/strong> Olejek arganowy jest bogaty w kwasy t\u0142uszczowe omega-6 i omega-9, kt\u00f3re tworz\u0105 na sk\u00f3rze i w\u0142osach ochronn\u0105 warstw\u0119, zapobiegaj\u0105c utracie wilgoci.<\/li>\n<li><strong>Regeneruje:<\/strong> Dzi\u0119ki zawarto\u015bci witaminy E, olejek arganowy dzia\u0142a przeciwutleniaj\u0105co, neutralizuj\u0105c szkodliwe dzia\u0142anie wolnych rodnik\u00f3w. Pomaga regenerowa\u0107 uszkodzone kom\u00f3rki sk\u00f3ry i w\u0142os\u00f3w.<\/li>\n<li><strong>Wyg\u0142adza i uj\u0119drnia:<\/strong> Regularne stosowanie olejku arganowego dog\u0142\u0119bnie uj\u0119drnia i napina sk\u00f3r\u0119, poprawia elastyczno\u015b\u0107 sk\u00f3ry, redukuje zmarszczki poprzez dobudow\u0119 warstwy hydrolipidowej sk\u00f3ry, a tak\u017ce cellulit i rozst\u0119py.<\/li>\n<li><strong>Chroni przed s\u0142o\u0144cem:<\/strong> Olejek arganowy zawiera naturalne filtry UV, kt\u00f3re chroni\u0105 sk\u00f3r\u0119 przed szkodliwym promieniowaniem s\u0142onecznym.<\/li>\n<li><strong>\u0141agodzi podra\u017cnienia:<\/strong> Dzi\u0119ki swoim w\u0142a\u015bciwo\u015bciom przeciwzapalnym, olejek arganowy \u0142agodzi podra\u017cnienia sk\u00f3ry, takie jak:\n<ul>\n<li>Egzema<\/li>\n<li>Tr\u0105dzik<\/li>\n<li>\u0141uszczyca<\/li>\n<li>Odparzenia<\/li>\n<li>Poparzenia s\u0142oneczne<\/li>\n<li>Mo\u017ce tak\u017ce przyspiesza\u0107 gojenie ran, zadrapa\u0144, p\u0119kni\u0119\u0107 sk\u00f3ry, rozst\u0119p\u00f3w, blizn.<\/li>\n<\/ul>\n<\/li>\n<\/ul>\n<ul>\n<li><strong>Wzmacnia w\u0142osy:<\/strong> Olejek arganowy od\u017cywia w\u0142osy od nasady po same ko\u0144ce, zapobiegaj\u0105c ich wypadaniu, rozdwajaniu i \u0142amaniu. Nadaje w\u0142osom blask i mi\u0119kko\u015b\u0107.<\/li>\n<li><strong>Ma zastosowanie w piel\u0119gnacji nawet bardzo wysuszonej sk\u00f3ry d\u0142oni. <\/strong>U\u017cywany jest tak\u017ce do piel\u0119gnacji paznokci.<\/li>\n<\/ul>\n<h3><strong>Jak stosowa\u0107 olejek arganowy?<\/strong><\/h3>\n<p>Olejek arganowy mo\u017cna stosowa\u0107 na wiele sposob\u00f3w:<\/p>\n<ul>\n<li><strong>Jako serum do twarzy:<\/strong> Kilka kropel olejku wmasuj w oczyszczon\u0105 sk\u00f3r\u0119 twarzy rano i\/lub wieczorem.<\/li>\n<li><strong>Do w\u0142os\u00f3w:<\/strong> Kilka kropel olejku rozprowad\u017a na d\u0142ugo\u015bci w\u0142os\u00f3w, szczeg\u00f3lnie na ko\u0144c\u00f3wkach.<\/li>\n<li><strong>Do cia\u0142a:<\/strong> Po k\u0105pieli wmasuj olejek w wilgotn\u0105 sk\u00f3r\u0119.<\/li>\n<li><strong>Do paznokci i sk\u00f3rek:<\/strong> Regularnie nawil\u017caj paznokcie i sk\u00f3rki, aby zapobiec ich przesuszeniu i \u0142amaniu.<\/li>\n<li><strong>Do masa\u017cu:<\/strong> rozlu\u017ania spi\u0119te i bol\u0105ce mi\u0119\u015bnie<\/li>\n<\/ul>\n<p><strong>Wa\u017cne:<\/strong> Przed zastosowaniem olejku arganowego wykonaj pr\u00f3b\u0119 uczuleniow\u0105, nak\u0142adaj\u0105c niewielk\u0105 ilo\u015b\u0107 na wewn\u0119trzn\u0105 stron\u0119 nadgarstka.<\/p>\n<p>Olejek arganowy to niezwykle wszechstronny produkt, kt\u00f3ry powinien znale\u017a\u0107 si\u0119 w kosmetyczce ka\u017cdej osoby dbaj\u0105cej o zdrowie i pi\u0119kno swojej sk\u00f3ry oraz w\u0142os\u00f3w. Jego regularne stosowanie przyniesie widoczne efekty w postaci zdrowej, promiennej sk\u00f3ry i pi\u0119knych, l\u015bni\u0105cych w\u0142os\u00f3w.<\/p>\n<p><strong>Spos\u00f3b otrzymywania:<\/strong> Z pierwszego t\u0142oczenia na zimno.<br \/>\n<strong>Sk\u0142ad:<\/strong> Wyselekcjonowany owoc arganowca.<br \/>\n<strong>Jako\u015b\u0107<\/strong>: 100% czysty i naturalny, pochodz\u0105cy z biologicznych upraw certyfikowanych przez<strong> ECOCERT<\/strong> (mi\u0119dzynarodowy certyfikat jako\u015bci produkt\u00f3w BIO).<br \/>\n<strong>Warunki przechowywania<\/strong>: Przechowywa\u0107 w suchym miejscu, z dala od \u017ar\u00f3d\u0142a \u015bwiat\u0142a i ciep\u0142a, w temperaturze do 25\u00baC.<br \/>\n<strong>Dystrybutor:<\/strong> Maroko Product<br \/>\n<strong>Kraj pochodzenia:<\/strong> Maroko<\/p>\n","protected":false},"excerpt":{"rendered":"<h3><strong>OLEJ ARGANOWY JEST HIPOALERGICZNY. IDEALNIE NADAJE SI\u0118 DO PIEL\u0118GNACJI KA\u017bDEGO RODZAJU SK\u00d3RY.<\/strong><\/h3>\n<p>Ze wzgl\u0119du na wysok\u0105 zawarto\u015b\u0107 tokoferolu, czyli witaminy E (w tym beta-tokoferolu, gamma-tokoferolu i delta-tokoferolu) o dzia\u0142aniu przeciwstarzeniowym. Zalecany jest w walce ze zmarszczkami, przedwczesnym starzeniem si\u0119 sk\u00f3ry. Doskonale sprawdza si\u0119 w przypadku dojrza\u0142ej cery. Dlatego zwany jest te\u017c <strong>ELIKSIREM M\u0141ODO\u015aCI<\/strong> i sta\u0142 si\u0119 nieocenionym sk\u0142adnikiem kosmetyk\u00f3w anti-aging.<\/p>\n","protected":false},"featured_media":9905,"comment_status":"open","ping_status":"closed","template":"","meta":[],"product_brand":[],"product_cat":[82],"product_tag":[],"class_list":{"0":"post-9904","1":"product","2":"type-product","3":"status-publish","4":"has-post-thumbnail","6":"product_cat-kosmetyki-naturalne","8":"first","9":"instock","10":"sale","11":"taxable","12":"shipping-taxable","13":"purchasable","14":"product-type-simple"},"_links":{"self":[{"href":"https:\/\/ziolazycia.com\/nowa\/wp-json\/wp\/v2\/product\/9904","targetHints":{"allow":["GET"]}}],"collection":[{"href":"https:\/\/ziolazycia.com\/nowa\/wp-json\/wp\/v2\/product"}],"about":[{"href":"https:\/\/ziolazycia.com\/nowa\/wp-json\/wp\/v2\/types\/product"}],"replies":[{"embeddable":true,"href":"https:\/\/ziolazycia.com\/nowa\/wp-json\/wp\/v2\/comments?post=9904"}],"wp:featuredmedia":[{"embeddable":true,"href":"https:\/\/ziolazycia.com\/nowa\/wp-json\/wp\/v2\/media\/9905"}],"wp:attachment":[{"href":"https:\/\/ziolazycia.com\/nowa\/wp-json\/wp\/v2\/media?parent=9904"}],"wp:term":[{"taxonomy":"product_brand","embeddable":true,"href":"https:\/\/ziolazycia.com\/nowa\/wp-json\/wp\/v2\/product_brand?post=9904"},{"taxonomy":"product_cat","embeddable":true,"href":"https:\/\/ziolazycia.com\/nowa\/wp-json\/wp\/v2\/product_cat?post=9904"},{"taxonomy":"product_tag","embeddable":true,"href":"https:\/\/ziolazycia.com\/nowa\/wp-json\/wp\/v2\/product_tag?post=9904"}],"curies":[{"name":"wp","href":"https:\/\/api.w.org\/{rel}","templated":true}]}}