{"id":989,"date":"2023-11-28T19:44:18","date_gmt":"2023-11-28T18:44:18","guid":{"rendered":"https:\/\/ziolazycia.com\/nowa\/?post_type=product&#038;p=989"},"modified":"2025-11-26T15:58:20","modified_gmt":"2025-11-26T14:58:20","slug":"przemiana-ajurwedyjski-sposob-na-piekno-i-zdrowie-kate-odonnell","status":"publish","type":"product","link":"https:\/\/ziolazycia.com\/nowa\/product\/przemiana-ajurwedyjski-sposob-na-piekno-i-zdrowie-kate-odonnell\/","title":{"rendered":"Przemiana. Ajurwedyjski spos\u00f3b na pi\u0119kno i zdrowie Autor: Kate O&#8217;Donnell"},"content":{"rendered":"<p><strong>Zmie\u0144 swoje \u017cycie na lepsze, kieruj\u0105c si\u0119 zasadami ajurwedy.<\/strong><\/p>\n<p><strong>Ajurweda<\/strong> to idealne po\u0142\u0105czenie nawyk\u00f3w, pokarm\u00f3w i zi\u00f3\u0142, kt\u00f3re pomagaj\u0105 przywr\u00f3ci\u0107 utracon\u0105 r\u00f3wnowag\u0119. To najlepsze, co mo\u017cesz podarowa\u0107 swojemu cia\u0142u i duszy. WHO uzna\u0142o j\u0105 za najstarszy system opieki zdrowotnej na \u015bwiecie. Tradycyjna medycyna indyjska wci\u0105\u017c pozostaje najlepszym sposobem dbania o siebie.<\/p>\n<p>Si\u0119gnij po ajurwedyjskie supermoce! Dzi\u0119ki tej ksi\u0105\u017cce:<\/p>\n<ul>\n<li style=\"list-style-type: none;\">\n<ul>\n<li>zmienisz styl \u017cycia i dopasujesz go do swojego cia\u0142a, etapu w \u017cyciu i p\u00f3r roku,<\/li>\n<\/ul>\n<\/li>\n<\/ul>\n<ul>\n<li>nauczysz si\u0119 korzysta\u0107 z leczniczych w\u0142a\u015bciwo\u015bci pokarm\u00f3w, przypraw i zi\u00f3\u0142,<\/li>\n<li>dowiesz si\u0119, jak oczy\u015bci\u0107 organizm, zregenerowa\u0107 si\u0119, wspiera\u0107 odporno\u015b\u0107 i uk\u0142ad nerwowy,<\/li>\n<li>poznasz sekretne przepisy na lecznicze napary, regeneruj\u0105ce toniki, oleje i kosmetyki dodaj\u0105ce blasku.<\/li>\n<\/ul>\n<p>Zadbaj o zdrowie i zamie\u0144 swoje cia\u0142o w miejsce mocy.<\/p>\n<p>&#8222;Kate O\u2019Donnell w pi\u0119kny i przejrzysty spos\u00f3b sprawia, \u017ce ajurweda staje si\u0119 bliska i przyst\u0119pna&#8221;.<br \/>\ndr Scott Blossom<\/p>\n<p>&#8222;Autentyczne zasady ajurwedy, zrozumia\u0142e dla wsp\u00f3\u0142czesnego czytelnika w ka\u017cdym zak\u0105tku \u015bwiata, w po\u0142\u0105czeniu z bezcenn\u0105 wiedz\u0105 na temat diety i stylu \u017cycia&#8221;.<br \/>\ndr Ramkumar<\/p>\n<p>&#8222;Zwi\u0119z\u0142a, praktyczna instrukcja \u015bwiadomego \u017cycia. Odkryj, jak dba\u0107 o zdrowie i po\u0142\u0105czy\u0107 r\u00f3\u017cne jego aspekty w harmonijn\u0105 ca\u0142o\u015b\u0107&#8221;.<br \/>\ndr Robert Svoboda<\/p>\n<p><strong>Wydawnictwo<\/strong>: Znak.JednymS\u0142owem<br \/>\n<strong>Rok wydania:<\/strong> 2021<br \/>\n<strong>Liczba stron<\/strong>: 288<br \/>\n<strong>Oprawa:<\/strong> Mi\u0119kka<br \/>\n<strong>Format [mm]:<\/strong> 172&#215;231<\/p>\n","protected":false},"excerpt":{"rendered":"<p><strong>Zmie\u0144 swoje \u017cycie na lepsze, kieruj\u0105c si\u0119 zasadami ajurwedy.<\/strong><\/p>\n<p><strong>Ajurweda<\/strong> to idealne po\u0142\u0105czenie nawyk\u00f3w, pokarm\u00f3w i zi\u00f3\u0142, kt\u00f3re pomagaj\u0105 przywr\u00f3ci\u0107 utracon\u0105 r\u00f3wnowag\u0119. To najlepsze, co mo\u017cesz podarowa\u0107 swojemu cia\u0142u i duszy. WHO uzna\u0142o j\u0105 za najstarszy system opieki zdrowotnej na \u015bwiecie. Tradycyjna medycyna indyjska wci\u0105\u017c pozostaje najlepszym sposobem dbania o siebie.<\/p>\n","protected":false},"featured_media":9400,"comment_status":"closed","ping_status":"closed","template":"","meta":[],"product_brand":[],"product_cat":[66],"product_tag":[],"class_list":{"0":"post-989","1":"product","2":"type-product","3":"status-publish","4":"has-post-thumbnail","6":"product_cat-ksiazki","8":"first","9":"instock","10":"taxable","11":"shipping-taxable","12":"purchasable","13":"product-type-simple"},"_links":{"self":[{"href":"https:\/\/ziolazycia.com\/nowa\/wp-json\/wp\/v2\/product\/989","targetHints":{"allow":["GET"]}}],"collection":[{"href":"https:\/\/ziolazycia.com\/nowa\/wp-json\/wp\/v2\/product"}],"about":[{"href":"https:\/\/ziolazycia.com\/nowa\/wp-json\/wp\/v2\/types\/product"}],"replies":[{"embeddable":true,"href":"https:\/\/ziolazycia.com\/nowa\/wp-json\/wp\/v2\/comments?post=989"}],"wp:featuredmedia":[{"embeddable":true,"href":"https:\/\/ziolazycia.com\/nowa\/wp-json\/wp\/v2\/media\/9400"}],"wp:attachment":[{"href":"https:\/\/ziolazycia.com\/nowa\/wp-json\/wp\/v2\/media?parent=989"}],"wp:term":[{"taxonomy":"product_brand","embeddable":true,"href":"https:\/\/ziolazycia.com\/nowa\/wp-json\/wp\/v2\/product_brand?post=989"},{"taxonomy":"product_cat","embeddable":true,"href":"https:\/\/ziolazycia.com\/nowa\/wp-json\/wp\/v2\/product_cat?post=989"},{"taxonomy":"product_tag","embeddable":true,"href":"https:\/\/ziolazycia.com\/nowa\/wp-json\/wp\/v2\/product_tag?post=989"}],"curies":[{"name":"wp","href":"https:\/\/api.w.org\/{rel}","templated":true}]}}