{"id":986,"date":"2023-11-28T19:40:45","date_gmt":"2023-11-28T18:40:45","guid":{"rendered":"https:\/\/ziolazycia.com\/nowa\/?post_type=product&#038;p=986"},"modified":"2025-11-26T15:58:20","modified_gmt":"2025-11-26T14:58:20","slug":"prakriti-odkryj-swoja-pierwotna-nature-robert-e-svoboda","status":"publish","type":"product","link":"https:\/\/ziolazycia.com\/nowa\/product\/prakriti-odkryj-swoja-pierwotna-nature-robert-e-svoboda\/","title":{"rendered":"Prakriti. Odkryj swoj\u0105 pierwotn\u0105 natur\u0119 Autor: Robert E. Svoboda"},"content":{"rendered":"<p>Ksi\u0105\u017cka<strong> \u201ePrakriti. Odkryj swoj\u0105 pierwotn\u0105 natur\u0119\u201d<\/strong> stanowi wspania\u0142e wprowadzenie w \u015bwiat ajurwedy \u2013 staro\u017cytnej holistycznej medycyny indyjskiej. Prakriti (inaczej typ konstytucyjny) jest unikalnym zestawieniem trzech subtelnych energii (vata, pitta, kapha), kt\u00f3re okre\u015blaj\u0105 budow\u0119 naszego cia\u0142a, nasz temperament czy preferencje. Jest odzwierciedleniem najg\u0142\u0119bszej, wewn\u0119trznej natury cz\u0142owieka.<\/p>\n<p>W momencie, a kt\u00f3rym poznamy swoje prakriti, zrozumiemy lepiej nasze indywidualne cechy.<\/p>\n<p>Robert E. Svoboda poprzez t\u0105 publikacj\u0119 pomo\u017ce Ci okre\u015bli\u0107 Twoj\u0105 dosz\u0119, czyli wrodzon\u0105 inteligencj\u0119 cia\u0142a. Poznasz swoje emocjonalne oraz duchowe sk\u0142onno\u015bci i tendencje. Dosza to czynnik, od kt\u00f3rego zale\u017cy nasze samopoczucie i witalno\u015b\u0107. Oddzia\u0142uje ona na cz\u0142owieka na ka\u017cdym etapie jego \u017cycia, od narodzin po \u015bmier\u0107.<\/p>\n<p>Ksi\u0105\u017cka stanowi wprowadzenie do ajurwedy. To cenny poradnik, jak wykorzystywa\u0107 m\u0105dro\u015b\u0107 ajurwedyjsk\u0105, by pom\u00f3c i uzdrowi\u0107 siebie, a dodatkowo wzbogaci\u0107 swoje \u017cycie i uwolni\u0107 swe naturalne pi\u0119kno.<\/p>\n<p><strong>O autorze<\/strong><\/p>\n<p>Robert E. Svoboda\u00a0\u2013 jako jeden z pierwszych ludzi z Zachodu uzyska\u0142 tytu\u0142 lekarza medycyny ajurwedyjskiej (BAMS) na Uniwersytecie w Punie i uprawnienia do wykonywania tej sztuki medycznej w Indiach. Sp\u0119dzi\u0142 tam ponad dziesi\u0119\u0107 lat w Indiach, zg\u0142\u0119biaj\u0105c wiedz\u0119 z zakresu ajurwedy, jogi, tantry oraz innych tradycyjnych indyjskich nauk. Od 1985 roku podr\u00f3\u017cuje po \u015bwiecie, daj\u0105c wyk\u0142ady i nauczaj\u0105c. Prowadzi szkolenia i kursy z zakresu ajurwedy w Ayurvedic Institute w Albuquerque oraz Bastyr University w Seattle, w Stanach Zjednoczonych. Jest autorem kilkunastu ksi\u0105\u017cek.<\/p>\n<p><strong>Wydawnictwo<\/strong>: A-ajurweda<br \/>\n<strong>Rok wydania: <\/strong>2013<br \/>\n<strong>Liczba stron<\/strong>: 252<br \/>\n<strong>Oprawa<\/strong>: Mi\u0119kka ze skrzyde\u0142kami<br \/>\n<strong>Format [mm]:<\/strong> 165&#215;235<\/p>\n<p>&nbsp;<\/p>\n","protected":false},"excerpt":{"rendered":"<p>Ksi\u0105\u017cka<strong> \u201ePrakriti. Odkryj swoj\u0105 pierwotn\u0105 natur\u0119\u201d<\/strong> stanowi wspania\u0142e wprowadzenie w \u015bwiat ajurwedy \u2013 staro\u017cytnej holistycznej medycyny indyjskiej. Prakriti (inaczej typ konstytucyjny) jest unikalnym zestawieniem trzech subtelnych energii (vata, pitta, kapha), kt\u00f3re okre\u015blaj\u0105 budow\u0119 naszego cia\u0142a, nasz temperament czy preferencje. Jest odzwierciedleniem najg\u0142\u0119bszej, wewn\u0119trznej natury cz\u0142owieka.<\/p>\n","protected":false},"featured_media":9399,"comment_status":"closed","ping_status":"closed","template":"","meta":[],"product_brand":[],"product_cat":[66],"product_tag":[],"class_list":{"0":"post-986","1":"product","2":"type-product","3":"status-publish","4":"has-post-thumbnail","6":"product_cat-ksiazki","8":"first","9":"outofstock","10":"taxable","11":"shipping-taxable","12":"purchasable","13":"product-type-simple"},"_links":{"self":[{"href":"https:\/\/ziolazycia.com\/nowa\/wp-json\/wp\/v2\/product\/986","targetHints":{"allow":["GET"]}}],"collection":[{"href":"https:\/\/ziolazycia.com\/nowa\/wp-json\/wp\/v2\/product"}],"about":[{"href":"https:\/\/ziolazycia.com\/nowa\/wp-json\/wp\/v2\/types\/product"}],"replies":[{"embeddable":true,"href":"https:\/\/ziolazycia.com\/nowa\/wp-json\/wp\/v2\/comments?post=986"}],"wp:featuredmedia":[{"embeddable":true,"href":"https:\/\/ziolazycia.com\/nowa\/wp-json\/wp\/v2\/media\/9399"}],"wp:attachment":[{"href":"https:\/\/ziolazycia.com\/nowa\/wp-json\/wp\/v2\/media?parent=986"}],"wp:term":[{"taxonomy":"product_brand","embeddable":true,"href":"https:\/\/ziolazycia.com\/nowa\/wp-json\/wp\/v2\/product_brand?post=986"},{"taxonomy":"product_cat","embeddable":true,"href":"https:\/\/ziolazycia.com\/nowa\/wp-json\/wp\/v2\/product_cat?post=986"},{"taxonomy":"product_tag","embeddable":true,"href":"https:\/\/ziolazycia.com\/nowa\/wp-json\/wp\/v2\/product_tag?post=986"}],"curies":[{"name":"wp","href":"https:\/\/api.w.org\/{rel}","templated":true}]}}