{"id":984,"date":"2023-11-28T19:37:57","date_gmt":"2023-11-28T18:37:57","guid":{"rendered":"https:\/\/ziolazycia.com\/nowa\/?post_type=product&#038;p=984"},"modified":"2025-11-26T15:58:20","modified_gmt":"2025-11-26T14:58:20","slug":"ponadczasowe-tajemnice-zdrowia-i-odmladzania-tom-2-andreas-moritz","status":"publish","type":"product","link":"https:\/\/ziolazycia.com\/nowa\/product\/ponadczasowe-tajemnice-zdrowia-i-odmladzania-tom-2-andreas-moritz\/","title":{"rendered":"Ponadczasowe tajemnice zdrowia i odm\u0142adzania. Tom 2 Autor: Andreas Moritz"},"content":{"rendered":"<p>Je\u015bli zapyta\u0107 cz\u0142owieka na ulicy, czy jest zadowolony ze swojej pracy i og\u00f3lnie zadowolony z \u017cycia, jego odpowied\u017a da nam do\u015b\u0107 dok\u0142adne rozeznanie odno\u015bnie stanu zdrowia jego serca. Zbyt du\u017cym uproszczeniem jest za\u0142o\u017cenie, \u017ce choroba serca jest spowodowana tylko przez stres, palenie papieros\u00f3w, przejadanie si\u0119, nadu\u017cywanie alkoholu, itp.<\/p>\n<p>Te czynniki ryzyka nie s\u0105 najwa\u017cniejsz\u0105 przyczyn\u0105 nieprawid\u0142owej pracy serca, ale raczej skutkami lub objawami notorycznego niezadowolenia w \u017cyciu. Pocz\u0105tki wszystkich g\u0142\u00f3wnych przyczyn chor\u00f3b serca (brak szcz\u0119\u015bcia i zadowolenia) mog\u0105 nadal by\u0107 obecne, nawet gdy wszystkie inne czynniki ryzyka lub przyczyny zosta\u0142y wyeliminowane.<\/p>\n<p>Du\u017ca liczba os\u00f3b umiera z powodu zawa\u0142u serca, maj\u0105c idealnie czyste t\u0119tnice i nie maj\u0105c \u017cadnych innych namacalnych fizycznych powod\u00f3w. Wielu z nich nigdy nawet nie pali\u0142o, nie nadu\u017cywa\u0142o alkoholu ani nie prowadzi\u0142o szczeg\u00f3lnie stresuj\u0105cego trybu \u017cycia. Jednak\u017ce wewn\u0119trznie odczuwali niezadowolenie.&#8221; &#8211; cytat z tomu 2<\/p>\n<p><strong>Wydawnictwo<\/strong>: Biblioteka Nowej Ziemi<br \/>\n<strong>Rok wydania<\/strong>: 2013<br \/>\n<strong>Liczba stron<\/strong>: 392<br \/>\n<strong>Oprawa:<\/strong> Mi\u0119kka<br \/>\n<strong>Format [mm]:<\/strong> 165&#215;235<\/p>\n","protected":false},"excerpt":{"rendered":"<p>&#8222;Jedno z najwa\u017cniejszych odkry\u0107 odno\u015bnie choroby, kt\u00f3ra zbiera najwi\u0119ksze \u015bmiertelne \u017cniwo w\u015br\u00f3d ludzi jest rzadko wymieniane w raportach na temat chor\u00f3b serca oraz czynnik\u00f3w ryzyka, ale to wcale nie czyni go mniej realnym. Najbardziej znacz\u0105ce dla ryzyka rozwoju choroby niedokrwiennej serca s\u0105: stopie\u0144 zadowolenia z pracy i poczucie szcz\u0119\u015bcia. Te do\u015b\u0107 niespodziewane czynniki ryzyka zosta\u0142y ujawnione, gdy ameryka\u0144scy naukowcy przyjrzeli si\u0119 jeszcze raz przyczynom chor\u00f3b serca.<\/p>\n","protected":false},"featured_media":9398,"comment_status":"closed","ping_status":"closed","template":"","meta":[],"product_brand":[],"product_cat":[66],"product_tag":[],"class_list":{"0":"post-984","1":"product","2":"type-product","3":"status-publish","4":"has-post-thumbnail","6":"product_cat-ksiazki","8":"first","9":"instock","10":"sale","11":"taxable","12":"shipping-taxable","13":"purchasable","14":"product-type-simple"},"_links":{"self":[{"href":"https:\/\/ziolazycia.com\/nowa\/wp-json\/wp\/v2\/product\/984","targetHints":{"allow":["GET"]}}],"collection":[{"href":"https:\/\/ziolazycia.com\/nowa\/wp-json\/wp\/v2\/product"}],"about":[{"href":"https:\/\/ziolazycia.com\/nowa\/wp-json\/wp\/v2\/types\/product"}],"replies":[{"embeddable":true,"href":"https:\/\/ziolazycia.com\/nowa\/wp-json\/wp\/v2\/comments?post=984"}],"wp:featuredmedia":[{"embeddable":true,"href":"https:\/\/ziolazycia.com\/nowa\/wp-json\/wp\/v2\/media\/9398"}],"wp:attachment":[{"href":"https:\/\/ziolazycia.com\/nowa\/wp-json\/wp\/v2\/media?parent=984"}],"wp:term":[{"taxonomy":"product_brand","embeddable":true,"href":"https:\/\/ziolazycia.com\/nowa\/wp-json\/wp\/v2\/product_brand?post=984"},{"taxonomy":"product_cat","embeddable":true,"href":"https:\/\/ziolazycia.com\/nowa\/wp-json\/wp\/v2\/product_cat?post=984"},{"taxonomy":"product_tag","embeddable":true,"href":"https:\/\/ziolazycia.com\/nowa\/wp-json\/wp\/v2\/product_tag?post=984"}],"curies":[{"name":"wp","href":"https:\/\/api.w.org\/{rel}","templated":true}]}}