{"id":981,"date":"2023-11-28T19:35:36","date_gmt":"2023-11-28T18:35:36","guid":{"rendered":"https:\/\/ziolazycia.com\/nowa\/?post_type=product&#038;p=981"},"modified":"2025-11-26T15:58:19","modified_gmt":"2025-11-26T14:58:19","slug":"oczyszczanie-organizmu-giennadij-malachow","status":"publish","type":"product","link":"https:\/\/ziolazycia.com\/nowa\/product\/oczyszczanie-organizmu-giennadij-malachow\/","title":{"rendered":"Oczyszczanie organizmu Autor: Giennadij Ma\u0142achow"},"content":{"rendered":"<p>Jest ona aktualizacj\u0105, rozszerzeniem i uzupe\u0142nieniem poprzedniej wersji, wynikiem kilkunastoletnich do\u015bwiadcze\u0144, bada\u0144 i poszukiwa\u0144. Poradnik przedstawia metody naprawiania organizmu, przywracania zdrowia, pokazuje typowe b\u0142\u0119dy w ich realizacji i sposoby ich unikania. Autor przytacza tak\u017ce nades\u0142ane przez Czytelnik\u00f3w opisy schorze\u0144 i efekty ich leczenia, komentuj\u0105c je i uzupe\u0142niaj\u0105c w\u0142asnymi zaleceniami. Ksi\u0105\u017cka wchodzi w sk\u0142ad nowej serii &#8221;Podstawy samouzdrawiania&#8221;.<\/p>\n<p><strong>Wydawnictwo:<\/strong> Oficyna Wydawnicza ABA<br \/>\n<strong>Rok wydania<\/strong>: 2022<br \/>\n<strong>Liczba stron<\/strong>: 264<br \/>\n<strong>Oprawa:<\/strong> Mi\u0119kka<br \/>\n<strong>Format [mm]:<\/strong> 145&#215;200<\/p>\n","protected":false},"excerpt":{"rendered":"<p>Min\u0119\u0142o ju\u017c wiele lat od wydania cyklu ksi\u0105\u017cek &#8221;Moce uzdrawiaj\u0105ce&#8221; autorstwa G. R Ma\u0142achowa. Wiod\u0105cym tytu\u0142em tamtej serii by\u0142o &#8221;Oczyszczanie organizmu&#8221;. Przez te lata wiele si\u0119 zmieni\u0142o, autor zgromadzi\u0142 opisy tysi\u0119cy przypadk\u00f3w leczenia jego metodami, co by\u0142o przyczynkiem do ponownego opracowania tego poradnika. Ta ksi\u0105\u017cka to nowe i pog\u0142\u0119bione opracowanie zasad oczyszczania organizmu cz\u0142owieka<\/p>\n","protected":false},"featured_media":9396,"comment_status":"closed","ping_status":"closed","template":"","meta":[],"product_brand":[],"product_cat":[66],"product_tag":[],"class_list":{"0":"post-981","1":"product","2":"type-product","3":"status-publish","4":"has-post-thumbnail","6":"product_cat-ksiazki","8":"first","9":"instock","10":"taxable","11":"shipping-taxable","12":"purchasable","13":"product-type-simple"},"_links":{"self":[{"href":"https:\/\/ziolazycia.com\/nowa\/wp-json\/wp\/v2\/product\/981","targetHints":{"allow":["GET"]}}],"collection":[{"href":"https:\/\/ziolazycia.com\/nowa\/wp-json\/wp\/v2\/product"}],"about":[{"href":"https:\/\/ziolazycia.com\/nowa\/wp-json\/wp\/v2\/types\/product"}],"replies":[{"embeddable":true,"href":"https:\/\/ziolazycia.com\/nowa\/wp-json\/wp\/v2\/comments?post=981"}],"wp:featuredmedia":[{"embeddable":true,"href":"https:\/\/ziolazycia.com\/nowa\/wp-json\/wp\/v2\/media\/9396"}],"wp:attachment":[{"href":"https:\/\/ziolazycia.com\/nowa\/wp-json\/wp\/v2\/media?parent=981"}],"wp:term":[{"taxonomy":"product_brand","embeddable":true,"href":"https:\/\/ziolazycia.com\/nowa\/wp-json\/wp\/v2\/product_brand?post=981"},{"taxonomy":"product_cat","embeddable":true,"href":"https:\/\/ziolazycia.com\/nowa\/wp-json\/wp\/v2\/product_cat?post=981"},{"taxonomy":"product_tag","embeddable":true,"href":"https:\/\/ziolazycia.com\/nowa\/wp-json\/wp\/v2\/product_tag?post=981"}],"curies":[{"name":"wp","href":"https:\/\/api.w.org\/{rel}","templated":true}]}}