{"id":975,"date":"2023-11-28T19:30:16","date_gmt":"2023-11-28T18:30:16","guid":{"rendered":"https:\/\/ziolazycia.com\/nowa\/?post_type=product&#038;p=975"},"modified":"2025-11-26T15:58:18","modified_gmt":"2025-11-26T14:58:18","slug":"magia-numerologii-gladys-lobos","status":"publish","type":"product","link":"https:\/\/ziolazycia.com\/nowa\/product\/magia-numerologii-gladys-lobos\/","title":{"rendered":"Magia numerologii Autor: Gladys Lobos"},"content":{"rendered":"<p>Znaj\u0105c podstawy numerologii, mo\u017cemy wykorzysta\u0107 wibracje numerologiczne, aby zmieni\u0107 najbardziej konfliktowe aspekty naszej osobowo\u015bci i zaplanowa\u0107 sw\u00f3j los zgodnie z Wibracjami, kt\u00f3re widniej\u0105 w portrecie numerologicznym. Uczymy si\u0119 dzia\u0142a\u0107 w najodpowiedniejszych momentach, aby wykorzysta\u0107 pozytywne wibracje i ogranicza\u0107 nasze dzia\u0142ania, je\u017celi wibracje nie s\u0105 nam \u0142askawe.<\/p>\n<p>I taki jest cel tej ksi\u0105\u017cki.<\/p>\n<p>Je\u017celi cz\u0142owiek zna swoje mo\u017cliwo\u015bci i wrodzone zdolno\u015bci, jak r\u00f3wnie\u017c s\u0142abo\u015bci, mo\u017ce pos\u0142u\u017cy\u0107 si\u0119 tymi pierwszymi i okie\u0142zna\u0107 drugie, aby nie zak\u0142\u00f3ca\u0142y i nie przeszkadza\u0142y w drodze ku szcz\u0119\u015bciu i sukcesowi.<\/p>\n<p><strong>Wydawnictwo<\/strong>: KOS<br \/>\n<strong>Rok wydania<\/strong>: 2019<br \/>\n<strong>Liczba stron<\/strong>: 285<br \/>\n<strong>Oprawa<\/strong>: Mi\u0119kka<br \/>\n<strong>Format [mm]:<\/strong> 145&#215;205<\/p>\n","protected":false},"excerpt":{"rendered":"<p>Ksi\u0105\u017cka jest owocem 30-letniej praktyki autorki. Zawiera wiedz\u0119 o wibracjach liczb i o wp\u0142ywie tych wibracji na nasze \u017cycie, zwi\u0105zki mi\u0119dzyludzkie i interakcje ze \u015bwiatem. Niew\u0105tpliwie jest to najlepsza ksi\u0105\u017cka o numerologii na polskim rynku.<\/p>\n","protected":false},"featured_media":9393,"comment_status":"closed","ping_status":"closed","template":"","meta":[],"product_brand":[],"product_cat":[66],"product_tag":[],"class_list":{"0":"post-975","1":"product","2":"type-product","3":"status-publish","4":"has-post-thumbnail","6":"product_cat-ksiazki","8":"first","9":"outofstock","10":"taxable","11":"shipping-taxable","12":"purchasable","13":"product-type-simple"},"_links":{"self":[{"href":"https:\/\/ziolazycia.com\/nowa\/wp-json\/wp\/v2\/product\/975","targetHints":{"allow":["GET"]}}],"collection":[{"href":"https:\/\/ziolazycia.com\/nowa\/wp-json\/wp\/v2\/product"}],"about":[{"href":"https:\/\/ziolazycia.com\/nowa\/wp-json\/wp\/v2\/types\/product"}],"replies":[{"embeddable":true,"href":"https:\/\/ziolazycia.com\/nowa\/wp-json\/wp\/v2\/comments?post=975"}],"wp:featuredmedia":[{"embeddable":true,"href":"https:\/\/ziolazycia.com\/nowa\/wp-json\/wp\/v2\/media\/9393"}],"wp:attachment":[{"href":"https:\/\/ziolazycia.com\/nowa\/wp-json\/wp\/v2\/media?parent=975"}],"wp:term":[{"taxonomy":"product_brand","embeddable":true,"href":"https:\/\/ziolazycia.com\/nowa\/wp-json\/wp\/v2\/product_brand?post=975"},{"taxonomy":"product_cat","embeddable":true,"href":"https:\/\/ziolazycia.com\/nowa\/wp-json\/wp\/v2\/product_cat?post=975"},{"taxonomy":"product_tag","embeddable":true,"href":"https:\/\/ziolazycia.com\/nowa\/wp-json\/wp\/v2\/product_tag?post=975"}],"curies":[{"name":"wp","href":"https:\/\/api.w.org\/{rel}","templated":true}]}}