{"id":972,"date":"2023-11-28T19:26:41","date_gmt":"2023-11-28T18:26:41","guid":{"rendered":"https:\/\/ziolazycia.com\/nowa\/?post_type=product&#038;p=972"},"modified":"2025-11-26T15:58:18","modified_gmt":"2025-11-26T14:58:18","slug":"kuchnia-pieciu-przemian-dla-poczatkujacych-100-latwych-przepisow-na-bezglutenowe-i-wegetarianskie-potrawy-wedlug-tradycyjnej-medycyny-chinskiej-anna-czelej","status":"publish","type":"product","link":"https:\/\/ziolazycia.com\/nowa\/product\/kuchnia-pieciu-przemian-dla-poczatkujacych-100-latwych-przepisow-na-bezglutenowe-i-wegetarianskie-potrawy-wedlug-tradycyjnej-medycyny-chinskiej-anna-czelej\/","title":{"rendered":"Kuchnia Pi\u0119ciu Przemian dla pocz\u0105tkuj\u0105cych. 100 \u0142atwych przepis\u00f3w na bezglutenowe i wegetaria\u0144skie potrawy wed\u0142ug Tradycyjnej Medycyny Chi\u0144skiej. Autor: Anna Czelej"},"content":{"rendered":"<p><strong>Gotowanie wed\u0142ug Pi\u0119ciu Przemian<\/strong> jeszcze nigdy nie by\u0142o takie \u0142atwe! Dzi\u0119ki temu prostemu i praktycznemu poradnikowi poznasz zasady diety, smaki, przemiany oraz kolejno\u015b\u0107 dodawania sk\u0142adnik\u00f3w. Dodatkowo Autorka, propagatorka \u017cycia zgodnie z chi\u0144sk\u0105 filozofi\u0105 przyrody, przygotowa\u0142a dla Ciebie 100 przepis\u00f3w na dania bezglutenowe i wegetaria\u0144skie, w\u015br\u00f3d kt\u00f3rych znajdziesz \u0142atwe do przyrz\u0105dzenia pieczywo, pasztety, pasty kanapkowe, r\u00f3\u017cnego rodzaju sa\u0142atki, kotlety, zapiekanki, zupy, a tak\u017ce ciasta i desery owocowe. Aby u\u0142atwi\u0107 pos\u0142ugiwanie si\u0119 ksi\u0105\u017ck\u0105, do publikacji do\u0142\u0105czony zosta\u0142 plakat z grupami produkt\u00f3w \u017cywno\u015bciowych nale\u017c\u0105cych do poszczeg\u00f3lnych przemian. Od kuchni do zdrowia!<\/p>\n<p><strong>Wydawnictwo:<\/strong> VITAL<br \/>\n<strong>Rok wydania: <\/strong>2020<br \/>\n<strong>Liczba stron: <\/strong>176<br \/>\n<strong>Oprawa:<\/strong> Mi\u0119kka<br \/>\n<strong>Format [mm]: <\/strong>145&#215;20<strong>5<br \/>\n<\/strong><\/p>\n","protected":false},"excerpt":{"rendered":"<p><strong>Gotowanie wed\u0142ug Pi\u0119ciu Przemian<\/strong> jeszcze nigdy nie by\u0142o takie \u0142atwe! Dzi\u0119ki temu prostemu i praktycznemu poradnikowi poznasz zasady diety, smaki, przemiany oraz kolejno\u015b\u0107 dodawania sk\u0142adnik\u00f3w.<\/p>\n","protected":false},"featured_media":9391,"comment_status":"closed","ping_status":"closed","template":"","meta":[],"product_brand":[],"product_cat":[66],"product_tag":[],"class_list":{"0":"post-972","1":"product","2":"type-product","3":"status-publish","4":"has-post-thumbnail","6":"product_cat-ksiazki","8":"first","9":"outofstock","10":"taxable","11":"shipping-taxable","12":"purchasable","13":"product-type-simple"},"_links":{"self":[{"href":"https:\/\/ziolazycia.com\/nowa\/wp-json\/wp\/v2\/product\/972","targetHints":{"allow":["GET"]}}],"collection":[{"href":"https:\/\/ziolazycia.com\/nowa\/wp-json\/wp\/v2\/product"}],"about":[{"href":"https:\/\/ziolazycia.com\/nowa\/wp-json\/wp\/v2\/types\/product"}],"replies":[{"embeddable":true,"href":"https:\/\/ziolazycia.com\/nowa\/wp-json\/wp\/v2\/comments?post=972"}],"wp:featuredmedia":[{"embeddable":true,"href":"https:\/\/ziolazycia.com\/nowa\/wp-json\/wp\/v2\/media\/9391"}],"wp:attachment":[{"href":"https:\/\/ziolazycia.com\/nowa\/wp-json\/wp\/v2\/media?parent=972"}],"wp:term":[{"taxonomy":"product_brand","embeddable":true,"href":"https:\/\/ziolazycia.com\/nowa\/wp-json\/wp\/v2\/product_brand?post=972"},{"taxonomy":"product_cat","embeddable":true,"href":"https:\/\/ziolazycia.com\/nowa\/wp-json\/wp\/v2\/product_cat?post=972"},{"taxonomy":"product_tag","embeddable":true,"href":"https:\/\/ziolazycia.com\/nowa\/wp-json\/wp\/v2\/product_tag?post=972"}],"curies":[{"name":"wp","href":"https:\/\/api.w.org\/{rel}","templated":true}]}}