{"id":969,"date":"2023-11-28T19:23:05","date_gmt":"2023-11-28T18:23:05","guid":{"rendered":"https:\/\/ziolazycia.com\/nowa\/?post_type=product&#038;p=969"},"modified":"2025-11-26T15:58:18","modified_gmt":"2025-11-26T14:58:18","slug":"filozofia-zycia-anna-ciesielska","status":"publish","type":"product","link":"https:\/\/ziolazycia.com\/nowa\/product\/filozofia-zycia-anna-ciesielska\/","title":{"rendered":"Filozofia \u017cycia Autor: Anna Ciesielska"},"content":{"rendered":"<p><strong>Poradnik, kt\u00f3ry zmieni Twoje podej\u015bcie do ca\u0142ego \u015bwiata. Jak najszybciej si\u0119gnij po &#8222;Filozofi\u0119 \u017cycia&#8221;, je\u015bli zale\u017cy Ci na pozytywnej zmianie!<\/strong><\/p>\n<p><strong>&#8222;Filozofia \u017cycia&#8221;<\/strong> Anny Ciesielskiej jest ksi\u0105\u017ck\u0105 silnie zwi\u0105zan\u0105, bo istniej\u0105c\u0105 w harmonii, z innymi jej publikacjami &#8211; &#8222;Filozofi\u0105 zdrowia&#8221; i &#8222;Filozofi\u0105 smaku&#8221; &#8211; kt\u00f3re zmieni\u0142y podej\u015bcie do od\u017cywiania wielu Polak\u00f3w. W &#8222;Filozofii \u017cycia&#8221;, opr\u00f3cz tre\u015bci b\u0119d\u0105cej rozwini\u0119ciem refleksji na temat jedzenia w kontek\u015bcie zdrowia psychofizycznego, zg\u0142\u0119biamy tajniki zdrowego \u017cycia, zastanawiamy si\u0119, czym w\u0142a\u015bciwie jest zdrowie i jak wp\u0142ywaj\u0105 na nie relacje towarzyskie i rodzinne.<\/p>\n<p>Autorka zabiera nas te\u017c w podr\u00f3\u017c do r\u00f3\u017cnych zak\u0105tk\u00f3w \u015bwiadomo\u015bci, kt\u00f3re pomijamy, szukaj\u0105c szcz\u0119\u015bcia. Dodatkowo \u0142\u0105czy swoje rozwa\u017cania z metafizycznym poczuciem jedno\u015bci ze \u015bwiatem i radzi, co robi\u0107, aby odczuwa\u0107 \u017cycie w pe\u0142ni, cieszy\u0107 si\u0119, kiedy jest ku temu sposobno\u015b\u0107, ale te\u017c rozumie\u0107 \u017ar\u00f3d\u0142o cierpienia, kt\u00f3re prowadzi nas do wy\u017cszego celu. Ksi\u0105\u017cka jest oparta na za\u0142o\u017ceniach tradycyjnej medycyny chi\u0144skiej.<\/p>\n<p><strong>Anna Ciesielska<\/strong> to znana blogerka i autorka bestsellerowych ksi\u0105\u017cek. Poza &#8222;Filozofi\u0105 zdrowia&#8221; napisa\u0142a tak\u017ce &#8222;Filozofi\u0119 \u017cycia&#8221; i &#8222;Filozofi\u0119 smaku&#8221;. Poza pisaniem zajmuje si\u0119 r\u00f3wnie\u017c prowadzeniem warsztat\u00f3w i szkole\u0144. Jej bliskim wsp\u00f3\u0142pracownikiem jest doktor nauk medycznych Andrzej Frydrychowski &#8211; specjalista w zakresie od\u017cywiania i chor\u00f3b, kt\u00f3re powstaj\u0105 z powodu nieprawid\u0142owej diety.<\/p>\n<p><strong>Wydawnictwo:<\/strong> Wydawnictwo Anna<br \/>\n<strong>Rok wydania:<\/strong> 2023<br \/>\n<strong>Liczba stron: <\/strong>320<br \/>\n<strong>Oprawa: <\/strong>Mi\u0119kka<br \/>\n<strong>Format [mm]: <\/strong>150&#215;210<\/p>\n","protected":false},"excerpt":{"rendered":"<p><strong>&#8222;Filozofia \u017cycia&#8221;<\/strong> Anny Ciesielskiej jest ksi\u0105\u017ck\u0105 silnie zwi\u0105zan\u0105, bo istniej\u0105c\u0105 w harmonii, z innymi jej publikacjami &#8211; &#8222;Filozofi\u0105 zdrowia&#8221; i &#8222;Filozofi\u0105 smaku&#8221; &#8211; kt\u00f3re zmieni\u0142y podej\u015bcie do od\u017cywiania wielu Polak\u00f3w. W &#8222;Filozofii \u017cycia&#8221;, opr\u00f3cz tre\u015bci b\u0119d\u0105cej rozwini\u0119ciem refleksji na temat jedzenia w kontek\u015bcie zdrowia psychofizycznego, zg\u0142\u0119biamy tajniki zdrowego \u017cycia, zastanawiamy si\u0119, czym w\u0142a\u015bciwie jest zdrowie i jak wp\u0142ywaj\u0105 na nie relacje towarzyskie i rodzinne.<\/p>\n","protected":false},"featured_media":9389,"comment_status":"closed","ping_status":"closed","template":"","meta":[],"product_brand":[],"product_cat":[66],"product_tag":[],"class_list":{"0":"post-969","1":"product","2":"type-product","3":"status-publish","4":"has-post-thumbnail","6":"product_cat-ksiazki","8":"first","9":"instock","10":"taxable","11":"shipping-taxable","12":"purchasable","13":"product-type-simple"},"_links":{"self":[{"href":"https:\/\/ziolazycia.com\/nowa\/wp-json\/wp\/v2\/product\/969","targetHints":{"allow":["GET"]}}],"collection":[{"href":"https:\/\/ziolazycia.com\/nowa\/wp-json\/wp\/v2\/product"}],"about":[{"href":"https:\/\/ziolazycia.com\/nowa\/wp-json\/wp\/v2\/types\/product"}],"replies":[{"embeddable":true,"href":"https:\/\/ziolazycia.com\/nowa\/wp-json\/wp\/v2\/comments?post=969"}],"wp:featuredmedia":[{"embeddable":true,"href":"https:\/\/ziolazycia.com\/nowa\/wp-json\/wp\/v2\/media\/9389"}],"wp:attachment":[{"href":"https:\/\/ziolazycia.com\/nowa\/wp-json\/wp\/v2\/media?parent=969"}],"wp:term":[{"taxonomy":"product_brand","embeddable":true,"href":"https:\/\/ziolazycia.com\/nowa\/wp-json\/wp\/v2\/product_brand?post=969"},{"taxonomy":"product_cat","embeddable":true,"href":"https:\/\/ziolazycia.com\/nowa\/wp-json\/wp\/v2\/product_cat?post=969"},{"taxonomy":"product_tag","embeddable":true,"href":"https:\/\/ziolazycia.com\/nowa\/wp-json\/wp\/v2\/product_tag?post=969"}],"curies":[{"name":"wp","href":"https:\/\/api.w.org\/{rel}","templated":true}]}}