{"id":9663,"date":"2023-12-01T08:12:55","date_gmt":"2023-12-01T07:12:55","guid":{"rendered":"https:\/\/ziolazycia.com\/nowa\/?post_type=product&#038;p=9663"},"modified":"2025-11-26T15:58:52","modified_gmt":"2025-11-26T14:58:52","slug":"slesaka-tea-100g-everest-ayurveda","status":"publish","type":"product","link":"https:\/\/ziolazycia.com\/nowa\/product\/slesaka-tea-100g-everest-ayurveda\/","title":{"rendered":"Slesaka Tea (Stawy i reumatyzm) 100g"},"content":{"rendered":"<p><strong>Slesaka Tea<\/strong>\u00a0 mo\u017ce by\u0107 r\u00f3wnie\u017c pomocna w zmniejszaniu stan\u00f3w zapalnych staw\u00f3w i b\u00f3lach towarzysz\u0105cych artrozie. Ponadto mo\u017ce przynosi\u0107 ulg\u0119 przy problemach z opuchlizn\u0105 i obrz\u0119kiem staw\u00f3w. Mo\u017ce sprzyja\u0107 zmniejszaniu zesztywnienia staw\u00f3w i tworzeniu si\u0119 p\u0142ynu stawowego.<\/p>\n<p>Mieszanki zio\u0142owe s\u0105 przygotowywane pod \u015bcis\u0142\u0105 kontrol\u0105 nepalskiego lekarza ajurwedyjskiego dr Ka Dev Jha, kt\u00f3ry uko\u0144czy\u0142 studia medycyny ajurwedyjskiej na Uniwersytecie Pa\u0144stwowym w Patne oraz wydzia\u0142 medycyny na Uniwersytecie Benarest. Herbatki posiadaj\u0105 \u015bwiadectwa i atesty do sprzeda\u017cy na terenie Unii Europejskiej.<\/p>\n<h2><strong>Slesaka Tea &#8211; spos\u00f3b u\u017cycia<\/strong>:<\/h2>\n<p>Zaleca si\u0119 spo\u017cywa\u0107 do 8 gram produktu dziennie. Jedn\u0105 \u0142y\u017ceczk\u0119 suszu ro\u015blinnego tj.: 2 g zale\u0107 ok. 200 ml wrz\u0105tku i gotowa\u0107 do 3 do 5 minut. Tak przygotowan\u0105 herbatk\u0119 spo\u017cywa\u0107 ciep\u0142\u0105 lub gor\u0105c\u0105 trzy razy dziennie, najlepiej przed jedzeniem. W razie potrzeby mo\u017cna s\u0142odzi\u0107 miodem, jednak specyficzny smak zi\u00f3\u0142 jest jednym z element\u00f3w terapeutycznych, zgodnie z ajurwedyjsk\u0105 zasad\u0105 6 smak\u00f3w. Zalecana dawka to 2 -3 fili\u017canki dziennie.<\/p>\n<p>Zaleca si\u0119 stosowanie maksymalnie dw\u00f3ch rodzaj\u00f3w herbat jednocze\u015bnie, wi\u0119ksz\u0105 ilo\u015b\u0107 mo\u017cna stosowa\u0107 np. w re\u017cimie tygodniowym\u00a0 dla normalizacji bie\u017c\u0105cych objaw\u00f3w. Herbat nie nale\u017cy miesza\u0107, nale\u017cy pi\u0107 je zawsze oddzielnie, w odst\u0119pie przynajmniej godzinnym.<\/p>\n<p><strong>Sk\u0142ad herbaty:\u00a0<\/strong>Tinospora cordifolia, cinnamomum cassia, mentha arvensis, cinnamomum zeylanicum, pinus sylvestris.<\/p>\n<p><strong>Waga<\/strong>: 100 g<\/p>\n<p>Nie przekracza\u0107 zalecanej porcji do spo\u017cycia w ci\u0105gu dnia. Produkt nie mo\u017ce by\u0107 stosowany jako substytut zr\u00f3\u017cnicowanej diety. Wa\u017cne jest stosowanie zr\u00f3\u017cnicowanej i zbilansowanej diety oraz prowadzenie zdrowego trybu \u017cycia. Nie jest przeznaczony dla dzieci, kobiet w ci\u0105\u017cy i karmi\u0105cych.<\/p>\n<p>Przechowywa\u0107 w suchym miejscu, w temperaturze do 25 \u00b0C.<\/p>\n<p><strong>Kraj pochodzenia<\/strong>: Nepal<\/p>\n<p><strong>Producent<\/strong>: Everest Ayurveda<\/p>\n<p>&nbsp;<\/p>\n","protected":false},"excerpt":{"rendered":"<p>Suplement diety w postaci suszu ro\u015blinnego<\/p>\n<h2>Wsparcie w problemach reumatycznych i stawowych<\/h2>\n<p>Ajurwedyjska mieszanka zio\u0142owa w formie herbatki do zaparzania, kt\u00f3ra mo\u017ce zwi\u0119ksza\u0107 ruchomo\u015b\u0107 staw\u00f3w oraz przynosi\u0107 ulg\u0119 przy problemach zwi\u0105zanych z reumatyzmem oraz w dolegliwo\u015bciach uk\u0142adu ruchu.<\/p>\n","protected":false},"featured_media":9664,"comment_status":"closed","ping_status":"closed","template":"","meta":[],"product_brand":[],"product_cat":[79],"product_tag":[],"class_list":{"0":"post-9663","1":"product","2":"type-product","3":"status-publish","4":"has-post-thumbnail","6":"product_cat-ziola-i-herbatki-ziolowe","8":"first","9":"instock","10":"sale","11":"taxable","12":"shipping-taxable","13":"purchasable","14":"product-type-simple"},"_links":{"self":[{"href":"https:\/\/ziolazycia.com\/nowa\/wp-json\/wp\/v2\/product\/9663","targetHints":{"allow":["GET"]}}],"collection":[{"href":"https:\/\/ziolazycia.com\/nowa\/wp-json\/wp\/v2\/product"}],"about":[{"href":"https:\/\/ziolazycia.com\/nowa\/wp-json\/wp\/v2\/types\/product"}],"replies":[{"embeddable":true,"href":"https:\/\/ziolazycia.com\/nowa\/wp-json\/wp\/v2\/comments?post=9663"}],"wp:featuredmedia":[{"embeddable":true,"href":"https:\/\/ziolazycia.com\/nowa\/wp-json\/wp\/v2\/media\/9664"}],"wp:attachment":[{"href":"https:\/\/ziolazycia.com\/nowa\/wp-json\/wp\/v2\/media?parent=9663"}],"wp:term":[{"taxonomy":"product_brand","embeddable":true,"href":"https:\/\/ziolazycia.com\/nowa\/wp-json\/wp\/v2\/product_brand?post=9663"},{"taxonomy":"product_cat","embeddable":true,"href":"https:\/\/ziolazycia.com\/nowa\/wp-json\/wp\/v2\/product_cat?post=9663"},{"taxonomy":"product_tag","embeddable":true,"href":"https:\/\/ziolazycia.com\/nowa\/wp-json\/wp\/v2\/product_tag?post=9663"}],"curies":[{"name":"wp","href":"https:\/\/api.w.org\/{rel}","templated":true}]}}