{"id":966,"date":"2023-11-28T19:19:08","date_gmt":"2023-11-28T18:19:08","guid":{"rendered":"https:\/\/ziolazycia.com\/nowa\/?post_type=product&#038;p=966"},"modified":"2025-11-26T15:58:18","modified_gmt":"2025-11-26T14:58:18","slug":"filozofia-zdrowia-anna-ciesielska","status":"publish","type":"product","link":"https:\/\/ziolazycia.com\/nowa\/product\/filozofia-zdrowia-anna-ciesielska\/","title":{"rendered":"Filozofia zdrowia Autor: Anna Ciesielska"},"content":{"rendered":"<p><strong>&#8222;Filozofia zdrowia&#8221; jest ksi\u0105\u017ck\u0105, kt\u00f3ra zmienia nasze europejskie podej\u015bcie do zdrowia i \u017cycia.<\/strong><\/p>\n<p>Czerpie g\u0142\u00f3wnie z filozofii Chin i Dalekiego Wschodu. Autorka Anna Ciesielska zabiera nas w pasjonuj\u0105c\u0105 podr\u00f3\u017c pokazuj\u0105c\u0105, jak wiele w naszym \u017cyciu zale\u017cy od jedzenia.<\/p>\n<p>\u017bywno\u015b\u0107 daje nam \u017cycie, ale potrafi r\u00f3wnie\u017c przysporzy\u0107 wielu zdrowotnych problem\u00f3w. Z\u0142e od\u017cywianie zaburza energi\u0119 daj\u0105c\u0105 zdrowie, w efekcie czego powstaj\u0105 choroby. Kluczowa wi\u0119c okazuje si\u0119 odpowiednia profilaktyka. Podstaw\u0105 chi\u0144skiej medycyny jest Zasada Pi\u0119ciu Element\u00f3w. Pod\u0105\u017canie za ni\u0105 zmienia nastawienie do otaczaj\u0105cego nas \u015bwiata. Pozwala zanalizowa\u0107, jak wiele jest czynnik\u00f3w wp\u0142ywaj\u0105cych na nasze \u017cycie.<\/p>\n<p>Anna Ciesielska z du\u017c\u0105 sumienno\u015bci\u0105 przygl\u0105da si\u0119 chorobom cywilizacyjnym, takim jak oty\u0142o\u015b\u0107, cukrzyca czy n\u0119kaj\u0105ce nas alergie. Dostarcza przydatnych wskaz\u00f3wek, kt\u00f3re maj\u0105 za zadanie naprowadzi\u0107 nas na odpowiedni\u0105 cz\u0119stotliwo\u015b\u0107 i przywr\u00f3ci\u0107 r\u00f3wnowag\u0119 w walce z konkretn\u0105 chorob\u0105. Du\u017cym u\u0142atwieniem s\u0105 zaserwowane przez autork\u0119 przepisy kulinarne do stosowania na co dzie\u0144.<\/p>\n<p><strong>O autorce<\/strong><\/p>\n<p><strong>Anna Ciesielska<\/strong> to znana blogerka i autorka bestsellerowych ksi\u0105\u017cek. Poza &#8222;Filozofi\u0105 zdrowia&#8221; napisa\u0142a tak\u017ce &#8222;Filozofi\u0119 \u017cycia&#8221; i &#8222;Filozofi\u0119 smaku&#8221;. Poza pisaniem zajmuje si\u0119 r\u00f3wnie\u017c prowadzeniem warsztat\u00f3w i szkole\u0144. Jej bliskim wsp\u00f3\u0142pracownikiem jest doktor nauk medycznych Andrzej Frydrychowski &#8211; specjalista w zakresie od\u017cywiania i chor\u00f3b, kt\u00f3re powstaj\u0105 z powodu nieprawid\u0142owej diety.<\/p>\n<p><strong>Wydawnictwo:<\/strong> Wydawnictwo Anna<br \/>\n<strong>Rok wydania:<\/strong> 2024<br \/>\n<strong>Liczba stron: <\/strong>248<br \/>\n<strong>Oprawa: <\/strong>Mi\u0119kka<br \/>\n<strong>Format [mm]: <\/strong>150&#215;203<\/p>\n","protected":false},"excerpt":{"rendered":"<p><strong>&#8222;Filozofia zdrowia&#8221; jest ksi\u0105\u017ck\u0105, kt\u00f3ra zmienia nasze europejskie podej\u015bcie do zdrowia i \u017cycia.<\/strong><\/p>\n<p>Czerpie g\u0142\u00f3wnie z filozofii Chin i Dalekiego Wschodu. Autorka Anna Ciesielska zabiera nas w pasjonuj\u0105c\u0105 podr\u00f3\u017c pokazuj\u0105c\u0105, jak wiele w naszym \u017cyciu zale\u017cy od jedzenia.<\/p>\n","protected":false},"featured_media":9387,"comment_status":"closed","ping_status":"closed","template":"","meta":[],"product_brand":[],"product_cat":[66],"product_tag":[],"class_list":{"0":"post-966","1":"product","2":"type-product","3":"status-publish","4":"has-post-thumbnail","6":"product_cat-ksiazki","8":"first","9":"outofstock","10":"taxable","11":"shipping-taxable","12":"purchasable","13":"product-type-simple"},"_links":{"self":[{"href":"https:\/\/ziolazycia.com\/nowa\/wp-json\/wp\/v2\/product\/966","targetHints":{"allow":["GET"]}}],"collection":[{"href":"https:\/\/ziolazycia.com\/nowa\/wp-json\/wp\/v2\/product"}],"about":[{"href":"https:\/\/ziolazycia.com\/nowa\/wp-json\/wp\/v2\/types\/product"}],"replies":[{"embeddable":true,"href":"https:\/\/ziolazycia.com\/nowa\/wp-json\/wp\/v2\/comments?post=966"}],"wp:featuredmedia":[{"embeddable":true,"href":"https:\/\/ziolazycia.com\/nowa\/wp-json\/wp\/v2\/media\/9387"}],"wp:attachment":[{"href":"https:\/\/ziolazycia.com\/nowa\/wp-json\/wp\/v2\/media?parent=966"}],"wp:term":[{"taxonomy":"product_brand","embeddable":true,"href":"https:\/\/ziolazycia.com\/nowa\/wp-json\/wp\/v2\/product_brand?post=966"},{"taxonomy":"product_cat","embeddable":true,"href":"https:\/\/ziolazycia.com\/nowa\/wp-json\/wp\/v2\/product_cat?post=966"},{"taxonomy":"product_tag","embeddable":true,"href":"https:\/\/ziolazycia.com\/nowa\/wp-json\/wp\/v2\/product_tag?post=966"}],"curies":[{"name":"wp","href":"https:\/\/api.w.org\/{rel}","templated":true}]}}