{"id":962,"date":"2023-11-28T19:13:40","date_gmt":"2023-11-28T18:13:40","guid":{"rendered":"https:\/\/ziolazycia.com\/nowa\/?post_type=product&#038;p=962"},"modified":"2025-11-26T15:58:18","modified_gmt":"2025-11-26T14:58:18","slug":"filozofia-smaku-anna-ciesielska","status":"publish","type":"product","link":"https:\/\/ziolazycia.com\/nowa\/product\/filozofia-smaku-anna-ciesielska\/","title":{"rendered":"Filozofia smaku Autor: Anna Ciesielska"},"content":{"rendered":"<p><strong>Kuchnia wed\u0142ug Pi\u0119ciu Przemian<\/strong> daje \u015bwiadomo\u015b\u0107, \u017ce \u017cywienie jest spraw\u0105 fundamentaln\u0105 dla zdrowia i kondycji. Po lekturze &#8222;Filozofii zdrowia&#8221; i &#8222;Filozofii \u017cycia&#8221; ju\u017c wiecie, \u017ce dolegliwo\u015bci i choroby nie spadaj\u0105 z nieba, sami na nie zapracowujemy. Ka\u017cde zawirowanie ma swoj\u0105 przyczyn\u0119. Aby uaktywni\u0142y si\u0119 bakterie i wirusy, aby zagnie\u017adzi\u0142y si\u0119 paso\u017cyty i dro\u017cd\u017ce, musimy si\u0119 os\u0142abi\u0107, rozregulowa\u0107 i zniszczy\u0107 swoj\u0105 r\u00f3wnowag\u0119 kwasowo-zasadow\u0105. Aby powsta\u0142o sprzyjaj\u0105ce \u015brodowisko dla choroby, musimy przez d\u0142u\u017cszy czas pope\u0142nia\u0107 b\u0142\u0119dy \u017cywieniowe, \u017cy\u0107 w emocjach, bez wypoczynku, przemarza\u0107. Powielaj\u0105c b\u0142\u0119dy naszych mam i babek dajemy przyzwolenie na uaktywnianie si\u0119 chor\u00f3b genetycznych. Z ca\u0142ym wi\u0119c szacunkiem dla rodzinnych upodoba\u0144 kulinarnych przyprawiajmy nasze ulubione potrawy, ale w razie potrzeby niekt\u00f3re ca\u0142kowicie eliminujmy z menu.<\/p>\n<p><strong>O autorce<\/strong><\/p>\n<p><strong>Anna Ciesielska<\/strong> to znana blogerka i autorka bestsellerowych ksi\u0105\u017cek. Poza &#8222;Filozofi\u0105 smaku&#8221; napisa\u0142a tak\u017ce &#8222;Filozofi\u0119 \u017cycia&#8221; i &#8222;Filozofi\u0119 zdrowia&#8221;. Poza pisaniem zajmuje si\u0119 r\u00f3wnie\u017c prowadzeniem warsztat\u00f3w i szkole\u0144. Jej bliskim wsp\u00f3\u0142pracownikiem jest doktor nauk medycznych Andrzej Frydrychowski &#8211; specjalista w zakresie od\u017cywiania i chor\u00f3b, kt\u00f3re powstaj\u0105 z powodu nieprawid\u0142owej diety.<\/p>\n<p><strong>Wydawnictwo:<\/strong> Wydawnictwo Anna<br \/>\n<strong>Rok wydania:<\/strong> 2023<br \/>\n<strong>Liczba stron: <\/strong>320<br \/>\n<strong>Oprawa: <\/strong>Mi\u0119kka<br \/>\n<strong>Format [mm]: <\/strong>150&#215;210<\/p>\n<p>&nbsp;<\/p>\n","protected":false},"excerpt":{"rendered":"<p><strong>Kuchnia wed\u0142ug Pi\u0119ciu Przemian<\/strong> daje \u015bwiadomo\u015b\u0107, \u017ce \u017cywienie jest spraw\u0105 fundamentaln\u0105 dla zdrowia i kondycji. Po lekturze Filozofii zdrowia i Filozofii \u017cycia ju\u017c wiecie, \u017ce dolegliwo\u015bci i choroby nie spadaj\u0105 z nieba, sami na nie zapracowujemy. Ka\u017cde zawirowanie ma swoj\u0105 przyczyn\u0119.<\/p>\n","protected":false},"featured_media":9385,"comment_status":"closed","ping_status":"closed","template":"","meta":[],"product_brand":[],"product_cat":[66],"product_tag":[],"class_list":{"0":"post-962","1":"product","2":"type-product","3":"status-publish","4":"has-post-thumbnail","6":"product_cat-ksiazki","8":"first","9":"outofstock","10":"taxable","11":"shipping-taxable","12":"purchasable","13":"product-type-simple"},"_links":{"self":[{"href":"https:\/\/ziolazycia.com\/nowa\/wp-json\/wp\/v2\/product\/962","targetHints":{"allow":["GET"]}}],"collection":[{"href":"https:\/\/ziolazycia.com\/nowa\/wp-json\/wp\/v2\/product"}],"about":[{"href":"https:\/\/ziolazycia.com\/nowa\/wp-json\/wp\/v2\/types\/product"}],"replies":[{"embeddable":true,"href":"https:\/\/ziolazycia.com\/nowa\/wp-json\/wp\/v2\/comments?post=962"}],"wp:featuredmedia":[{"embeddable":true,"href":"https:\/\/ziolazycia.com\/nowa\/wp-json\/wp\/v2\/media\/9385"}],"wp:attachment":[{"href":"https:\/\/ziolazycia.com\/nowa\/wp-json\/wp\/v2\/media?parent=962"}],"wp:term":[{"taxonomy":"product_brand","embeddable":true,"href":"https:\/\/ziolazycia.com\/nowa\/wp-json\/wp\/v2\/product_brand?post=962"},{"taxonomy":"product_cat","embeddable":true,"href":"https:\/\/ziolazycia.com\/nowa\/wp-json\/wp\/v2\/product_cat?post=962"},{"taxonomy":"product_tag","embeddable":true,"href":"https:\/\/ziolazycia.com\/nowa\/wp-json\/wp\/v2\/product_tag?post=962"}],"curies":[{"name":"wp","href":"https:\/\/api.w.org\/{rel}","templated":true}]}}