{"id":958,"date":"2023-11-28T19:10:11","date_gmt":"2023-11-28T18:10:11","guid":{"rendered":"https:\/\/ziolazycia.com\/nowa\/?post_type=product&#038;p=958"},"modified":"2025-11-26T15:58:18","modified_gmt":"2025-11-26T14:58:18","slug":"dieta-lecznicza-i-rozdzielna-giennadij-malachow","status":"publish","type":"product","link":"https:\/\/ziolazycia.com\/nowa\/product\/dieta-lecznicza-i-rozdzielna-giennadij-malachow\/","title":{"rendered":"Dieta lecznicza i rozdzielna Autor: Giennadij Ma\u0142achow"},"content":{"rendered":"<p>We wsp\u00f3\u0142czesnym spo\u0142ecze\u0144stwie praktycznie wszyscy zacz\u0119li od\u017cywia\u0107 si\u0119 w nienaturalny spos\u00f3b, co doprowadzi\u0142o do pojawienia si\u0119 licznych chor\u00f3b cywilizacyjnych. W pierwszej kolejno\u015bci to oty\u0142o\u015b\u0107, nadmiar t\u0142uszczu we krwi, nadci\u015bnienie t\u0119tnicze, cukrzyca, podagra i pr\u00f3chnica z\u0119b\u00f3w. Poniewa\u017c pokarm sta\u0142 si\u0119 niew\u0142a\u015bciwy dla ludzkiego organizmu, pojawi\u0142o si\u0119 wiele chor\u00f3b uk\u0142adu odporno\u015bciowego, cz\u0119ste infekcje, przezi\u0119bienia i alergie. Brak w pokarmie enzym\u00f3w, witamin, naturalnych struktur spowodowa\u0142 zaburzenia samopoczucia, zaburzenia czynno\u015bciowe i psychowegetatywne, depresje, zaparcia, reumatyzm i nowotwory. To ogromna ilo\u015b\u0107 chor\u00f3b, od kt\u00f3rych mo\u017cemy si\u0119 uwolni\u0107 stosuj\u0105c prawid\u0142owe od\u017cywianie. W ksi\u0105\u017cce porozmawiamy o tym, jak za pomoc\u0105 od\u017cywiania odzyska\u0107 utracone zdrowie.<\/p>\n<p><strong>Wydawnictwo<\/strong>: Oficyna Wydawnicza ABA<br \/>\n<strong>Rok wydania<\/strong>: 2023<br \/>\n<strong>Liczba stron<\/strong>: 197<br \/>\n<strong>Oprawa<\/strong>: Mi\u0119kka<br \/>\n<strong>Format [mm]<\/strong>: 146&#215;204<\/p>\n","protected":false},"excerpt":{"rendered":"<p>We wsp\u00f3\u0142czesnym spo\u0142ecze\u0144stwie praktycznie wszyscy zacz\u0119li od\u017cywia\u0107 si\u0119 w nienaturalny spos\u00f3b, co doprowadzi\u0142o do pojawienia si\u0119 licznych chor\u00f3b cywilizacyjnych. W ksi\u0105\u017cce porozmawiamy o tym, jak za pomoc\u0105 od\u017cywiania odzyska\u0107 utracone zdrowie.<\/p>\n","protected":false},"featured_media":9383,"comment_status":"closed","ping_status":"closed","template":"","meta":[],"product_brand":[],"product_cat":[66],"product_tag":[],"class_list":{"0":"post-958","1":"product","2":"type-product","3":"status-publish","4":"has-post-thumbnail","6":"product_cat-ksiazki","8":"first","9":"instock","10":"taxable","11":"shipping-taxable","12":"purchasable","13":"product-type-simple"},"_links":{"self":[{"href":"https:\/\/ziolazycia.com\/nowa\/wp-json\/wp\/v2\/product\/958","targetHints":{"allow":["GET"]}}],"collection":[{"href":"https:\/\/ziolazycia.com\/nowa\/wp-json\/wp\/v2\/product"}],"about":[{"href":"https:\/\/ziolazycia.com\/nowa\/wp-json\/wp\/v2\/types\/product"}],"replies":[{"embeddable":true,"href":"https:\/\/ziolazycia.com\/nowa\/wp-json\/wp\/v2\/comments?post=958"}],"wp:featuredmedia":[{"embeddable":true,"href":"https:\/\/ziolazycia.com\/nowa\/wp-json\/wp\/v2\/media\/9383"}],"wp:attachment":[{"href":"https:\/\/ziolazycia.com\/nowa\/wp-json\/wp\/v2\/media?parent=958"}],"wp:term":[{"taxonomy":"product_brand","embeddable":true,"href":"https:\/\/ziolazycia.com\/nowa\/wp-json\/wp\/v2\/product_brand?post=958"},{"taxonomy":"product_cat","embeddable":true,"href":"https:\/\/ziolazycia.com\/nowa\/wp-json\/wp\/v2\/product_cat?post=958"},{"taxonomy":"product_tag","embeddable":true,"href":"https:\/\/ziolazycia.com\/nowa\/wp-json\/wp\/v2\/product_tag?post=958"}],"curies":[{"name":"wp","href":"https:\/\/api.w.org\/{rel}","templated":true}]}}