{"id":9559,"date":"2023-11-29T19:08:13","date_gmt":"2023-11-29T18:08:13","guid":{"rendered":"https:\/\/ziolazycia.com\/nowa\/?post_type=product&#038;p=9559"},"modified":"2025-11-26T15:58:39","modified_gmt":"2025-11-26T14:58:39","slug":"silymarin-sylimaryna-ekstrakt-300mg-50-kapsulek-now-foods","status":"publish","type":"product","link":"https:\/\/ziolazycia.com\/nowa\/product\/silymarin-sylimaryna-ekstrakt-300mg-50-kapsulek-now-foods\/","title":{"rendered":"Silymarin Double Strength (Sylimaryna) 300mg 50 kapsu\u0142ek"},"content":{"rendered":"<p>\u0141uska ostropestu zawiera substancje czynne z grupy flawonolignan\u00f3w znane pod nazw\u0105 sylimaryna, spo\u015br\u00f3d kt\u00f3rych g\u0142\u00f3wnym sk\u0142adnikiem jest sylibinina (50-60%). Dzi\u0119ki swoim w\u0142a\u015bciwo\u015bciom sylimaryna mo\u017ce wspomaga\u0107 proces oczyszczania w\u0105troby oraz trawienia<\/p>\n<p>Karczoch, dzi\u0119ki swoim w\u0142a\u015bciwo\u015bciom, przyczynia si\u0119 do utrzymania prawid\u0142owego poziomu lipid\u00f3w (w tym cholesterolu) we krwi. Ponadto mo\u017ce wspiera\u0107 odtruwanie, trawienie, wydzielanie soku \u017co\u0142\u0105dkowego, podtrzymanie zdrowia w\u0105troby. Przyczynia si\u0119 tak\u017ce do prawid\u0142owej pracy uk\u0142adu jelitowego.<\/p>\n<p>Korze\u0144 mniszka lekarskiego wspomaga prawid\u0142ow\u0105 pracy uk\u0142adu jelitowego. Jest tak\u017ce pomocny w utrzymaniu zr\u00f3wnowa\u017conego fizjologicznego odczynu ph \u017co\u0142\u0105dka.<\/p>\n<p><strong>Zawarto\u015b\u0107 opakowania:<\/strong>\u00a050 kapsu\u0142ek vege<\/p>\n<p><strong>Dzienne spo\u017cycie:<\/strong>\u00a01 kapsu\u0142ka<\/p>\n<p><strong>Sk\u0142adniki aktywne:<\/strong><\/p>\n<table width=\"100%\">\n<thead>\n<tr>\n<td><\/td>\n<td width=\"23%\">1 kapsu\u0142ka<\/td>\n<td width=\"1%\"><\/td>\n<\/tr>\n<\/thead>\n<tbody>\n<tr>\n<td>\n<table>\n<tbody>\n<tr>\n<td width=\"398\">\u0141uska ostropestu plamistego &#8211; ekstrakt standaryzowany na 80% sylimaryny (Sylibum Marianum)<\/p>\n<p>Korze\u0144 mniszka lekarskiego &#8211;\u00a0 proszek (Taraxacum officinale)<\/p>\n<p>Li\u015b\u0107 karczocha zwyczajnego &#8211; proszek (Cynara scolymus)<\/td>\n<td width=\"1\"><\/td>\n<\/tr>\n<tr>\n<td width=\"398\"><\/td>\n<td width=\"1\"><\/td>\n<\/tr>\n<\/tbody>\n<\/table>\n<\/td>\n<td width=\"23%\">300 mg<\/p>\n<p>&nbsp;<\/p>\n<p>100 mg<\/p>\n<p>&nbsp;<\/p>\n<p>50 mg<\/td>\n<td width=\"1%\"><\/td>\n<\/tr>\n<\/tbody>\n<\/table>\n<p><strong>Sk\u0142adniki:<\/strong> Ekstrakt z \u0142uski ostropestu (Sylibum Marianum) (DER 36,4:1; 80% sylimaryny); korze\u0144 mniszka lekarskiego (Taraxacum officinale) proszek; li\u015b\u0107 karczocha zwyczajnego (Cynara scolymus) proszek; materia\u0142 kapsu\u0142ki: estry pochodne celulozy; subst. wype\u0142niaj\u0105ca: celuloza mikrokrystaliczna; subst. przeciwzbrylaj\u0105ca: krzemionka bezpostaciowa.<\/p>\n<p><strong>Sylimarin 300 mg &#8211; spos\u00f3b u\u017cycia: <\/strong><\/p>\n<p>1 kapsu\u0142a 1 raz dziennie<\/p>\n<p><strong>Nie przekracza\u0107 zalecanej porcji do spo\u017cycia w ci\u0105gu dnia. Produkt nie mo\u017ce by\u0107 stosowany jako substytut zr\u00f3\u017cnicowanej diety. Wa\u017cne jest stosowanie zr\u00f3\u017cnicowanej i zbilansowanej diety oraz prowadzenie zdrowego trybu \u017cycia.<\/strong><\/p>\n<p><strong>Przechowywanie<\/strong><\/p>\n<p>Po otwarciu przechowywa\u0107 w suchym i ciemnym miejscu, z dala od ma\u0142ych dzieci.<\/p>\n<p><strong>Producent:<\/strong><\/p>\n<p>Now Foods<br \/>\n395 S. Glen Ellyn Road<br \/>\nIL 60108 Bloomingdale, Stany Zjednoczone<\/p>\n<p>&nbsp;<\/p>\n","protected":false},"excerpt":{"rendered":"<p><strong>Suplement diety<\/strong><\/p>\n<h2>Wsparcie funkcjonowania w\u0105troby<\/h2>\n<p>G\u0142\u00f3wnym sk\u0142adnikiem zio\u0142owym suplementu diety <strong>Sylimarin Double Strength 300 mg<\/strong> s\u0105: ekstrakt z ostropestu plamistego, korze\u0144 mniszka i li\u015b\u0107 karczocha zwyczajnego.<\/p>\n","protected":false},"featured_media":9560,"comment_status":"closed","ping_status":"closed","template":"","meta":[],"product_brand":[],"product_cat":[72],"product_tag":[],"class_list":{"0":"post-9559","1":"product","2":"type-product","3":"status-publish","4":"has-post-thumbnail","6":"product_cat-suplementy-diety","8":"first","9":"outofstock","10":"sale","11":"taxable","12":"shipping-taxable","13":"purchasable","14":"product-type-simple"},"_links":{"self":[{"href":"https:\/\/ziolazycia.com\/nowa\/wp-json\/wp\/v2\/product\/9559","targetHints":{"allow":["GET"]}}],"collection":[{"href":"https:\/\/ziolazycia.com\/nowa\/wp-json\/wp\/v2\/product"}],"about":[{"href":"https:\/\/ziolazycia.com\/nowa\/wp-json\/wp\/v2\/types\/product"}],"replies":[{"embeddable":true,"href":"https:\/\/ziolazycia.com\/nowa\/wp-json\/wp\/v2\/comments?post=9559"}],"wp:featuredmedia":[{"embeddable":true,"href":"https:\/\/ziolazycia.com\/nowa\/wp-json\/wp\/v2\/media\/9560"}],"wp:attachment":[{"href":"https:\/\/ziolazycia.com\/nowa\/wp-json\/wp\/v2\/media?parent=9559"}],"wp:term":[{"taxonomy":"product_brand","embeddable":true,"href":"https:\/\/ziolazycia.com\/nowa\/wp-json\/wp\/v2\/product_brand?post=9559"},{"taxonomy":"product_cat","embeddable":true,"href":"https:\/\/ziolazycia.com\/nowa\/wp-json\/wp\/v2\/product_cat?post=9559"},{"taxonomy":"product_tag","embeddable":true,"href":"https:\/\/ziolazycia.com\/nowa\/wp-json\/wp\/v2\/product_tag?post=9559"}],"curies":[{"name":"wp","href":"https:\/\/api.w.org\/{rel}","templated":true}]}}