{"id":955,"date":"2023-11-28T19:04:26","date_gmt":"2023-11-28T18:04:26","guid":{"rendered":"https:\/\/ziolazycia.com\/nowa\/?post_type=product&#038;p=955"},"modified":"2025-11-26T15:58:17","modified_gmt":"2025-11-26T14:58:17","slug":"ajurwedyjska-ksiazka-kucharska-jak-zdrowo-zyc-i-dobrze-sie-odzywiac-amadea-morningstar-urmila-desai","status":"publish","type":"product","link":"https:\/\/ziolazycia.com\/nowa\/product\/ajurwedyjska-ksiazka-kucharska-jak-zdrowo-zyc-i-dobrze-sie-odzywiac-amadea-morningstar-urmila-desai\/","title":{"rendered":"Ajurwedyjska ksi\u0105\u017cka kucharska. Jak zdrowo \u017cy\u0107 i dobrze si\u0119 od\u017cywia\u0107 Autorki: Amadea Morningstar, Urmila Desai"},"content":{"rendered":"<p>Ksi\u0105\u017cka zawiera <strong>ponad 250 sprawdzonych, prostych, \u0142atwych w przygotowaniu przepis\u00f3w<\/strong>, stworzonych, by wspom\u00f3c zachowanie witalno\u015bci i energii przez d\u0142ugie lata. Oferuje szeroki wachlarz zindywidualizowanych receptur, dostosowanych do poszczeg\u00f3lnych typ\u00f3w konstytucjonalnych\u00a0\u2013\u00a0od orientalnych da\u0144 indyjskich a\u017c po europejskie i ameryka\u0144skie specja\u0142y.<\/p>\n<p>\u201eKsi\u0105\u017cka prezentuje proste przepisy oparte na zasadach ajurwedy, kt\u00f3re mog\u0105 s\u0142u\u017cy\u0107 ka\u017cdemu za przewodnik w codziennym gotowaniu\u201d.<\/p>\n<p>dr Vasant Lad<\/p>\n<p>(lekarz ajurwedyjski, autor:\u00a0<em>Ayurveda, The Science of Self-Healing<\/em>, wsp\u00f3\u0142autor:\u00a0<em>The Yoga of Herbs<\/em>)<\/p>\n<p>\u201eJednym z najbardziej po\u017cytecznych fragment\u00f3w ksi\u0105\u017cki s\u0105 schematy menu;\u00a0pokazano tu diety dla r\u00f3\u017cnych ajurwedyjskich typ\u00f3w, jak r\u00f3wnie\u017c poszczeg\u00f3lne\u00a0menu, bezpieczne dla wszystkich\u201d.<\/p>\n<p>dr David Frawley<\/p>\n<p><strong>Wydawnictwo<\/strong>: Zielone Wydawnictwo<br \/>\n<strong>Rok wydania: <\/strong>2023<br \/>\n<strong>Liczba stron:\u00a0<\/strong> 428<br \/>\n<strong>Oprawa<\/strong>: Mi\u0119kka ze skrzyde\u0142kami<br \/>\n<strong>Format [mm]: <\/strong>165&#215;235<\/p>\n","protected":false},"excerpt":{"rendered":"<p><strong>\u201eAjurwedyjska ksi\u0105\u017cka kucharska. Jak zdrowo \u017cy\u0107 i dobrze si\u0119 od\u017cywia\u0107\u201d \u00a0<\/strong>dostarcza nowego spojrzenia na staro\u017cytn\u0105 sztuk\u0119 samo-leczenia. Dog\u0142\u0119bnie omawia ajurwedyjski system \u017cywienia oraz system trzech\u00a0<em>dosz.<\/em>\u00a0K\u0142adzie nacisk na pe\u0142n\u0105 warto\u015b\u0107 od\u017cywcz\u0105 potraw, ich w\u0142a\u015bciwo\u015bci lecznicze oraz okoliczno\u015bci takie jak pory roku, podr\u00f3\u017ce.<\/p>\n","protected":false},"featured_media":9381,"comment_status":"closed","ping_status":"closed","template":"","meta":[],"product_brand":[],"product_cat":[66],"product_tag":[],"class_list":{"0":"post-955","1":"product","2":"type-product","3":"status-publish","4":"has-post-thumbnail","6":"product_cat-ksiazki","8":"first","9":"outofstock","10":"taxable","11":"shipping-taxable","12":"purchasable","13":"product-type-simple"},"_links":{"self":[{"href":"https:\/\/ziolazycia.com\/nowa\/wp-json\/wp\/v2\/product\/955","targetHints":{"allow":["GET"]}}],"collection":[{"href":"https:\/\/ziolazycia.com\/nowa\/wp-json\/wp\/v2\/product"}],"about":[{"href":"https:\/\/ziolazycia.com\/nowa\/wp-json\/wp\/v2\/types\/product"}],"replies":[{"embeddable":true,"href":"https:\/\/ziolazycia.com\/nowa\/wp-json\/wp\/v2\/comments?post=955"}],"wp:featuredmedia":[{"embeddable":true,"href":"https:\/\/ziolazycia.com\/nowa\/wp-json\/wp\/v2\/media\/9381"}],"wp:attachment":[{"href":"https:\/\/ziolazycia.com\/nowa\/wp-json\/wp\/v2\/media?parent=955"}],"wp:term":[{"taxonomy":"product_brand","embeddable":true,"href":"https:\/\/ziolazycia.com\/nowa\/wp-json\/wp\/v2\/product_brand?post=955"},{"taxonomy":"product_cat","embeddable":true,"href":"https:\/\/ziolazycia.com\/nowa\/wp-json\/wp\/v2\/product_cat?post=955"},{"taxonomy":"product_tag","embeddable":true,"href":"https:\/\/ziolazycia.com\/nowa\/wp-json\/wp\/v2\/product_tag?post=955"}],"curies":[{"name":"wp","href":"https:\/\/api.w.org\/{rel}","templated":true}]}}