{"id":952,"date":"2023-11-28T18:59:55","date_gmt":"2023-11-28T17:59:55","guid":{"rendered":"https:\/\/ziolazycia.com\/nowa\/?post_type=product&#038;p=952"},"modified":"2025-11-26T15:58:17","modified_gmt":"2025-11-26T14:58:17","slug":"ajurveda-ksiega-domowych-srodkow-leczniczych-vasant-d-lad","status":"publish","type":"product","link":"https:\/\/ziolazycia.com\/nowa\/product\/ajurveda-ksiega-domowych-srodkow-leczniczych-vasant-d-lad\/","title":{"rendered":"Ayurveda. Ksi\u0119ga domowych \u015brodk\u00f3w leczniczych Autor: Vasant D.Lad"},"content":{"rendered":"<p>Opracowana na podstawie pradawnej tradycji uzdrawiania istniej\u0105cej w Indiach od tysi\u0119cy lat, \u201eAyurveda. Ksi\u0119ga domowych \u015brodk\u00f3w leczniczych\u201d podaje praktyczne porady i proste instrukcje zabieg\u00f3w, kt\u00f3re mog\u0105 by\u0107 naturalnymi alternatywami dla medycyny alopatycznej.<\/p>\n<p>Ksi\u0105\u017cka ta jest bezcennym przewodnikiem w leczeniu cz\u0119sto wyst\u0119puj\u0105cych dolegliwo\u015bci i przewlek\u0142ych problem\u00f3w. Wykorzystuje do tego strategie dostosowane do potrzeb danej osoby, oparte na typie budowy danego organizmu. Dr Lad wyja\u015bnia, dlaczego niekt\u00f3re zak\u0142\u00f3cenia r\u00f3wnowagi cz\u0119sto prowadz\u0105 do chor\u00f3b i pokazuje, jak mo\u017cna przywr\u00f3ci\u0107 naturalny porz\u0105dek w organizmie. Z ksi\u0105\u017cki tej mo\u017cesz dowiedzie\u0107 si\u0119, kt\u00f3re tradycyjne ajurwedyjskie \u015brodki lecznicze (herbaty, mieszanki zio\u0142owe, olejki bazowe, medytacja i joga) pozwalaj\u0105 uzyska\u0107 ulg\u0119 w r\u00f3\u017cnych dolegliwo\u015bciach, takich jak objawy przezi\u0119bienia i grypy, b\u00f3le g\u0142owy, b\u00f3le z\u0119b\u00f3w, b\u00f3le gard\u0142a, wysoki poziom cholesterolu, problemy ze wzrokiem, niepok\u00f3j i przygn\u0119bienie. Dr Lad pokazuje r\u00f3wnie\u017c, jak mo\u017cna stosowa\u0107 diet\u0119 i okre\u015blone techniki ayurvedy w zapobieganiu chorobom w przysz\u0142o\u015bci i wspomaganiu \u015bwiadomo\u015bci cia\u0142a i zdrowego \u017cycia.<\/p>\n<p><strong>Vasant Lad, B.A.M.S., M.A.Sc.<\/strong>, urodzi\u0142 si\u0119 w Indiach. Przez trzy lata by\u0142 dyrektorem ds. medycznych Szpitala Ayurvedy w Punie (India). Jest on \u015bwiatowej s\u0142awy ekspertem w zakresie praktyki i korzy\u015bci zdrowotnych medycyny ajurwedyjskiej. Prowadzi wyk\u0142ady na seminariach i warsztatach razem z Deepakiem Chopra, M.D. i Andrew Weil, M.D. Jest za\u0142o\u017cycielem Instytutu Ayurvedy w Albuquerque (Nowy Meksyk, USA), kt\u00f3rego jest obecnie dyrektorem.<\/p>\n<p><strong>Wydawnictwo<\/strong>: KOS<br \/>\n<strong>Rok wydania<\/strong>: 2014<br \/>\n<strong>Liczba stron: <\/strong>384<br \/>\n<strong>Oprawa<\/strong>: Twarda<br \/>\n<strong>Format [mm]: <\/strong>170&#215;240<\/p>\n","protected":false},"excerpt":{"rendered":"<p>Opracowana na podstawie pradawnej tradycji uzdrawiania istniej\u0105cej w Indiach od tysi\u0119cy lat, \u201eAyurveda. Ksi\u0119ga domowych \u015brodk\u00f3w leczniczych\u201d podaje praktyczne porady i proste instrukcje zabieg\u00f3w, kt\u00f3re mog\u0105 by\u0107 naturalnymi alternatywami dla medycyny alopatycznej.<\/p>\n","protected":false},"featured_media":9379,"comment_status":"closed","ping_status":"closed","template":"","meta":[],"product_brand":[],"product_cat":[66],"product_tag":[],"class_list":{"0":"post-952","1":"product","2":"type-product","3":"status-publish","4":"has-post-thumbnail","6":"product_cat-ksiazki","8":"first","9":"instock","10":"sale","11":"taxable","12":"shipping-taxable","13":"purchasable","14":"product-type-simple"},"_links":{"self":[{"href":"https:\/\/ziolazycia.com\/nowa\/wp-json\/wp\/v2\/product\/952","targetHints":{"allow":["GET"]}}],"collection":[{"href":"https:\/\/ziolazycia.com\/nowa\/wp-json\/wp\/v2\/product"}],"about":[{"href":"https:\/\/ziolazycia.com\/nowa\/wp-json\/wp\/v2\/types\/product"}],"replies":[{"embeddable":true,"href":"https:\/\/ziolazycia.com\/nowa\/wp-json\/wp\/v2\/comments?post=952"}],"wp:featuredmedia":[{"embeddable":true,"href":"https:\/\/ziolazycia.com\/nowa\/wp-json\/wp\/v2\/media\/9379"}],"wp:attachment":[{"href":"https:\/\/ziolazycia.com\/nowa\/wp-json\/wp\/v2\/media?parent=952"}],"wp:term":[{"taxonomy":"product_brand","embeddable":true,"href":"https:\/\/ziolazycia.com\/nowa\/wp-json\/wp\/v2\/product_brand?post=952"},{"taxonomy":"product_cat","embeddable":true,"href":"https:\/\/ziolazycia.com\/nowa\/wp-json\/wp\/v2\/product_cat?post=952"},{"taxonomy":"product_tag","embeddable":true,"href":"https:\/\/ziolazycia.com\/nowa\/wp-json\/wp\/v2\/product_tag?post=952"}],"curies":[{"name":"wp","href":"https:\/\/api.w.org\/{rel}","templated":true}]}}