{"id":9497,"date":"2023-11-29T18:26:00","date_gmt":"2023-11-29T17:26:00","guid":{"rendered":"https:\/\/ziolazycia.com\/nowa\/?post_type=product&#038;p=9497"},"modified":"2025-11-26T15:58:30","modified_gmt":"2025-11-26T14:58:30","slug":"vitamin-d-3-k-2-liposomal-spray-59-ml-now-foods","status":"publish","type":"product","link":"https:\/\/ziolazycia.com\/nowa\/product\/vitamin-d-3-k-2-liposomal-spray-59-ml-now-foods\/","title":{"rendered":"Vitamin D-3 &#038; K-2 Liposomal Spray 59 ml"},"content":{"rendered":"<p>Witamina D3 wyst\u0119puj\u0105ca w tym suplemencie, pozyskana jest z lanoliny. Witamina D3 odpowiada za szereg funkcji w organizmie. Odgrywa wa\u017cn\u0105 rol\u0119 w regulacji poziomu wapnia we krwi przez co sprzyja utrzymaniu zdrowego stanu ko\u015b\u0107ca i z\u0119b\u00f3w. Ponadto wspomaga funkcjonowanie uk\u0142adu odporno\u015bciowego oraz jest niezb\u0119dna do prawid\u0142owej pracy mi\u0119\u015bni.<\/p>\n<p><strong>Witamina D3<\/strong> wyst\u0119puj\u0105ca w tym suplemencie pozyskana jest z lanoliny. Witamina D3 odpowiada za szereg funkcji w organizmie. Odgrywa wa\u017cn\u0105 rol\u0119 w regulacji poziomu wapnia we krwi przez co sprzyja utrzymaniu zdrowego stanu ko\u015b\u0107ca i z\u0119b\u00f3w. Ponadto wspomaga funkcjonowanie uk\u0142adu odporno\u015bciowego oraz jest niezb\u0119dna do prawid\u0142owej pracy mi\u0119\u015bni.<\/p>\n<p>Naturalnie najbardziej wydajnym \u017ar\u00f3d\u0142em pozyskiwania witaminy D jest jej synteza sk\u00f3rna, do kt\u00f3rej dochodzi pod wp\u0142ywem ekspozycji na \u015bwiat\u0142o s\u0142oneczne. Niestety, z uwagi na zbyt ma\u0142e nas\u0142onecznienie, w Polsce przez przewa\u017caj\u0105c\u0105 cz\u0119\u015b\u0107 roku optymalna produkcja witaminy D jest niemo\u017cliwa. Witamin\u0119 D3 znajdziemy tak\u017ce w \u017cywno\u015bci m.in. t\u0142ustych rybach morskich (makrela, halibut, \u0142oso\u015b), jajach oraz nabiale. S\u0105 to jednak ilo\u015bci niewystarczaj\u0105ce do utrzymania optymalnego poziomu tej witaminy. Dlatego wskazane jest uzupe\u0142niania niedobor\u00f3w witaminy D3 poprzez jej odpowiedni\u0105 suplementacj\u0119.<\/p>\n<p><strong>Witamina K2<\/strong>, tak jak witamina D3, jest witamin\u0105 rozpuszczaln\u0105 w t\u0142uszczach. Pe\u0142ni w organizmie dwie podstawowe funkcje \u2013 przyczynia si\u0119 do prawid\u0142owego przebiegu procesu krzepni\u0119cia krwi oraz pomaga w utrzymaniu zdrowych ko\u015bci. Szczeg\u00f3lnie ta druga funkcja sprawia, \u017ce witamina K2\u00a0cz\u0119sto wyst\u0119puje w suplementacji wraz z\u00a0witamin\u0105\u00a0D.<\/p>\n<p><strong>Zawarto\u015b\u0107 opakowania<\/strong>: 59 ml (spray)<\/p>\n<p><strong>Dzienne spo\u017cycie<\/strong>:\u00a01 pompka (0,75 ml)<\/p>\n<p><strong>Sk\u0142adniki aktywne:<\/strong><\/p>\n<table width=\"100%\">\n<thead>\n<tr>\n<td>&nbsp;<\/p>\n<p>&nbsp;<\/p>\n<p>Witamina D (z lanoliny)\u00a0\u00a0\u00a0\u00a0\u00a0\u00a0\u00a0\u00a0\u00a0\u00a0\u00a0\u00a0\u00a0\u00a0\u00a0\u00a0\u00a0\u00a0\u00a0\u00a0\u00a0\u00a0\u00a0\u00a0\u00a0\u00a0\u00a0\u00a0\u00a0\u00a0\u00a0\u00a0\u00a0\u00a0\u00a0\u00a0\u00a0\u00a0\u00a0\u00a0\u00a0\u00a0\u00a0\u00a0\u00a0\u00a0\u00a0\u00a0\u00a0\u00a0\u00a0\u00a0\u00a0\u00a0 1000 IU<\/td>\n<td width=\"23%\">1 pompka (0,75 ml)<\/td>\n<td width=\"1%\"><\/td>\n<\/tr>\n<\/thead>\n<tbody>\n<tr>\n<td>Witamina K\u00a0\u00a0\u00a0\u00a0\u00a0\u00a0\u00a0\u00a0\u00a0\u00a0\u00a0\u00a0\u00a0\u00a0\u00a0\u00a0\u00a0\u00a0\u00a0\u00a0\u00a0\u00a0\u00a0\u00a0\u00a0\u00a0\u00a0\u00a0\u00a0\u00a0\u00a0\u00a0\u00a0\u00a0\u00a0\u00a0\u00a0\u00a0\u00a0\u00a0\u00a0\u00a0\u00a0\u00a0\u00a0\u00a0\u00a0\u00a0\u00a0\u00a0\u00a0\u00a0\u00a0\u00a0\u00a0\u00a0\u00a0\u00a0\u00a0\u00a0\u00a0\u00a0\u00a0\u00a0\u00a0\u00a0\u00a0\u00a0\u00a0\u00a0\u00a0\u00a0\u00a0 100 mcg<\/td>\n<td width=\"23%\"><\/td>\n<td width=\"1%\"><\/td>\n<\/tr>\n<\/tbody>\n<\/table>\n<p><strong>Sk\u0142adniki<\/strong>: Woda dejonizowana, gliceryna ro\u015blinna, ksylitol, olej MCT (\u015brednio\u0142a\u0144cuchowe triglicerydy) (z oleju kokosowego \/ oleju z ziaren palmowych), naturalne aromaty owocowe, fosfolipidy (soja), ekstrakt z rozmarynu ( Rosmarinus officinalis ) (li\u015b\u0107), sorbinian potasu (jako \u015brodek konserwuj\u0105cy) i kwas cytrynowy, witamina D (cholekalcyferol), witamina K (menachinon-4).<\/p>\n<h2>Vitamin D-3 &amp; K-2 Liposomal Spray 59 ml &#8211; spos\u00f3b u\u017cycia:<\/h2>\n<p>Stosowa\u0107 1 porcj\u0119 dziennie najlepiej podczas posi\u0142ku. Popi\u0107 wod\u0105.<\/p>\n<p><strong>Nie przekracza\u0107 zalecanej porcji do spo\u017cycia w ci\u0105gu dnia. Produkt nie mo\u017ce by\u0107 stosowany jako substytut zr\u00f3\u017cnicowanej diety. Wa\u017cne jest stosowanie zr\u00f3\u017cnicowanej i zbilansowanej diety oraz prowadzenie zdrowego trybu \u017cycia.<\/strong><\/p>\n<p><strong>Przechowywanie:<\/strong><\/p>\n<p>Po otwarciu przechowywa\u0107 w suchym i ciemnym miejscu, z dala od ma\u0142ych dzieci.<\/p>\n<p><strong>Producent:<\/strong><\/p>\n<p>Now Foods<br \/>\n395 S. Glen Ellyn Road<br \/>\nIL 60108 Bloomingdale, Stany Zjednoczone<\/p>\n<p>&nbsp;<\/p>\n","protected":false},"excerpt":{"rendered":"<p><strong>Suplement diety<\/strong><\/p>\n<h2>Wsparcie dla uk\u0142adu kostnego i sercowo-naczyniowego<\/h2>\n<p>G\u0142\u00f3wnym sk\u0142adnikiem suplementu diety <strong>Vitamin D-3 i K-2 Liposomal Spray<\/strong> jest zesp\u00f3\u0142 witamin D3 i K2 w formie liposomalnej.<\/p>\n","protected":false},"featured_media":9498,"comment_status":"closed","ping_status":"closed","template":"","meta":[],"product_brand":[],"product_cat":[72],"product_tag":[],"class_list":{"0":"post-9497","1":"product","2":"type-product","3":"status-publish","4":"has-post-thumbnail","6":"product_cat-suplementy-diety","8":"first","9":"outofstock","10":"taxable","11":"shipping-taxable","12":"product-type-simple"},"_links":{"self":[{"href":"https:\/\/ziolazycia.com\/nowa\/wp-json\/wp\/v2\/product\/9497","targetHints":{"allow":["GET"]}}],"collection":[{"href":"https:\/\/ziolazycia.com\/nowa\/wp-json\/wp\/v2\/product"}],"about":[{"href":"https:\/\/ziolazycia.com\/nowa\/wp-json\/wp\/v2\/types\/product"}],"replies":[{"embeddable":true,"href":"https:\/\/ziolazycia.com\/nowa\/wp-json\/wp\/v2\/comments?post=9497"}],"wp:featuredmedia":[{"embeddable":true,"href":"https:\/\/ziolazycia.com\/nowa\/wp-json\/wp\/v2\/media\/9498"}],"wp:attachment":[{"href":"https:\/\/ziolazycia.com\/nowa\/wp-json\/wp\/v2\/media?parent=9497"}],"wp:term":[{"taxonomy":"product_brand","embeddable":true,"href":"https:\/\/ziolazycia.com\/nowa\/wp-json\/wp\/v2\/product_brand?post=9497"},{"taxonomy":"product_cat","embeddable":true,"href":"https:\/\/ziolazycia.com\/nowa\/wp-json\/wp\/v2\/product_cat?post=9497"},{"taxonomy":"product_tag","embeddable":true,"href":"https:\/\/ziolazycia.com\/nowa\/wp-json\/wp\/v2\/product_tag?post=9497"}],"curies":[{"name":"wp","href":"https:\/\/api.w.org\/{rel}","templated":true}]}}