{"id":9428,"date":"2023-11-29T16:38:34","date_gmt":"2023-11-29T15:38:34","guid":{"rendered":"https:\/\/ziolazycia.com\/nowa\/?post_type=product&#038;p=9428"},"modified":"2025-11-26T15:58:23","modified_gmt":"2025-11-26T14:58:23","slug":"caprylic-acid-kwas-kaprylowy-600mg-100-kapsulek-now-foods","status":"publish","type":"product","link":"https:\/\/ziolazycia.com\/nowa\/product\/caprylic-acid-kwas-kaprylowy-600mg-100-kapsulek-now-foods\/","title":{"rendered":"Caprylic Acid (Kwas kaprylowy) 600mg 100 kapsu\u0142ek"},"content":{"rendered":"<p>Jest to kwas t\u0142uszczowy o \u015bredniej d\u0142ugo\u015bci \u0142a\u0144cucha (MCT), naturalnie wyst\u0119puj\u0105cy w oleju kokosowym i w oleju z ziaren palmowych.<\/p>\n<p>Kwas kaprylowy mo\u017ce przyczynia\u0107 si\u0119 do utrzymania prawid\u0142owego \u015brodowiska bakteryjnego uk\u0142adu trawiennego.<\/p>\n<p>Tr\u00f3jglicerydy \u015brednio\u0142a\u0144cuchowe (MCT) zawieraj\u0105 \u015brednio\u0142a\u0144cuchowe kwasy t\u0142uszczowe estryfikowane w szkielecie glicerolu.<\/p>\n<p>Olej MCT to bezpo\u015brednie \u017ar\u00f3d\u0142o energii.<\/p>\n<p><strong>Zawarto\u015b\u0107 opakowania<\/strong>:\u00a0100 kapsu\u0142ek wega\u0144skich<\/p>\n<p><strong>Dzienne spo\u017cycie:<\/strong>\u00a02 kapsu\u0142ki<\/p>\n<p><strong>Sk\u0142adniki aktywne (1 kapsu\u0142ka): Kwas kaprylowy z 1000 g oleju MCT (tr\u00f3jglicerydy kwas\u00f3w t\u0142uszczowych \u015brednio\u0142a\u0144cuchowych) 600 mg<\/strong><br \/>\n<strong>Sk\u0142adniki:<\/strong> Olej MCT z oleju kokosowego (z ziaren palmowych), kapsu\u0142ka (\u017celatyna bydl\u0119ca \u2013 jako sk\u0142adnik otoczki, glicerol \u2013 no\u015bnik, woda).<\/p>\n<p><strong>Kwas kaprylowy 600 mg &#8211; spos\u00f3b u\u017cycia:<\/strong><br \/>\n1 kapsu\u0142ka 2 razy dziennie<\/p>\n<p>Nie przekracza\u0107 zalecanej porcji do spo\u017cycia w ci\u0105gu dnia. Produkt nie mo\u017ce by\u0107 stosowany jako substytut zr\u00f3\u017cnicowanej diety. Wa\u017cne jest stosowanie zr\u00f3\u017cnicowanej i zbilansowanej diety oraz prowadzenie zdrowego trybu \u017cycia.<\/p>\n<p><strong>Przechowywanie:<\/strong><\/p>\n<p>Przechowywa\u0107 w temperaturze pokojowej, w spos\u00f3b niedost\u0119pny dla ma\u0142ych dzieci.<\/p>\n<p><strong>Producent:<\/strong><\/p>\n<p>Now Foods<br \/>\n395 S. Glen Ellyn Road<br \/>\nIL 60108 Bloomingdale, Stany Zjednoczone<\/p>\n","protected":false},"excerpt":{"rendered":"<p><strong>Suplement diety<\/strong><\/p>\n<h2>Wsparcie trawienia i \u017ar\u00f3d\u0142o energii<\/h2>\n<p>Suplement diety, kt\u00f3rego g\u0142\u00f3wnym sk\u0142adnikiem jest kwas kaprylowy znany r\u00f3wnie\u017c pod nazw\u0105 kwasu oktanowego.<\/p>\n","protected":false},"featured_media":9429,"comment_status":"closed","ping_status":"closed","template":"","meta":[],"product_brand":[],"product_cat":[72],"product_tag":[],"class_list":{"0":"post-9428","1":"product","2":"type-product","3":"status-publish","4":"has-post-thumbnail","6":"product_cat-suplementy-diety","8":"first","9":"instock","10":"sale","11":"taxable","12":"shipping-taxable","13":"purchasable","14":"product-type-simple"},"_links":{"self":[{"href":"https:\/\/ziolazycia.com\/nowa\/wp-json\/wp\/v2\/product\/9428","targetHints":{"allow":["GET"]}}],"collection":[{"href":"https:\/\/ziolazycia.com\/nowa\/wp-json\/wp\/v2\/product"}],"about":[{"href":"https:\/\/ziolazycia.com\/nowa\/wp-json\/wp\/v2\/types\/product"}],"replies":[{"embeddable":true,"href":"https:\/\/ziolazycia.com\/nowa\/wp-json\/wp\/v2\/comments?post=9428"}],"wp:featuredmedia":[{"embeddable":true,"href":"https:\/\/ziolazycia.com\/nowa\/wp-json\/wp\/v2\/media\/9429"}],"wp:attachment":[{"href":"https:\/\/ziolazycia.com\/nowa\/wp-json\/wp\/v2\/media?parent=9428"}],"wp:term":[{"taxonomy":"product_brand","embeddable":true,"href":"https:\/\/ziolazycia.com\/nowa\/wp-json\/wp\/v2\/product_brand?post=9428"},{"taxonomy":"product_cat","embeddable":true,"href":"https:\/\/ziolazycia.com\/nowa\/wp-json\/wp\/v2\/product_cat?post=9428"},{"taxonomy":"product_tag","embeddable":true,"href":"https:\/\/ziolazycia.com\/nowa\/wp-json\/wp\/v2\/product_tag?post=9428"}],"curies":[{"name":"wp","href":"https:\/\/api.w.org\/{rel}","templated":true}]}}