{"id":9424,"date":"2023-11-29T16:35:29","date_gmt":"2023-11-29T15:35:29","guid":{"rendered":"https:\/\/ziolazycia.com\/nowa\/?post_type=product&#038;p=9424"},"modified":"2025-11-26T15:58:23","modified_gmt":"2025-11-26T14:58:23","slug":"candida-support-plus-zdrowe-jelita-180-kapsulek-now-foods","status":"publish","type":"product","link":"https:\/\/ziolazycia.com\/nowa\/product\/candida-support-plus-zdrowe-jelita-180-kapsulek-now-foods\/","title":{"rendered":"Candida Support Plus Zdrowe jelita 180 kapsu\u0142ek"},"content":{"rendered":"<p>W sk\u0142adzie Candida Support Plus znajduj\u0105 si\u0119 tradycyjne sk\u0142adniki botaniczne oraz kwas kaprylowy i biotyna. Biotyna pomaga w utrzymaniu prawid\u0142owego stanu b\u0142on \u015bluzowych.<\/p>\n<p>Opr\u00f3cz kwasu kaprylowego i biotyny, sk\u0142adnikami suplementu diety Candida Support Plus s\u0105 Pau D\u2019Arco, olej z oregano, kompleks z orzecha.<\/p>\n<p><strong>Zawarto\u015b\u0107 opakowania<\/strong>:\u00a0180 kapsu\u0142ek wega\u0144skich<\/p>\n<p><strong>Dzienne spo\u017cycie<\/strong>:\u00a02 kapsu\u0142ki<\/p>\n<table>\n<thead>\n<tr>\n<td><\/td>\n<td>&nbsp;<\/td>\n<\/tr>\n<\/thead>\n<tbody>\n<tr>\n<td>\n<table>\n<thead>\n<tr>\n<td><strong>Sk\u0142adniki aktywne<\/strong><\/td>\n<td><strong>2 kapsu\u0142ki<\/strong><\/td>\n<\/tr>\n<\/thead>\n<tbody>\n<tr>\n<td>Kwas kaprylowy<\/td>\n<td>627,8 mg<\/td>\n<\/tr>\n<tr>\n<td>Naowocnia orzecha szarego (Juglans Cinerera)<\/td>\n<td>300 mg<\/td>\n<\/tr>\n<tr>\n<td>Kora tabebui (Pau D\u2019Arco)(La pacho)(Tabebuia Impetiginosa)<\/td>\n<td>300 mg<\/td>\n<\/tr>\n<tr>\n<td>Ziele oregano (Origanum vulgare)<\/td>\n<td>200 mg<\/td>\n<\/tr>\n<tr>\n<td>Cebula czosnku (Allium sativum)<\/td>\n<td>10 mg<\/td>\n<\/tr>\n<tr>\n<td>Li\u015b\u0107 oliwki europejskiej (Olea europea)<\/td>\n<td>10 mg<\/td>\n<\/tr>\n<tr>\n<td>Czepota puszysta (Cat\u2019s claw) (Uncaria tomentosa)<\/td>\n<td>10 mg<\/td>\n<\/tr>\n<tr>\n<td>Bylica pio\u0142un (Artemisia absinthium)<\/td>\n<td>10 mg<\/td>\n<\/tr>\n<tr>\n<td>D-Biotyna<\/td>\n<td>2358 mcg (4716)<\/td>\n<\/tr>\n<\/tbody>\n<\/table>\n<\/td>\n<td>&nbsp;<\/td>\n<\/tr>\n<tr>\n<td>&nbsp;<\/td>\n<td>&nbsp;<\/td>\n<\/tr>\n<tr>\n<td><\/td>\n<td><\/td>\n<\/tr>\n<\/tbody>\n<\/table>\n<p><strong>Sk\u0142adniki:<\/strong> Kwas kaprylowy, naowocnia orzecha szarego (Juglans Cinerera Pericarpium) proszek, kora tabebui (Tabebuia impetiginosa) proszek; olejek z ziela oregano (Origanum vulgare) forma sproszkowana; sproszkowana cebula czosnku (Allium sativum) proszek; li\u015b\u0107 oliwki europejskiej (Olea europea) proszek, \u0142odyga czepoty puszystej (koci pazur) (Uncaria tomentosa) proszek, ziele bylicy pio\u0142un (Artemisia absinthium) proszek, materia\u0142 kapsu\u0142ki: celuloza; no\u015bnik: krzemionka bezpostaciowa subst. przeciwzbrylaj\u0105ca: sole magnezowe kw. t\u0142uszczowych, substancja wype\u0142niaj\u0105ca: celuloza mikrokrystaliczna; D- biotyna.<\/p>\n<h2>Candida Support Plus &#8211; spos\u00f3b u\u017cycia:<\/h2>\n<p>2 kapsu\u0142ki dziennie podczas posi\u0142ku<\/p>\n<p>Nie przekracza\u0107 zalecanej porcji do spo\u017cycia w ci\u0105gu dnia. Produkt nie mo\u017ce by\u0107 stosowany jako substytut zr\u00f3\u017cnicowanej diety. Wa\u017cne jest stosowanie zr\u00f3\u017cnicowanej i zbilansowanej diety oraz prowadzenie zdrowego trybu \u017cycia.<\/p>\n<h2 class=\"yikes-custom-woo-tab-title yikes-custom-woo-tab-title-ostrzezenie\">Ostrze\u017cenie dotycz\u0105ce stosowania Candida SupportPlus:<\/h2>\n<p>Spo\u017cywanie produktu jest niewskazane w okresie ci\u0105\u017cy i karmienia. Produkt przeznaczony dla os\u00f3b doros\u0142ych.<\/p>\n<p><strong>Przechowywanie:<\/strong><\/p>\n<p>Przechowywa\u0107 w temperaturze pokojowej, w spos\u00f3b niedost\u0119pny dla ma\u0142ych dzieci.<\/p>\n<p><strong>Producent:<\/strong><\/p>\n<p>Now Foods<br \/>\n395 S. Glen Ellyn Road<br \/>\nIL 60108 Bloomingdale, Stany Zjednoczone<\/p>\n","protected":false},"excerpt":{"rendered":"<p><strong>Suplement diety<\/strong><\/p>\n<h2>Wsparcie dla zdrowych jelit<\/h2>\n<p>Suplement diety, kt\u00f3rego sk\u0142adniki stanowi\u0105 unikaln\u0105 formu\u0142\u0119 opracowan\u0105 dla wsparcia pracy jelit.<\/p>\n","protected":false},"featured_media":9425,"comment_status":"closed","ping_status":"closed","template":"","meta":[],"product_brand":[],"product_cat":[72],"product_tag":[],"class_list":{"0":"post-9424","1":"product","2":"type-product","3":"status-publish","4":"has-post-thumbnail","6":"product_cat-suplementy-diety","8":"first","9":"instock","10":"sale","11":"taxable","12":"shipping-taxable","13":"purchasable","14":"product-type-simple"},"_links":{"self":[{"href":"https:\/\/ziolazycia.com\/nowa\/wp-json\/wp\/v2\/product\/9424","targetHints":{"allow":["GET"]}}],"collection":[{"href":"https:\/\/ziolazycia.com\/nowa\/wp-json\/wp\/v2\/product"}],"about":[{"href":"https:\/\/ziolazycia.com\/nowa\/wp-json\/wp\/v2\/types\/product"}],"replies":[{"embeddable":true,"href":"https:\/\/ziolazycia.com\/nowa\/wp-json\/wp\/v2\/comments?post=9424"}],"wp:featuredmedia":[{"embeddable":true,"href":"https:\/\/ziolazycia.com\/nowa\/wp-json\/wp\/v2\/media\/9425"}],"wp:attachment":[{"href":"https:\/\/ziolazycia.com\/nowa\/wp-json\/wp\/v2\/media?parent=9424"}],"wp:term":[{"taxonomy":"product_brand","embeddable":true,"href":"https:\/\/ziolazycia.com\/nowa\/wp-json\/wp\/v2\/product_brand?post=9424"},{"taxonomy":"product_cat","embeddable":true,"href":"https:\/\/ziolazycia.com\/nowa\/wp-json\/wp\/v2\/product_cat?post=9424"},{"taxonomy":"product_tag","embeddable":true,"href":"https:\/\/ziolazycia.com\/nowa\/wp-json\/wp\/v2\/product_tag?post=9424"}],"curies":[{"name":"wp","href":"https:\/\/api.w.org\/{rel}","templated":true}]}}