{"id":9402,"date":"2023-11-28T19:52:50","date_gmt":"2023-11-28T18:52:50","guid":{"rendered":"https:\/\/ziolazycia.com\/nowa\/?post_type=product&#038;p=9402"},"modified":"2025-11-26T15:58:20","modified_gmt":"2025-11-26T14:58:20","slug":"rozmowy-z-bogiem-ksiega-iii-donald-neale-walsch","status":"publish","type":"product","link":"https:\/\/ziolazycia.com\/nowa\/product\/rozmowy-z-bogiem-ksiega-iii-donald-neale-walsch\/","title":{"rendered":"Rozmowy z Bogiem. Ksi\u0119ga III Autor: Neale Donald Walsch"},"content":{"rendered":"<p>W Ksi\u0119dze III Rozm\u00f3w z Bogiem Neale Walsch porusza wiele wa\u017cnych i kontrowersyjnych temat\u00f3w, takich jak seksualno\u015b\u0107, \u015bmier\u0107, reinkarnacja, wolna wola, z\u0142o, cierpienie, przebaczenie i mi\u0142o\u015b\u0107. Walsch twierdzi, \u017ce jego rozmowa z Bogiem nie jest wyj\u0105tkowa i \u017ce ka\u017cdy mo\u017ce do\u015bwiadczy\u0107 takiej komunikacji, je\u015bli tylko otworzy si\u0119 na g\u0142os swojej duszy. Ksi\u0105\u017cka ta ma na celu inspirowa\u0107 czytelnik\u00f3w do poszukiwania w\u0142asnej prawdy i do tworzenia lepszego \u015bwiata dla siebie i innych.<\/p>\n<p><strong>Wydawnictwo<\/strong>.:\u00a0 Wydawnictwo Ravi<br \/>\n<strong>Rok wydania:<\/strong>\u00a0 \u00a0\u00a0 2020<br \/>\n<strong>Liczba stron:\u00a0\u00a0<\/strong> \u00a0\u00a0 456<br \/>\n<strong>Ok\u0142adka:\u00a0<\/strong> \u00a0\u00a0\u00a0\u00a0\u00a0\u00a0\u00a0\u00a0\u00a0\u00a0 Mi\u0119kka<br \/>\n<strong>Format [mm]:\u00a0 <\/strong>\u00a0\u00a0 125 x 195<\/p>\n","protected":false},"excerpt":{"rendered":"<p>Rozmowy z Bogiem. Ksi\u0119ga III to trzecia cz\u0119\u015b\u0107 bestsellerowej serii Neale&#8217;a Donalda Walscha, w kt\u00f3rej autor przedstawia swoj\u0105 wizj\u0119 dialogu z Bogiem.<\/p>\n","protected":false},"featured_media":9403,"comment_status":"closed","ping_status":"closed","template":"","meta":[],"product_brand":[],"product_cat":[66],"product_tag":[],"class_list":{"0":"post-9402","1":"product","2":"type-product","3":"status-publish","4":"has-post-thumbnail","6":"product_cat-ksiazki","8":"first","9":"instock","10":"taxable","11":"shipping-taxable","12":"purchasable","13":"product-type-simple"},"_links":{"self":[{"href":"https:\/\/ziolazycia.com\/nowa\/wp-json\/wp\/v2\/product\/9402","targetHints":{"allow":["GET"]}}],"collection":[{"href":"https:\/\/ziolazycia.com\/nowa\/wp-json\/wp\/v2\/product"}],"about":[{"href":"https:\/\/ziolazycia.com\/nowa\/wp-json\/wp\/v2\/types\/product"}],"replies":[{"embeddable":true,"href":"https:\/\/ziolazycia.com\/nowa\/wp-json\/wp\/v2\/comments?post=9402"}],"wp:featuredmedia":[{"embeddable":true,"href":"https:\/\/ziolazycia.com\/nowa\/wp-json\/wp\/v2\/media\/9403"}],"wp:attachment":[{"href":"https:\/\/ziolazycia.com\/nowa\/wp-json\/wp\/v2\/media?parent=9402"}],"wp:term":[{"taxonomy":"product_brand","embeddable":true,"href":"https:\/\/ziolazycia.com\/nowa\/wp-json\/wp\/v2\/product_brand?post=9402"},{"taxonomy":"product_cat","embeddable":true,"href":"https:\/\/ziolazycia.com\/nowa\/wp-json\/wp\/v2\/product_cat?post=9402"},{"taxonomy":"product_tag","embeddable":true,"href":"https:\/\/ziolazycia.com\/nowa\/wp-json\/wp\/v2\/product_tag?post=9402"}],"curies":[{"name":"wp","href":"https:\/\/api.w.org\/{rel}","templated":true}]}}