{"id":9362,"date":"2022-11-25T08:39:14","date_gmt":"2022-11-25T07:39:14","guid":{"rendered":"https:\/\/ziolazycia.com\/nowa\/?post_type=product&#038;p=9362"},"modified":"2025-11-26T15:58:14","modified_gmt":"2025-11-26T14:58:14","slug":"deep-blue-rub-krem","status":"publish","type":"product","link":"https:\/\/ziolazycia.com\/nowa\/product\/deep-blue-rub-krem\/","title":{"rendered":"doTERRA DEEP BLUE RUB (Balsam Koj\u0105cy) 120 ml"},"content":{"rendered":"<div class=\"_5pbx userContent _3576\" data-testid=\"post_message\" data-ft=\"{&quot;tn&quot;:&quot;K&quot;}\">\n<div class=\"text_exposed_root text_exposed\">\n<p>doTERRA Deep Blue Rub zosta\u0142 stworzony na bazie nawil\u017caj\u0105cych emolient\u00f3w, kt\u00f3re sprawiaj\u0105, \u017ce sk\u00f3ra jest mi\u0119kka, bez pozostawiania t\u0142ustej warstwy. Balsam Deep Blue pomaga zmniejszy\u0107 napi\u0119cie i zapewnia miejscowe dzia\u0142anie koj\u0105ce. Z tego powodu jest cz\u0119stym wyborem terapeut\u00f3w, masa\u017cyst\u00f3w i sportowc\u00f3w, kt\u00f3rzy stosuj\u0105 zastrze\u017con\u0105 mieszank\u0119 Deep Blue firmy doTERRA w swojej praktyce. Konsystencja kremu jest nawil\u017caj\u0105ca. Przynosi ulg\u0119 tak\u017ce przy dnie moczanowej.<\/p>\n<p><strong>Sk\u0142adniki<\/strong>: Woda (Aqua), olejek z li\u015bci golterii (Gaultheria procumbens), olejek z cynamonowca kamforowego (Cinnamomum camphora), mentol, alkohol cetylowy, olejek z migda\u0142owca pospolitego (Prunus amygdalus dulcis), kwas stearynowy, stearynian glicerolu, stearynian PEG-100, olejek z mi\u0119ty pieprzowej (Mentha piperita), olej z li\u015bci eukaliptusa (Eucalyptus globulus), tr\u00f3jgliceryd kaprylowo-kaprynowy, glikol butylenowy, alkohol cetylowy oksyetylenowany 20 molami tlenku etylenu, akrylan hydroksyetylu \/ akryloilodimetylotaurynian sodu, skwalan, fenoksyetanol, dimetikon, glikol kaprylowy, olejek z kwiat\u00f3w jagodlinu wonnego (Cananga odorata), poliakrylany \/ kopolimer kwasu akrylowego i alkilometakrylanu o d\u0142ugo\u015bci \u0142a\u0144cucha C10-30, guma ksantanowa, wyci\u0105g z owoc\u00f3w pieprzowca owocowego (Capsicum frutescens), etyloheksylogliceryna, glikol heksylenowy, polisorbat 60, maltodekstryna, olejek z kwiat\u00f3w\/li\u015bci\/\u0142odyg wrotycza maroka\u0144skiego (Tanacetum annuum), izostearynian sorbitolu, s\u00f3l sodowa kwasu piroglutaminowego, tetrasodowy glutaminian dioctanu, wyci\u0105g z kwiat\u00f3w wo\u0144czy pachn\u0105cej (Osmanthus fragrans), olejek z rumianku pospolitego (Chamomilla recutita (Matricaria)), alantoina, olejek z kwiat\u00f3w\/li\u015bci\/\u0142odyg kocanki w\u0142oskiej (Helichrysum italicum), wyci\u0105g z owoc\u00f3w gardenii ja\u015bminowatej (Gardenia florida), proszek z soku z li\u015bci aloesu (Aloe barbadensis), palmitynian retinylu, wodorotlenek sodu, wyci\u0105g z chlorelli zwyczajnej (Chlorella vulgaris), limonen, linalol.<\/p>\n<p><strong>Spos\u00f3b u\u017cycia balamu doTERRA Deep Blue Rub:<\/strong><br \/>\nWmasuj balsam w dotkni\u0119te obszary. Aby uzyska\u0107 bardziej intensywny efekt, na\u0142\u00f3\u017c Deep Blue Soothing Blend na sk\u00f3r\u0119 przed na\u0142o\u017ceniem balsamu.<\/p>\n<p><u>Gdzie mo\u017cemy smarowa\u0107 i nak\u0142ada\u0107 preparat?<\/u><\/p>\n<p>Stosujemy tylko zewn\u0119trznie w miejscach, gdzie odczuwamy dolegliwo\u015bci np:<\/p>\n<ul>\n<li>kr\u0119gos\u0142up, ko\u0144czyny g\u00f3rne i dolne,<\/li>\n<li>plecy, barki, stopy, d\u0142onie,<\/li>\n<li>klatka piersiowa, r\u00f3wnie\u017c przy infekcji, aby poprawi\u0107 oddech,<\/li>\n<li>skurcze ko\u0144czyn.<\/li>\n<\/ul>\n<p><strong>\u015arodki ostro\u017cno\u015bci:\u00a0 <\/strong>Tylko do u\u017cytku zewn\u0119trznego. Unika\u0107 kontaktu z oczami. Nie stosowa\u0107 na rany lub uszkodzon\u0105 sk\u00f3r\u0119. Nie nak\u0142adaj ciasno banda\u017ca po aplikacji lub u\u017cyciu podk\u0142adki grzewczej. Przechowywa\u0107 w miejscu niedost\u0119pnym dla dzieci, aby unikn\u0105\u0107 przypadkowego po\u0142kni\u0119cia. W razie po\u0142kni\u0119cia nale\u017cy uzyska\u0107 pomoc medyczn\u0105 lub natychmiast skontaktowa\u0107 si\u0119 z centrum kontroli zatru\u0107.<\/p>\n<p><strong>Podstawowe korzy\u015bci stosowania balsamu doTERRA Deep Blue Rub:<br \/>\n<\/strong><\/p>\n<p>Idealny dla sportowc\u00f3w, przy kontuzjach, profilaktycznie po przepracowaniu, przem\u0119czeniu i urazach.<br \/>\nZapewnia uczucie ch\u0142odu i ukojenia w wybranych obszarach.<\/p>\n<p><strong>Pojemno\u015b\u0107: <\/strong>120 ml<\/p>\n<\/div>\n<\/div>\n","protected":false},"excerpt":{"rendered":"<div class=\"spotlight__head-copy\">\n<p><strong>Deep Blue Rub<\/strong> to krem do stosowania miejscowego, kt\u00f3ry zawiera mieszank\u0119 olejk\u00f3w eterycznych Deep Blue doTERRA i naturalnych ekstrakt\u00f3w ro\u015blinnych, kt\u00f3re dzia\u0142aj\u0105 koj\u0105co na bolesne obszary. Balsam Deep Blue \u0142\u0105czy w sobie osiem sprawdzonych olejk\u00f3w eterycznych, kt\u00f3re maj\u0105 koj\u0105ce i ch\u0142odz\u0105ce dzia\u0142anie. Po\u0142\u0105czenie olejk\u00f3w eterycznych z golterii, kamfory, mi\u0119ty pieprzowej, ylang ylang, kocanki w\u0142oskiej, wrotyczu maroka\u0144skiego, niebieskiego rumianku i osmantusa wykazuje dzia\u0142anie koj\u0105ce, szczeg\u00f3lnie po intensywnym treningu. Od\u017cywiaj\u0105ce olejki eteryczne, kt\u00f3re zapewniaj\u0105 ukojenie plecom, nogom i stopom.<\/p>\n<\/div>\n<div class=\"spotlight__head-icons\"><\/div>\n","protected":false},"featured_media":9363,"comment_status":"closed","ping_status":"closed","template":"","meta":[],"product_brand":[],"product_cat":[67,119],"product_tag":[],"class_list":{"0":"post-9362","1":"product","2":"type-product","3":"status-publish","4":"has-post-thumbnail","6":"product_cat-produkty-doterra","7":"product_cat-doterra-produkty","9":"first","10":"instock","11":"taxable","12":"shipping-taxable","13":"purchasable","14":"product-type-simple"},"_links":{"self":[{"href":"https:\/\/ziolazycia.com\/nowa\/wp-json\/wp\/v2\/product\/9362","targetHints":{"allow":["GET"]}}],"collection":[{"href":"https:\/\/ziolazycia.com\/nowa\/wp-json\/wp\/v2\/product"}],"about":[{"href":"https:\/\/ziolazycia.com\/nowa\/wp-json\/wp\/v2\/types\/product"}],"replies":[{"embeddable":true,"href":"https:\/\/ziolazycia.com\/nowa\/wp-json\/wp\/v2\/comments?post=9362"}],"wp:featuredmedia":[{"embeddable":true,"href":"https:\/\/ziolazycia.com\/nowa\/wp-json\/wp\/v2\/media\/9363"}],"wp:attachment":[{"href":"https:\/\/ziolazycia.com\/nowa\/wp-json\/wp\/v2\/media?parent=9362"}],"wp:term":[{"taxonomy":"product_brand","embeddable":true,"href":"https:\/\/ziolazycia.com\/nowa\/wp-json\/wp\/v2\/product_brand?post=9362"},{"taxonomy":"product_cat","embeddable":true,"href":"https:\/\/ziolazycia.com\/nowa\/wp-json\/wp\/v2\/product_cat?post=9362"},{"taxonomy":"product_tag","embeddable":true,"href":"https:\/\/ziolazycia.com\/nowa\/wp-json\/wp\/v2\/product_tag?post=9362"}],"curies":[{"name":"wp","href":"https:\/\/api.w.org\/{rel}","templated":true}]}}