{"id":9308,"date":"2022-11-22T14:32:27","date_gmt":"2022-11-22T13:32:27","guid":{"rendered":"https:\/\/ziolazycia.com\/nowa\/?post_type=product&#038;p=9308"},"modified":"2025-11-26T15:58:05","modified_gmt":"2025-11-26T14:58:05","slug":"endoekologia-zdrowia-nieumywakin-iwan-nieumywakina-ludmila","status":"publish","type":"product","link":"https:\/\/ziolazycia.com\/nowa\/product\/endoekologia-zdrowia-nieumywakin-iwan-nieumywakina-ludmila\/","title":{"rendered":"Endoekologia zdrowia. Autorzy: Nieumywakin Iwan, Nieumywakina Ludmi\u0142a"},"content":{"rendered":"<p class=\"p1\">Ma\u0142\u017ce\u0144stwo Nieumywakin\u00f3w to para, kt\u00f3ra wi\u0119kszo\u015b\u0107 swojego \u017cycia po\u015bwi\u0119ci\u0142a tematowi zdrowia. Wsp\u00f3lnie dzielona pasja sprawi\u0142a, \u017ce pomogli wielu osobom w u\u015bwiadomieniu sobie, jaki jest klucz do dbania o dobry stan organizmu i jak, niezale\u017cnie od wieku, przywr\u00f3ci\u0107 dobre zdrowie, je\u015bli podupad\u0142o ono na skutek zaniedba\u0144, z\u0142ego trybu \u017cycia, niew\u0142a\u015bciwego \u017cywienia lub innych czynnik\u00f3w.<\/p>\n<p class=\"p1\">Ponad 30 lat pracy ma\u0142\u017conk\u00f3w to pr\u00f3ba po\u0142\u0105czenia tego, co wynie\u015bli dzi\u0119ki gruntownemu akademickiemu wykszta\u0142ceniu medycznemu ze spojrzeniem tradycyjnej medycyny ludowej. Iwan Nieumywakin od 1959 r. zajmowa\u0142 si\u0119 opracowywaniem metod i \u015brodk\u00f3w udzielania pomocy medycznej kosmonautom podczas lot\u00f3w r\u00f3\u017cnej d\u0142ugo\u015bci, pracuj\u0105c przy radzieckim programie lot\u00f3w kosmicznych. Od wielu lat jest znanym, uhonorowanym wieloma nagrodami propagatorem wewn\u0119trznego stosowania do cel\u00f3w leczniczych wody utlenionej i zapomnianych nieraz przepis\u00f3w medycyny ludowej.<\/p>\n<p class=\"p1\">Ludmi\u0142a Nieumywakina przez 24 lata pracy jako radiolog i internista by\u0142a zawzi\u0119t\u0105 zwolenniczk\u0105 dogmat\u00f3w medycyny oficjalnej, dop\u00f3ki nie okaza\u0142o si\u0119, \u017ce medycyna oficjalna nie jest w stanie jej wyleczy\u0107. Natomiast przy u\u017cyciu \u015brodk\u00f3w medycyny ludowej pozby\u0142a si\u0119 swojej dolegliwo\u015bci w ci\u0105gu kilku dni. To w\u0142a\u015bnie sprawi\u0142o, \u017ce zacz\u0119\u0142a aktywnie interesowa\u0107 si\u0119 nowym dla niej podej\u015bciem do zdrowia.<\/p>\n<p><b>Wydawnictwo:<\/b> Hartigrama<br \/>\n<b>Rok wydania:<\/b> 2014<br \/>\n<strong>Liczba stron<\/strong>: 377<br \/>\n<strong>Oprawa:<\/strong> Mi\u0119kka<br \/>\n<b>Format [mm]:<\/b> 220\u00d7155<\/p>\n","protected":false},"excerpt":{"rendered":"<p>Ksi\u0105\u017cka &#8222;<strong>Endoekologia zdrowia&#8221; <\/strong>Nieumywakin\u00f3w zawiera w sobie wszystko to, co cz\u0142owiek powinien wiedzie\u0107 o swoim organizmie, fizjologii, patologiach i sposobach ich leczenia. Szczeg\u00f3lna warto\u015b\u0107 ksi\u0105\u017cki \u201e<strong>Endoekologia zdrowia\u201d<\/strong> polega na tym, \u017ce podano w niej proste zalecenia jak przy pomocy tego, co mamy na stole, w ogrodzie, dodaj\u0105c odrobin\u0119 w\u0142asnego wysi\u0142ku, pozby\u0107 si\u0119 ju\u017c istniej\u0105cych schorze\u0144 i zapobiec pojawieniu si\u0119 ewentualnych w przysz\u0142o\u015bci.<\/p>\n","protected":false},"featured_media":9309,"comment_status":"closed","ping_status":"closed","template":"","meta":[],"product_brand":[],"product_cat":[66],"product_tag":[],"class_list":{"0":"post-9308","1":"product","2":"type-product","3":"status-publish","4":"has-post-thumbnail","6":"product_cat-ksiazki","8":"first","9":"outofstock","10":"taxable","11":"shipping-taxable","12":"purchasable","13":"product-type-simple"},"_links":{"self":[{"href":"https:\/\/ziolazycia.com\/nowa\/wp-json\/wp\/v2\/product\/9308","targetHints":{"allow":["GET"]}}],"collection":[{"href":"https:\/\/ziolazycia.com\/nowa\/wp-json\/wp\/v2\/product"}],"about":[{"href":"https:\/\/ziolazycia.com\/nowa\/wp-json\/wp\/v2\/types\/product"}],"replies":[{"embeddable":true,"href":"https:\/\/ziolazycia.com\/nowa\/wp-json\/wp\/v2\/comments?post=9308"}],"wp:featuredmedia":[{"embeddable":true,"href":"https:\/\/ziolazycia.com\/nowa\/wp-json\/wp\/v2\/media\/9309"}],"wp:attachment":[{"href":"https:\/\/ziolazycia.com\/nowa\/wp-json\/wp\/v2\/media?parent=9308"}],"wp:term":[{"taxonomy":"product_brand","embeddable":true,"href":"https:\/\/ziolazycia.com\/nowa\/wp-json\/wp\/v2\/product_brand?post=9308"},{"taxonomy":"product_cat","embeddable":true,"href":"https:\/\/ziolazycia.com\/nowa\/wp-json\/wp\/v2\/product_cat?post=9308"},{"taxonomy":"product_tag","embeddable":true,"href":"https:\/\/ziolazycia.com\/nowa\/wp-json\/wp\/v2\/product_tag?post=9308"}],"curies":[{"name":"wp","href":"https:\/\/api.w.org\/{rel}","templated":true}]}}