{"id":9024,"date":"2024-08-26T13:17:23","date_gmt":"2024-08-26T11:17:23","guid":{"rendered":"https:\/\/ziolazycia.com\/nowa\/?post_type=product&#038;p=9024"},"modified":"2025-11-26T15:59:24","modified_gmt":"2025-11-26T14:59:24","slug":"olej-rycynowy-tloczony-na-zimno-50ml","status":"publish","type":"product","link":"https:\/\/ziolazycia.com\/nowa\/product\/olej-rycynowy-tloczony-na-zimno-50ml\/","title":{"rendered":"Olej rycynowy t\u0142oczony na zimno 50ml"},"content":{"rendered":"<p>Dzi\u0119ki swoim w\u0142a\u015bciwo\u015bciom olej rycynowy stymuluje porost w\u0142os\u00f3w i mo\u017ce delikatnie je przyciemnia\u0107, co jest szczeg\u00f3lnie po\u017c\u0105dane w przypadku rz\u0119s i brwi. Regularne stosowanie na rz\u0119sy i brwi sprawia, \u017ce staj\u0105 si\u0119 one d\u0142u\u017csze, mocniejsze i bardziej od\u017cywione. Olej ten dzia\u0142a r\u00f3wnie\u017c \u0142agodz\u0105co na stany zapalne sk\u00f3ry, redukuje podra\u017cnienia, a tak\u017ce wspomaga walk\u0119 z tr\u0105dzikiem.<\/p>\n","protected":false},"excerpt":{"rendered":"<p>Olej rycynowy jest wyj\u0105tkowo bogaty w kwasy t\u0142uszczowe, takie jak oleinowy, linolowy, linolenowy oraz omega-6, kt\u00f3re przyczyniaj\u0105 si\u0119 do jego skuteczno\u015bci w piel\u0119gnacji. Charakteryzuje si\u0119 delikatnym zapachem i g\u0119st\u0105 konsystencj\u0105, co sprawia, \u017ce jest idealny do g\u0142\u0119bokiego nawil\u017cania i regeneracji.<\/p>\n","protected":false},"featured_media":9895,"comment_status":"open","ping_status":"closed","template":"","meta":[],"product_brand":[],"product_cat":[72],"product_tag":[],"class_list":{"0":"post-9024","1":"product","2":"type-product","3":"status-publish","4":"has-post-thumbnail","6":"product_cat-suplementy-diety","8":"first","9":"instock","10":"sale","11":"taxable","12":"shipping-taxable","13":"purchasable","14":"product-type-simple"},"_links":{"self":[{"href":"https:\/\/ziolazycia.com\/nowa\/wp-json\/wp\/v2\/product\/9024","targetHints":{"allow":["GET"]}}],"collection":[{"href":"https:\/\/ziolazycia.com\/nowa\/wp-json\/wp\/v2\/product"}],"about":[{"href":"https:\/\/ziolazycia.com\/nowa\/wp-json\/wp\/v2\/types\/product"}],"replies":[{"embeddable":true,"href":"https:\/\/ziolazycia.com\/nowa\/wp-json\/wp\/v2\/comments?post=9024"}],"wp:featuredmedia":[{"embeddable":true,"href":"https:\/\/ziolazycia.com\/nowa\/wp-json\/wp\/v2\/media\/9895"}],"wp:attachment":[{"href":"https:\/\/ziolazycia.com\/nowa\/wp-json\/wp\/v2\/media?parent=9024"}],"wp:term":[{"taxonomy":"product_brand","embeddable":true,"href":"https:\/\/ziolazycia.com\/nowa\/wp-json\/wp\/v2\/product_brand?post=9024"},{"taxonomy":"product_cat","embeddable":true,"href":"https:\/\/ziolazycia.com\/nowa\/wp-json\/wp\/v2\/product_cat?post=9024"},{"taxonomy":"product_tag","embeddable":true,"href":"https:\/\/ziolazycia.com\/nowa\/wp-json\/wp\/v2\/product_tag?post=9024"}],"curies":[{"name":"wp","href":"https:\/\/api.w.org\/{rel}","templated":true}]}}