{"id":9018,"date":"2024-08-26T13:02:01","date_gmt":"2024-08-26T11:02:01","guid":{"rendered":"https:\/\/ziolazycia.com\/nowa\/?post_type=product&#038;p=9018"},"modified":"2025-11-26T15:59:23","modified_gmt":"2025-11-26T14:59:23","slug":"holistic-peptide-complex-nutrivi-30x29g","status":"publish","type":"product","link":"https:\/\/ziolazycia.com\/nowa\/product\/holistic-peptide-complex-nutrivi-30x29g\/","title":{"rendered":"Holistic Peptide Complex Nutrivi, 30&#215;2,9g"},"content":{"rendered":"<p>Holistic Peptide Complex czerpie r\u00f3wnie\u017c z m\u0105dro\u015bci tradycyjnej medycyny chi\u0144skiej, zawieraj\u0105c ekstrakty z trzech gatunk\u00f3w grzyb\u00f3w: pieczarki brazylijskiej (Agaricus blazei), maitake (Grifola frondosa) oraz reishi (Ganoderma lucidum), kt\u00f3re od wiek\u00f3w s\u0105 cenione za swoje w\u0142a\u015bciwo\u015bci wspieraj\u0105ce odporno\u015b\u0107.<\/p>\n<p>Synergistyczne dzia\u0142anie preparatu wzmacnia po\u0142\u0105czenie kurkuminy, standaryzowanej na 95% zawarto\u015b\u0107, z piperyn\u0105, kt\u00f3ra zwi\u0119ksza jej biodost\u0119pno\u015b\u0107. Taka kombinacja sk\u0142adnik\u00f3w pomaga w walce z procesami zapalnymi i wspiera zdrowie ca\u0142ego organizmu.<\/p>\n<p>Produkt jest dost\u0119pny w wygodnej formie saszetek, z kt\u00f3rych ka\u017cda odpowiada 7-9 kapsu\u0142kom tradycyjnych suplement\u00f3w diety, co sprawia, \u017ce jest to praktyczne rozwi\u0105zanie dla os\u00f3b pragn\u0105cych zadba\u0107 o swoje zdrowie w spos\u00f3b holistyczny i efektywny.<\/p>\n","protected":false},"excerpt":{"rendered":"<p>Holistic Peptide Complex to nowoczesny suplement diety, kt\u00f3ry zosta\u0142 zaprojektowany w celu kompleksowego wsparcia uk\u0142adu odporno\u015bciowego oraz ochrony organizmu przed szkodliwym dzia\u0142aniem wolnych rodnik\u00f3w. Produkt bazuje na holistycznym podej\u015bciu do zdrowia, \u0142\u0105cz\u0105c sk\u0142adniki aktywne klasy premium, kt\u00f3re wsp\u00f3\u0142dzia\u0142aj\u0105 w celu poprawy og\u00f3lnego stanu zdrowia i wzmocnienia naturalnych mechanizm\u00f3w obronnych organizmu.<\/p>\n<p>G\u0142\u00f3wnym sk\u0142adnikiem kompleksu jest liofilizowany kolagen rybi, dostarczaj\u0105cy bioaktywnych peptyd\u00f3w kolagenowych, co czyni go cennym \u017ar\u00f3d\u0142em wysoko warto\u015bciowego bia\u0142ka. Dodatkowo, produkt wzbogacono o silne antyoksydanty, takie jak astaksantyna z algi Haematococcus pluvialis oraz ekstrakt z owoc\u00f3w czarnej bor\u00f3wki, kt\u00f3re wspomagaj\u0105 neutralizowanie wolnych rodnik\u00f3w i wspieraj\u0105 zdrowie kom\u00f3rek.<\/p>\n","protected":false},"featured_media":9894,"comment_status":"open","ping_status":"closed","template":"","meta":[],"product_brand":[],"product_cat":[72],"product_tag":[],"class_list":{"0":"post-9018","1":"product","2":"type-product","3":"status-publish","4":"has-post-thumbnail","6":"product_cat-suplementy-diety","8":"first","9":"instock","10":"sale","11":"taxable","12":"shipping-taxable","13":"purchasable","14":"product-type-simple"},"_links":{"self":[{"href":"https:\/\/ziolazycia.com\/nowa\/wp-json\/wp\/v2\/product\/9018","targetHints":{"allow":["GET"]}}],"collection":[{"href":"https:\/\/ziolazycia.com\/nowa\/wp-json\/wp\/v2\/product"}],"about":[{"href":"https:\/\/ziolazycia.com\/nowa\/wp-json\/wp\/v2\/types\/product"}],"replies":[{"embeddable":true,"href":"https:\/\/ziolazycia.com\/nowa\/wp-json\/wp\/v2\/comments?post=9018"}],"wp:featuredmedia":[{"embeddable":true,"href":"https:\/\/ziolazycia.com\/nowa\/wp-json\/wp\/v2\/media\/9894"}],"wp:attachment":[{"href":"https:\/\/ziolazycia.com\/nowa\/wp-json\/wp\/v2\/media?parent=9018"}],"wp:term":[{"taxonomy":"product_brand","embeddable":true,"href":"https:\/\/ziolazycia.com\/nowa\/wp-json\/wp\/v2\/product_brand?post=9018"},{"taxonomy":"product_cat","embeddable":true,"href":"https:\/\/ziolazycia.com\/nowa\/wp-json\/wp\/v2\/product_cat?post=9018"},{"taxonomy":"product_tag","embeddable":true,"href":"https:\/\/ziolazycia.com\/nowa\/wp-json\/wp\/v2\/product_tag?post=9018"}],"curies":[{"name":"wp","href":"https:\/\/api.w.org\/{rel}","templated":true}]}}