{"id":8978,"date":"2024-08-22T16:24:43","date_gmt":"2024-08-22T14:24:43","guid":{"rendered":"https:\/\/ziolazycia.com\/nowa\/?post_type=product&#038;p=8978"},"modified":"2025-11-26T15:59:23","modified_gmt":"2025-11-26T14:59:23","slug":"jak-leczyc-chorobe-hashimoto-marc-ryan","status":"publish","type":"product","link":"https:\/\/ziolazycia.com\/nowa\/product\/jak-leczyc-chorobe-hashimoto-marc-ryan\/","title":{"rendered":"Jak leczy\u0107 chorob\u0119 hashimoto? Marc Ryan"},"content":{"rendered":"<p>Choroba Hashimoto to znacznie wi\u0119cej ni\u017c tylko zaburzenie tarczycy. Cho\u0107 jest to choroba autoimmunologiczna, jej wp\u0142yw na organizm wykracza daleko poza uk\u0142ad odporno\u015bciowy, stopniowo obejmuj\u0105c niemal wszystkie narz\u0105dy. Wiele os\u00f3b zna typowe objawy niedoczynno\u015bci tarczycy, takie jak zm\u0119czenie, problemy z koncentracj\u0105, przybieranie na wadze, wra\u017cliwo\u015b\u0107 na zimno, wypadanie w\u0142os\u00f3w i zaparcia. Jednak nie wszyscy zdaj\u0105 sobie spraw\u0119, \u017ce Hashimoto cz\u0119sto wi\u0105\u017ce si\u0119 r\u00f3wnie\u017c z takimi problemami jak l\u0119ki, depresja, refluks, hipoglikemia, insulinooporno\u015b\u0107, zaburzenia bariery jelitowej, anemia, nietolerancje pokarmowe i wiele innych dolegliwo\u015bci.<\/p>\n<p>Te problemy zdrowotne nie s\u0105 przypadkowe, lecz wynikaj\u0105 z powtarzaj\u0105cych si\u0119 proces\u00f3w, w kt\u00f3rych uszkodzenie jednego narz\u0105du prowadzi do uszkodze\u0144 kolejnych. W efekcie powstaje b\u0142\u0119dne ko\u0142o, kt\u00f3re zaburza funkcjonowanie jelit, m\u00f3zgu, nadnerczy, \u017co\u0142\u0105dka, p\u0119cherzyka \u017c\u00f3\u0142ciowego, w\u0105troby i innych kluczowych narz\u0105d\u00f3w.<\/p>\n","protected":false},"excerpt":{"rendered":"<p>Ksi\u0105\u017cka &#8222;Jak leczy\u0107 chorob\u0119 Hashimoto&#8221; oferuje prosty, praktyczny spos\u00f3b podej\u015bcia do leczenia tej choroby, kt\u00f3ry polega na zidentyfikowaniu, kt\u00f3re funkcje organizmu uleg\u0142y zaburzeniu, i opracowaniu spersonalizowanego planu leczenia, kt\u00f3ry pomo\u017ce przywr\u00f3ci\u0107 r\u00f3wnowag\u0119 w ca\u0142ym organizmie.<\/p>\n","protected":false},"featured_media":9893,"comment_status":"open","ping_status":"closed","template":"","meta":[],"product_brand":[],"product_cat":[66],"product_tag":[],"class_list":{"0":"post-8978","1":"product","2":"type-product","3":"status-publish","4":"has-post-thumbnail","6":"product_cat-ksiazki","8":"first","9":"outofstock","10":"taxable","11":"shipping-taxable","12":"purchasable","13":"product-type-simple"},"_links":{"self":[{"href":"https:\/\/ziolazycia.com\/nowa\/wp-json\/wp\/v2\/product\/8978","targetHints":{"allow":["GET"]}}],"collection":[{"href":"https:\/\/ziolazycia.com\/nowa\/wp-json\/wp\/v2\/product"}],"about":[{"href":"https:\/\/ziolazycia.com\/nowa\/wp-json\/wp\/v2\/types\/product"}],"replies":[{"embeddable":true,"href":"https:\/\/ziolazycia.com\/nowa\/wp-json\/wp\/v2\/comments?post=8978"}],"wp:featuredmedia":[{"embeddable":true,"href":"https:\/\/ziolazycia.com\/nowa\/wp-json\/wp\/v2\/media\/9893"}],"wp:attachment":[{"href":"https:\/\/ziolazycia.com\/nowa\/wp-json\/wp\/v2\/media?parent=8978"}],"wp:term":[{"taxonomy":"product_brand","embeddable":true,"href":"https:\/\/ziolazycia.com\/nowa\/wp-json\/wp\/v2\/product_brand?post=8978"},{"taxonomy":"product_cat","embeddable":true,"href":"https:\/\/ziolazycia.com\/nowa\/wp-json\/wp\/v2\/product_cat?post=8978"},{"taxonomy":"product_tag","embeddable":true,"href":"https:\/\/ziolazycia.com\/nowa\/wp-json\/wp\/v2\/product_tag?post=8978"}],"curies":[{"name":"wp","href":"https:\/\/api.w.org\/{rel}","templated":true}]}}