{"id":8975,"date":"2024-08-22T16:18:49","date_gmt":"2024-08-22T14:18:49","guid":{"rendered":"https:\/\/ziolazycia.com\/nowa\/?post_type=product&#038;p=8975"},"modified":"2025-11-26T15:59:23","modified_gmt":"2025-11-26T14:59:23","slug":"twoj-drugi-mozg-emeran-mayer","status":"publish","type":"product","link":"https:\/\/ziolazycia.com\/nowa\/product\/twoj-drugi-mozg-emeran-mayer\/","title":{"rendered":"Tw\u00f3j drugi m\u00f3zg. Emeran Mayer0"},"content":{"rendered":"<p>Czy wiesz, \u017ce twoje jelita nieustannie komunikuj\u0105 si\u0119 z m\u00f3zgiem? Ta rozmowa ma ogromny wp\u0142yw na twoje zdrowie, nastr\u00f3j, a nawet na decyzje, kt\u00f3re podejmujesz. Dr Mayer pokazuje, \u017ce rola uk\u0142adu pokarmowego wykracza daleko poza zwyk\u0142e trawienie. Nasz uk\u0142ad pokarmowy jest najwi\u0119kszym narz\u0105dem zmys\u0142u pod wzgl\u0119dem powierzchni, wyposa\u017conym w miliony receptor\u00f3w i zako\u0144cze\u0144 nerwowych. Co wi\u0119cej, jelita s\u0105 domem dla trylion\u00f3w mikroorganizm\u00f3w, kt\u00f3rych aktywno\u015b\u0107 ma wp\u0142yw na wiele aspekt\u00f3w naszego \u017cycia, znacznie wykraczaj\u0105c poza trawienie.<\/p>\n<p>Ksi\u0105\u017cka dr. Mayera ujawnia, \u017ce jelita nieustannie przesy\u0142aj\u0105 do m\u00f3zgu ogromne ilo\u015bci r\u00f3\u017cnorodnych sygna\u0142\u00f3w, co w konsekwencji wp\u0142ywa na nasze zdrowie fizyczne, nastr\u00f3j, stan psychiczny, a nawet nasze zachowanie. Ta fascynuj\u0105ca praca ukazuje, jak kluczowe jest zrozumienie tej wewn\u0119trznej komunikacji dla utrzymania pe\u0142ni zdrowia i dobrego samopoczucia.<\/p>\n","protected":false},"excerpt":{"rendered":"<p>Wybitna ksi\u0105\u017cka autorstwa dr. Emerana Mayera, \u015bwiatowego eksperta z ponad czterdziestoletnim do\u015bwiadczeniem w badaniu powi\u0105za\u0144 mi\u0119dzy m\u00f3zgiem a jelitami, ukazuje zaskakuj\u0105ce zale\u017cno\u015bci, kt\u00f3re maj\u0105 kluczowe znaczenie dla naszego zdrowia i samopoczucia.<\/p>\n","protected":false},"featured_media":9892,"comment_status":"open","ping_status":"closed","template":"","meta":[],"product_brand":[],"product_cat":[66],"product_tag":[],"class_list":{"0":"post-8975","1":"product","2":"type-product","3":"status-publish","4":"has-post-thumbnail","6":"product_cat-ksiazki","8":"first","9":"instock","10":"sale","11":"taxable","12":"shipping-taxable","13":"purchasable","14":"product-type-simple"},"_links":{"self":[{"href":"https:\/\/ziolazycia.com\/nowa\/wp-json\/wp\/v2\/product\/8975","targetHints":{"allow":["GET"]}}],"collection":[{"href":"https:\/\/ziolazycia.com\/nowa\/wp-json\/wp\/v2\/product"}],"about":[{"href":"https:\/\/ziolazycia.com\/nowa\/wp-json\/wp\/v2\/types\/product"}],"replies":[{"embeddable":true,"href":"https:\/\/ziolazycia.com\/nowa\/wp-json\/wp\/v2\/comments?post=8975"}],"wp:featuredmedia":[{"embeddable":true,"href":"https:\/\/ziolazycia.com\/nowa\/wp-json\/wp\/v2\/media\/9892"}],"wp:attachment":[{"href":"https:\/\/ziolazycia.com\/nowa\/wp-json\/wp\/v2\/media?parent=8975"}],"wp:term":[{"taxonomy":"product_brand","embeddable":true,"href":"https:\/\/ziolazycia.com\/nowa\/wp-json\/wp\/v2\/product_brand?post=8975"},{"taxonomy":"product_cat","embeddable":true,"href":"https:\/\/ziolazycia.com\/nowa\/wp-json\/wp\/v2\/product_cat?post=8975"},{"taxonomy":"product_tag","embeddable":true,"href":"https:\/\/ziolazycia.com\/nowa\/wp-json\/wp\/v2\/product_tag?post=8975"}],"curies":[{"name":"wp","href":"https:\/\/api.w.org\/{rel}","templated":true}]}}