{"id":8972,"date":"2024-08-22T16:17:41","date_gmt":"2024-08-22T14:17:41","guid":{"rendered":"https:\/\/ziolazycia.com\/nowa\/?post_type=product&#038;p=8972"},"modified":"2025-11-26T15:59:23","modified_gmt":"2025-11-26T14:59:23","slug":"karma-jogin-radzi-jak-stac-sie-mistrzem-wlasnego-przeznaczenia-sadhguru-jaggi-vasudev","status":"publish","type":"product","link":"https:\/\/ziolazycia.com\/nowa\/product\/karma-jogin-radzi-jak-stac-sie-mistrzem-wlasnego-przeznaczenia-sadhguru-jaggi-vasudev\/","title":{"rendered":"Karma. Jogin radzi, jak sta\u0107 si\u0119 mistrzem w\u0142asnego przeznaczenia. Sadhguru Jaggi Vasudev"},"content":{"rendered":"<p>Sadhguru, autor ksi\u0105\u017cki &#8222;In\u017cynieria wn\u0119trza&#8221;, oferuje g\u0142\u0119bsze zrozumienie tego, czym jest karma, jak powstaje, oraz jak radzi\u0107 sobie w \u015bwiecie pe\u0142nym wyzwa\u0144, aby nie sta\u0107 si\u0119 ofiar\u0105 w\u0142asnych nawyk\u00f3w i reakcji.<\/p>\n","protected":false},"excerpt":{"rendered":"<p>Karma cz\u0119sto jest rozumiana jako bilans dobrych i z\u0142ych czyn\u00f3w, my\u015bli oraz intencji, a tak\u017ce jako mechanizm, kt\u00f3ry sprawia, \u017ce ostatecznie otrzymujemy to, na co zas\u0142ugujemy. Jednak takie uproszczone postrzeganie karmy mo\u017ce prowadzi\u0107 do nieporozumie\u0144 i utrudnia\u0107 czerpanie rado\u015bci z \u017cycia.<\/p>\n<p>W rzeczywisto\u015bci karma to przede wszystkim dzia\u0142anie \u2013 twoje w\u0142asne dzia\u0142ania i zwi\u0105zana z nimi odpowiedzialno\u015b\u0107. Nie jest to zewn\u0119trzny system nagrody i kary, ale wewn\u0119trzny cykl, kt\u00f3ry tworzysz samodzielnie. Gromadzenie karmy jest zdeterminowane przez twoje intencje oraz spos\u00f3b, w jaki reagujesz na wydarzenia w swoim \u017cyciu. Je\u015bli nie jeste\u015b \u015bwiadomy tego procesu, mo\u017cesz sta\u0107 si\u0119 niewolnikiem nie\u015bwiadomych wzorc\u00f3w zachowa\u0144.<\/p>\n","protected":false},"featured_media":9891,"comment_status":"open","ping_status":"closed","template":"","meta":[],"product_brand":[],"product_cat":[66],"product_tag":[],"class_list":{"0":"post-8972","1":"product","2":"type-product","3":"status-publish","4":"has-post-thumbnail","6":"product_cat-ksiazki","8":"first","9":"instock","10":"sale","11":"taxable","12":"shipping-taxable","13":"purchasable","14":"product-type-simple"},"_links":{"self":[{"href":"https:\/\/ziolazycia.com\/nowa\/wp-json\/wp\/v2\/product\/8972","targetHints":{"allow":["GET"]}}],"collection":[{"href":"https:\/\/ziolazycia.com\/nowa\/wp-json\/wp\/v2\/product"}],"about":[{"href":"https:\/\/ziolazycia.com\/nowa\/wp-json\/wp\/v2\/types\/product"}],"replies":[{"embeddable":true,"href":"https:\/\/ziolazycia.com\/nowa\/wp-json\/wp\/v2\/comments?post=8972"}],"wp:featuredmedia":[{"embeddable":true,"href":"https:\/\/ziolazycia.com\/nowa\/wp-json\/wp\/v2\/media\/9891"}],"wp:attachment":[{"href":"https:\/\/ziolazycia.com\/nowa\/wp-json\/wp\/v2\/media?parent=8972"}],"wp:term":[{"taxonomy":"product_brand","embeddable":true,"href":"https:\/\/ziolazycia.com\/nowa\/wp-json\/wp\/v2\/product_brand?post=8972"},{"taxonomy":"product_cat","embeddable":true,"href":"https:\/\/ziolazycia.com\/nowa\/wp-json\/wp\/v2\/product_cat?post=8972"},{"taxonomy":"product_tag","embeddable":true,"href":"https:\/\/ziolazycia.com\/nowa\/wp-json\/wp\/v2\/product_tag?post=8972"}],"curies":[{"name":"wp","href":"https:\/\/api.w.org\/{rel}","templated":true}]}}