{"id":8969,"date":"2024-08-22T16:11:59","date_gmt":"2024-08-22T14:11:59","guid":{"rendered":"https:\/\/ziolazycia.com\/nowa\/?post_type=product&#038;p=8969"},"modified":"2025-11-26T15:59:23","modified_gmt":"2025-11-26T14:59:23","slug":"inzynieria-wnetrza-z-joginem-po-radosc-zycia-sadhguru-jaggi-vasudev","status":"publish","type":"product","link":"https:\/\/ziolazycia.com\/nowa\/product\/inzynieria-wnetrza-z-joginem-po-radosc-zycia-sadhguru-jaggi-vasudev\/","title":{"rendered":"In\u017cynieria wn\u0119trza. Z joginem po rado\u015b\u0107 \u017cycia. Sadhguru Jaggi Vasudev"},"content":{"rendered":"<p>Sadhguru, znany jako wizjoner, mistyk i jogin, opowiada o swoim do\u015bwiadczeniu o\u015bwiecenia, kt\u00f3re prze\u017cy\u0142 na wzg\u00f3rzu w po\u0142udniowych Indiach. To wydarzenie, w kt\u00f3rym czas dla niego si\u0119 zatrzyma\u0142, zapocz\u0105tkowa\u0142o radykaln\u0105 przemian\u0119 jego \u017cycia. Dzi\u015b, jako za\u0142o\u017cyciel organizacji Isha, Sadhguru wspiera miliony ludzi na ca\u0142ym \u015bwiecie, pomagaj\u0105c im odnale\u017a\u0107 swoj\u0105 drog\u0119. Jego wp\u0142yw jest widoczny w licznych wyst\u0105pieniach, m.in. na \u015awiatowym Forum Ekonomicznym oraz w instytucjach takich jak ONZ, Uniwersytet Stanforda, MIT, Uniwersytet Harvarda, Wharton i wiele innych.<\/p>\n<p>W ksi\u0105\u017cce Sadhguru podkre\u015bla, \u017ce guru to \u201ekto\u015b, kto rozprasza ciemno\u015bci. To kto\u015b, kto otwiera przed tob\u0105 drzwi\u201d. Dzi\u0119ki tej inspiruj\u0105cej i przyst\u0119pnej lekturze czytelnicy maj\u0105 szans\u0119 pozna\u0107 metody, kt\u00f3re pozwol\u0105 im \u015bwiadomie kszta\u0142towa\u0107 swoje \u017cycie i osi\u0105ga\u0107 cele, jakie sobie wyznacz\u0105.<\/p>\n","protected":false},"excerpt":{"rendered":"<p>&#8222;In\u017cynieria wn\u0119trza&#8221; to fascynuj\u0105ca ksi\u0105\u017cka, kt\u00f3ra prezentuje sprawdzone techniki zmieniaj\u0105ce spos\u00f3b, w jaki postrzegamy i my\u015blimy o \u015bwiecie. Autor, Sadhguru Jaggi Vasudev, czerpi\u0105c z g\u0142\u0119bokiej tradycji jogi, dzielonej przez pokolenia mistrz\u00f3w, ukazuje pu\u0142apki, jakie zastawia na nas umys\u0142, oraz proponuje \u0107wiczenia, kt\u00f3re mog\u0105 pom\u00f3c w osi\u0105gni\u0119ciu prawdziwej rado\u015bci z \u017cycia.<\/p>\n","protected":false},"featured_media":9890,"comment_status":"open","ping_status":"closed","template":"","meta":[],"product_brand":[],"product_cat":[66],"product_tag":[],"class_list":{"0":"post-8969","1":"product","2":"type-product","3":"status-publish","4":"has-post-thumbnail","6":"product_cat-ksiazki","8":"first","9":"instock","10":"sale","11":"taxable","12":"shipping-taxable","13":"purchasable","14":"product-type-simple"},"_links":{"self":[{"href":"https:\/\/ziolazycia.com\/nowa\/wp-json\/wp\/v2\/product\/8969","targetHints":{"allow":["GET"]}}],"collection":[{"href":"https:\/\/ziolazycia.com\/nowa\/wp-json\/wp\/v2\/product"}],"about":[{"href":"https:\/\/ziolazycia.com\/nowa\/wp-json\/wp\/v2\/types\/product"}],"replies":[{"embeddable":true,"href":"https:\/\/ziolazycia.com\/nowa\/wp-json\/wp\/v2\/comments?post=8969"}],"wp:featuredmedia":[{"embeddable":true,"href":"https:\/\/ziolazycia.com\/nowa\/wp-json\/wp\/v2\/media\/9890"}],"wp:attachment":[{"href":"https:\/\/ziolazycia.com\/nowa\/wp-json\/wp\/v2\/media?parent=8969"}],"wp:term":[{"taxonomy":"product_brand","embeddable":true,"href":"https:\/\/ziolazycia.com\/nowa\/wp-json\/wp\/v2\/product_brand?post=8969"},{"taxonomy":"product_cat","embeddable":true,"href":"https:\/\/ziolazycia.com\/nowa\/wp-json\/wp\/v2\/product_cat?post=8969"},{"taxonomy":"product_tag","embeddable":true,"href":"https:\/\/ziolazycia.com\/nowa\/wp-json\/wp\/v2\/product_tag?post=8969"}],"curies":[{"name":"wp","href":"https:\/\/api.w.org\/{rel}","templated":true}]}}