{"id":8963,"date":"2024-08-22T16:03:24","date_gmt":"2024-08-22T14:03:24","guid":{"rendered":"https:\/\/ziolazycia.com\/nowa\/?post_type=product&#038;p=8963"},"modified":"2025-11-26T15:59:22","modified_gmt":"2025-11-26T14:59:22","slug":"wrocmy-do-ziol-leczniczych-andrzej-czeslaw-klimuszko","status":"publish","type":"product","link":"https:\/\/ziolazycia.com\/nowa\/product\/wrocmy-do-ziol-leczniczych-andrzej-czeslaw-klimuszko\/","title":{"rendered":"Wr\u00f3\u0107my do zi\u00f3\u0142 leczniczych. Andrzej Czes\u0142aw Klimuszko"},"content":{"rendered":"","protected":false},"excerpt":{"rendered":"<p>Zio\u0142olecznictwo niezmiennie przyci\u0105ga uwag\u0119 wielu os\u00f3b, kt\u00f3re poszukuj\u0105 naturalnych metod wsparcia zdrowia. Ksi\u0105\u017cka \u201eWr\u00f3\u0107my do zi\u00f3\u0142 leczniczych\u201d autorstwa Andrzeja Czes\u0142awa Klimuszko to cenne \u017ar\u00f3d\u0142o wiedzy na temat ro\u015blin leczniczych i ich zastosowania w profilaktyce oraz terapii r\u00f3\u017cnych dolegliwo\u015bci. Autor wzbogaca swoje receptury o refleksje dotycz\u0105ce czynnik\u00f3w wp\u0142ywaj\u0105cych na zdrowie.<\/p>\n<p>Ksi\u0105\u017cka sk\u0142ada si\u0119 z dw\u00f3ch cz\u0119\u015bci i jest dedykowana tym, kt\u00f3rzy preferuj\u0105 zdrowy styl \u017cycia oraz chc\u0105 wzmocni\u0107 organizm za pomoc\u0105 mocy ro\u015blin. Pierwsza cz\u0119\u015b\u0107, zatytu\u0142owana \u201eSzukajmy szcz\u0119\u015bcia w przyrodzie\u201d, porusza temat wp\u0142ywu r\u00f3\u017cnych czynnik\u00f3w na stan psychiczny i fizyczny cz\u0142owieka. W drugiej cz\u0119\u015bci, \u201eWr\u00f3\u0107my do zi\u00f3\u0142 leczniczych\u201d, autor prezentuje konkretne przepisy na mieszanki zio\u0142owe, kt\u00f3re mog\u0105 wspiera\u0107 terapi\u0119 wielu schorze\u0144.<\/p>\n<p>Klimuszko zwraca r\u00f3wnie\u017c uwag\u0119 na zagro\u017cenia, jakie niesie wsp\u00f3\u0142czesna cywilizacja, maj\u0105ce istotny wp\u0142yw na nasze zdrowie i jako\u015b\u0107 \u017cycia. Dzieli si\u0119 praktycznymi wskaz\u00f3wkami dotycz\u0105cymi m.in. wyboru miejsca zamieszkania, odpowiedniego ubioru oraz w\u0142a\u015bciwo\u015bci materia\u0142\u00f3w, z kt\u00f3rych s\u0105 wykonane. W rozdziale \u201eUrodzi\u0142e\u015b si\u0119 pod Pann\u0105 czy Lwem\u201d autor analizuje zwi\u0105zek mi\u0119dzy miesi\u0105cem urodzenia a sk\u0142onno\u015bci\u0105 do wyst\u0119powania okre\u015blonych chor\u00f3b. Ksi\u0105\u017cka ta jest doskona\u0142ym przewodnikiem dla tych, kt\u00f3rzy chc\u0105 zg\u0142\u0119bi\u0107 tajniki zio\u0142olecznictwa i naturalnych metod dbania o zdrowie.<\/p>\n","protected":false},"featured_media":9889,"comment_status":"open","ping_status":"closed","template":"","meta":[],"product_brand":[],"product_cat":[66],"product_tag":[],"class_list":{"0":"post-8963","1":"product","2":"type-product","3":"status-publish","4":"has-post-thumbnail","6":"product_cat-ksiazki","8":"first","9":"instock","10":"taxable","11":"shipping-taxable","12":"purchasable","13":"product-type-simple"},"_links":{"self":[{"href":"https:\/\/ziolazycia.com\/nowa\/wp-json\/wp\/v2\/product\/8963","targetHints":{"allow":["GET"]}}],"collection":[{"href":"https:\/\/ziolazycia.com\/nowa\/wp-json\/wp\/v2\/product"}],"about":[{"href":"https:\/\/ziolazycia.com\/nowa\/wp-json\/wp\/v2\/types\/product"}],"replies":[{"embeddable":true,"href":"https:\/\/ziolazycia.com\/nowa\/wp-json\/wp\/v2\/comments?post=8963"}],"wp:featuredmedia":[{"embeddable":true,"href":"https:\/\/ziolazycia.com\/nowa\/wp-json\/wp\/v2\/media\/9889"}],"wp:attachment":[{"href":"https:\/\/ziolazycia.com\/nowa\/wp-json\/wp\/v2\/media?parent=8963"}],"wp:term":[{"taxonomy":"product_brand","embeddable":true,"href":"https:\/\/ziolazycia.com\/nowa\/wp-json\/wp\/v2\/product_brand?post=8963"},{"taxonomy":"product_cat","embeddable":true,"href":"https:\/\/ziolazycia.com\/nowa\/wp-json\/wp\/v2\/product_cat?post=8963"},{"taxonomy":"product_tag","embeddable":true,"href":"https:\/\/ziolazycia.com\/nowa\/wp-json\/wp\/v2\/product_tag?post=8963"}],"curies":[{"name":"wp","href":"https:\/\/api.w.org\/{rel}","templated":true}]}}