{"id":8958,"date":"2024-08-22T15:48:59","date_gmt":"2024-08-22T13:48:59","guid":{"rendered":"https:\/\/ziolazycia.com\/nowa\/?post_type=product&#038;p=8958"},"modified":"2025-11-26T15:59:21","modified_gmt":"2025-11-26T14:59:21","slug":"ayurveda-ksiega-domowych-srodkow-leczniczych","status":"publish","type":"product","link":"https:\/\/ziolazycia.com\/nowa\/product\/ayurveda-ksiega-domowych-srodkow-leczniczych\/","title":{"rendered":"Ayurveda. Ksi\u0119ga domowych \u015brodk\u00f3w leczniczych"},"content":{"rendered":"","protected":false},"excerpt":{"rendered":"<p>Ksi\u0105\u017cka \u201eAyurveda. Ksi\u0119ga domowych \u015brodk\u00f3w leczniczych\u201d autorstwa dr. Vasanta Lada jest praktycznym przewodnikiem po ajurwedyjskiej sztuce uzdrawiania, kt\u00f3ra ma swoje korzenie w staro\u017cytnej tradycji Indii. Autor, b\u0119d\u0105cy uznanym ekspertem w dziedzinie ajurwedy, wprowadza czytelnik\u00f3w w podstawy tej nauki, omawiaj\u0105c szczeg\u00f3\u0142owo trzy dosze: vata, pitta i kapha, kt\u00f3re definiuj\u0105 fizyczne i psychologiczne cechy ka\u017cdego cz\u0142owieka.<\/p>\n<p>Po okre\u015bleniu w\u0142asnego typu budowy umys\u0142o-cia\u0142a, ksi\u0105\u017cka prowadzi czytelnika przez r\u00f3\u017cnorodne techniki, kt\u00f3re mog\u0105 wspiera\u0107 d\u0105\u017cenie do osi\u0105gni\u0119cia r\u00f3wnowagi i dobrego samopoczucia. Dr Lad oferuje praktyczne porady dotycz\u0105ce naturalnych metod radzenia sobie z powszechnymi dolegliwo\u015bciami i problemami zdrowotnymi. W ksi\u0105\u017cce znajdziesz szczeg\u00f3\u0142owe opisy, jak za pomoc\u0105 ajurwedyjskich \u015brodk\u00f3w, takich jak zio\u0142a, olejki, herbaty, medytacja i joga, mo\u017cna \u0142agodzi\u0107 objawy r\u00f3\u017cnych dolegliwo\u015bci, takich jak przezi\u0119bienie, b\u00f3le g\u0142owy, b\u00f3le z\u0119b\u00f3w, problemy z cholesterolem, czy te\u017c zaburzenia nastroju.<\/p>\n<p>Ponadto, dr Lad podkre\u015bla znaczenie diety i stylu \u017cycia dostosowanego do indywidualnych potrzeb organizmu, co mo\u017ce pom\u00f3c w zapobieganiu chorobom oraz promowaniu zdrowego, \u015bwiadomego \u017cycia. Ksi\u0105\u017cka ta jest warto\u015bciowym \u017ar\u00f3d\u0142em wiedzy dla ka\u017cdego, kto poszukuje alternatywnych, naturalnych sposob\u00f3w na wsparcie zdrowia i r\u00f3wnowagi w codziennym \u017cyciu.<\/p>\n","protected":false},"featured_media":9888,"comment_status":"open","ping_status":"closed","template":"","meta":[],"product_brand":[],"product_cat":[66],"product_tag":[],"class_list":{"0":"post-8958","1":"product","2":"type-product","3":"status-publish","4":"has-post-thumbnail","6":"product_cat-ksiazki","8":"first","9":"instock","10":"sale","11":"taxable","12":"shipping-taxable","13":"purchasable","14":"product-type-simple"},"_links":{"self":[{"href":"https:\/\/ziolazycia.com\/nowa\/wp-json\/wp\/v2\/product\/8958","targetHints":{"allow":["GET"]}}],"collection":[{"href":"https:\/\/ziolazycia.com\/nowa\/wp-json\/wp\/v2\/product"}],"about":[{"href":"https:\/\/ziolazycia.com\/nowa\/wp-json\/wp\/v2\/types\/product"}],"replies":[{"embeddable":true,"href":"https:\/\/ziolazycia.com\/nowa\/wp-json\/wp\/v2\/comments?post=8958"}],"wp:featuredmedia":[{"embeddable":true,"href":"https:\/\/ziolazycia.com\/nowa\/wp-json\/wp\/v2\/media\/9888"}],"wp:attachment":[{"href":"https:\/\/ziolazycia.com\/nowa\/wp-json\/wp\/v2\/media?parent=8958"}],"wp:term":[{"taxonomy":"product_brand","embeddable":true,"href":"https:\/\/ziolazycia.com\/nowa\/wp-json\/wp\/v2\/product_brand?post=8958"},{"taxonomy":"product_cat","embeddable":true,"href":"https:\/\/ziolazycia.com\/nowa\/wp-json\/wp\/v2\/product_cat?post=8958"},{"taxonomy":"product_tag","embeddable":true,"href":"https:\/\/ziolazycia.com\/nowa\/wp-json\/wp\/v2\/product_tag?post=8958"}],"curies":[{"name":"wp","href":"https:\/\/api.w.org\/{rel}","templated":true}]}}