{"id":8955,"date":"2024-08-22T15:45:34","date_gmt":"2024-08-22T13:45:34","guid":{"rendered":"https:\/\/ziolazycia.com\/nowa\/?post_type=product&#038;p=8955"},"modified":"2025-11-26T15:59:21","modified_gmt":"2025-11-26T14:59:21","slug":"glistnik-gorski-ekstrakt-3-ml-goldenpharm","status":"publish","type":"product","link":"https:\/\/ziolazycia.com\/nowa\/product\/glistnik-gorski-ekstrakt-3-ml-goldenpharm\/","title":{"rendered":"Glistnik G\u00f3rski Ekstrakt 3 ml (GoldenPharm)"},"content":{"rendered":"","protected":false},"excerpt":{"rendered":"<p>Glistnik g\u00f3rski, znany r\u00f3wnie\u017c jako jask\u00f3\u0142cze ziele, od dawna jest ceniony za swoje w\u0142a\u015bciwo\u015bci, kt\u00f3re pomagaj\u0105 w usuwaniu r\u00f3\u017cnych problem\u00f3w sk\u00f3rnych, takich jak brodawki czy kurzajki. Brodawki te s\u0105 cz\u0119sto wywo\u0142ywane przez wirusa brodawczaka ludzkiego (HPV), a glistnik, dzi\u0119ki zawarto\u015bci naturalnych substancji, kt\u00f3re mog\u0105 przyczynia\u0107 si\u0119 do usuwania tych zmian sk\u00f3rnych, sta\u0142 si\u0119 popularnym \u015brodkiem w tej dziedzinie.<\/p>\n<p>Obecnie dost\u0119pny jest ekstrakt z glistnika g\u00f3rskiego jask\u00f3\u0142cze ziele, kt\u00f3ry umo\u017cliwia samodzielne, domowe usuwanie brodawek, kurzajek oraz suchych modzeli. Produkt ten, produkowany przez firm\u0119 \u201eElfarma\u201d, cieszy si\u0119 du\u017c\u0105 popularno\u015bci\u0105 od wielu lat. Jego sk\u0142ad opiera si\u0119 wy\u0142\u0105cznie na naturalnych sk\u0142adnikach, takich jak \u015bwie\u017cy sok z glistnika, goryczka, r\u00f3\u017canecznik z\u0142otolistny oraz cacalia hastata. Warto zauwa\u017cy\u0107, \u017ce produkt nie zawiera alkali\u00f3w, co czyni go bezpiecznym do stosowania.<\/p>\n<p>Ekstrakt ten jest ceniony za mo\u017cliwo\u015b\u0107 jednoczesnego usuni\u0119cia kilku zmian sk\u00f3rnych, a tak\u017ce za dost\u0119pno\u015b\u0107 i niski koszt w por\u00f3wnaniu do zabieg\u00f3w kosmetycznych.<\/p>\n","protected":false},"featured_media":9887,"comment_status":"open","ping_status":"closed","template":"","meta":[],"product_brand":[],"product_cat":[72],"product_tag":[],"class_list":{"0":"post-8955","1":"product","2":"type-product","3":"status-publish","4":"has-post-thumbnail","6":"product_cat-suplementy-diety","8":"first","9":"instock","10":"sale","11":"taxable","12":"shipping-taxable","13":"purchasable","14":"product-type-simple"},"_links":{"self":[{"href":"https:\/\/ziolazycia.com\/nowa\/wp-json\/wp\/v2\/product\/8955","targetHints":{"allow":["GET"]}}],"collection":[{"href":"https:\/\/ziolazycia.com\/nowa\/wp-json\/wp\/v2\/product"}],"about":[{"href":"https:\/\/ziolazycia.com\/nowa\/wp-json\/wp\/v2\/types\/product"}],"replies":[{"embeddable":true,"href":"https:\/\/ziolazycia.com\/nowa\/wp-json\/wp\/v2\/comments?post=8955"}],"wp:featuredmedia":[{"embeddable":true,"href":"https:\/\/ziolazycia.com\/nowa\/wp-json\/wp\/v2\/media\/9887"}],"wp:attachment":[{"href":"https:\/\/ziolazycia.com\/nowa\/wp-json\/wp\/v2\/media?parent=8955"}],"wp:term":[{"taxonomy":"product_brand","embeddable":true,"href":"https:\/\/ziolazycia.com\/nowa\/wp-json\/wp\/v2\/product_brand?post=8955"},{"taxonomy":"product_cat","embeddable":true,"href":"https:\/\/ziolazycia.com\/nowa\/wp-json\/wp\/v2\/product_cat?post=8955"},{"taxonomy":"product_tag","embeddable":true,"href":"https:\/\/ziolazycia.com\/nowa\/wp-json\/wp\/v2\/product_tag?post=8955"}],"curies":[{"name":"wp","href":"https:\/\/api.w.org\/{rel}","templated":true}]}}