{"id":8953,"date":"2024-08-22T15:09:36","date_gmt":"2024-08-22T13:09:36","guid":{"rendered":"https:\/\/ziolazycia.com\/nowa\/?post_type=product&#038;p=8953"},"modified":"2025-11-26T15:59:21","modified_gmt":"2025-11-26T14:59:21","slug":"larens-biopeptide-serum-spray-250-ml","status":"publish","type":"product","link":"https:\/\/ziolazycia.com\/nowa\/product\/larens-biopeptide-serum-spray-250-ml\/","title":{"rendered":"Larens Biopeptide Serum Spray 250 ml"},"content":{"rendered":"","protected":false},"excerpt":{"rendered":"<p>Biopeptide Serum Spray to rewolucyjny produkt, kt\u00f3ry kompleksowo zadba o Twoj\u0105 sk\u00f3r\u0119, w\u0142osy i paznokcie, oferuj\u0105c im intensywne nawil\u017cenie, od\u017cywienie i ochron\u0119. Jego si\u0142a tkwi w zaawansowanej formule, opartej na opatentowanym kompleksie biopeptyd\u00f3w \u2013 substancjach, kt\u00f3re stymuluj\u0105 naturalne procesy regeneracji sk\u00f3ry. Dzi\u0119ki zawarto\u015bci oligo- i polipeptyd\u00f3w, serum skutecznie pobudza kom\u00f3rki do produkcji kolagenu i elastyny, kluczowych bia\u0142ek, kt\u00f3re odpowiadaj\u0105 za j\u0119drno\u015b\u0107, elastyczno\u015b\u0107 i m\u0142ody wygl\u0105d sk\u00f3ry. <\/p>\n<p>Niezale\u017cnie od wieku czy wp\u0142ywu czynnik\u00f3w zewn\u0119trznych, Biopeptide Serum Spray wspiera sk\u00f3r\u0119 w walce z oznakami starzenia, pomagaj\u0105c jej zachowa\u0107 zdrowy i promienny wygl\u0105d. Dodatkowo, produkt ten przywraca naturalny blask w\u0142osom i wzmacnia paznokcie, sprawiaj\u0105c, \u017ce staj\u0105 si\u0119 one bardziej odporne na codzienne uszkodzenia. Biopeptide Serum Spray to idealne rozwi\u0105zanie dla os\u00f3b poszukuj\u0105cych skutecznej i wszechstronnej piel\u0119gnacji, kt\u00f3ra dzia\u0142a na wielu poziomach.<\/p>\n","protected":false},"featured_media":9886,"comment_status":"open","ping_status":"closed","template":"","meta":[],"product_brand":[84],"product_cat":[82,83,128],"product_tag":[],"class_list":{"0":"post-8953","1":"product","2":"type-product","3":"status-publish","4":"has-post-thumbnail","6":"product_brand-larens","7":"product_cat-kosmetyki-naturalne","8":"product_cat-larens","9":"product_cat-kosmetyki-naturalne-larens","11":"first","12":"instock","13":"taxable","14":"shipping-taxable","15":"purchasable","16":"product-type-simple"},"_links":{"self":[{"href":"https:\/\/ziolazycia.com\/nowa\/wp-json\/wp\/v2\/product\/8953","targetHints":{"allow":["GET"]}}],"collection":[{"href":"https:\/\/ziolazycia.com\/nowa\/wp-json\/wp\/v2\/product"}],"about":[{"href":"https:\/\/ziolazycia.com\/nowa\/wp-json\/wp\/v2\/types\/product"}],"replies":[{"embeddable":true,"href":"https:\/\/ziolazycia.com\/nowa\/wp-json\/wp\/v2\/comments?post=8953"}],"wp:featuredmedia":[{"embeddable":true,"href":"https:\/\/ziolazycia.com\/nowa\/wp-json\/wp\/v2\/media\/9886"}],"wp:attachment":[{"href":"https:\/\/ziolazycia.com\/nowa\/wp-json\/wp\/v2\/media?parent=8953"}],"wp:term":[{"taxonomy":"product_brand","embeddable":true,"href":"https:\/\/ziolazycia.com\/nowa\/wp-json\/wp\/v2\/product_brand?post=8953"},{"taxonomy":"product_cat","embeddable":true,"href":"https:\/\/ziolazycia.com\/nowa\/wp-json\/wp\/v2\/product_cat?post=8953"},{"taxonomy":"product_tag","embeddable":true,"href":"https:\/\/ziolazycia.com\/nowa\/wp-json\/wp\/v2\/product_tag?post=8953"}],"curies":[{"name":"wp","href":"https:\/\/api.w.org\/{rel}","templated":true}]}}