{"id":8949,"date":"2024-08-22T15:05:47","date_gmt":"2024-08-22T13:05:47","guid":{"rendered":"https:\/\/ziolazycia.com\/nowa\/?post_type=product&#038;p=8949"},"modified":"2025-11-26T15:59:21","modified_gmt":"2025-11-26T14:59:21","slug":"larens-biopeptide-serum-spray-150-ml","status":"publish","type":"product","link":"https:\/\/ziolazycia.com\/nowa\/product\/larens-biopeptide-serum-spray-150-ml\/","title":{"rendered":"Larens Biopeptide Serum Spray 150 ml"},"content":{"rendered":"","protected":false},"excerpt":{"rendered":"<p>Biopeptide Serum Spray to wyj\u0105tkowy kosmetyk, kt\u00f3ry w kompleksowy spos\u00f3b dba o sk\u00f3r\u0119, w\u0142osy i paznokcie. Dzi\u0119ki unikalnemu sk\u0142adowi, opartemu na opatentowanym kompleksie biopeptyd\u00f3w, serum dzia\u0142a na wielu poziomach, zapewniaj\u0105c od\u017cywienie i nawil\u017cenie tam, gdzie jest ono najbardziej potrzebne. Biopeptydy, kt\u00f3re s\u0105 kluczowym sk\u0142adnikiem tego serum, aktywizuj\u0105 kom\u00f3rki do produkcji kolagenu i elastyny \u2013 bia\u0142ek odpowiedzialnych za g\u0119sto\u015b\u0107, spr\u0119\u017cysto\u015b\u0107 i m\u0142odzie\u0144czy wygl\u0105d sk\u00f3ry. <\/p>\n<p>Regularne stosowanie Biopeptide Serum Spray pomaga utrzyma\u0107 sk\u00f3r\u0119 j\u0119drn\u0105 i napi\u0119t\u0105, a tak\u017ce przeciwdzia\u0142a powstawaniu zmarszczek i bruzd. Serum nie tylko piel\u0119gnuje sk\u00f3r\u0119, ale tak\u017ce przywraca blask w\u0142osom i wzmacnia paznokcie, czyni\u0105c je zdrowszymi i bardziej odpornymi na uszkodzenia. To innowacyjne rozwi\u0105zanie dla os\u00f3b pragn\u0105cych wszechstronnej piel\u0119gnacji w jednym produkcie.<\/p>\n","protected":false},"featured_media":9886,"comment_status":"open","ping_status":"closed","template":"","meta":[],"product_brand":[84],"product_cat":[82,83,128],"product_tag":[],"class_list":{"0":"post-8949","1":"product","2":"type-product","3":"status-publish","4":"has-post-thumbnail","6":"product_brand-larens","7":"product_cat-kosmetyki-naturalne","8":"product_cat-larens","9":"product_cat-kosmetyki-naturalne-larens","11":"first","12":"instock","13":"taxable","14":"shipping-taxable","15":"purchasable","16":"product-type-simple"},"_links":{"self":[{"href":"https:\/\/ziolazycia.com\/nowa\/wp-json\/wp\/v2\/product\/8949","targetHints":{"allow":["GET"]}}],"collection":[{"href":"https:\/\/ziolazycia.com\/nowa\/wp-json\/wp\/v2\/product"}],"about":[{"href":"https:\/\/ziolazycia.com\/nowa\/wp-json\/wp\/v2\/types\/product"}],"replies":[{"embeddable":true,"href":"https:\/\/ziolazycia.com\/nowa\/wp-json\/wp\/v2\/comments?post=8949"}],"wp:featuredmedia":[{"embeddable":true,"href":"https:\/\/ziolazycia.com\/nowa\/wp-json\/wp\/v2\/media\/9886"}],"wp:attachment":[{"href":"https:\/\/ziolazycia.com\/nowa\/wp-json\/wp\/v2\/media?parent=8949"}],"wp:term":[{"taxonomy":"product_brand","embeddable":true,"href":"https:\/\/ziolazycia.com\/nowa\/wp-json\/wp\/v2\/product_brand?post=8949"},{"taxonomy":"product_cat","embeddable":true,"href":"https:\/\/ziolazycia.com\/nowa\/wp-json\/wp\/v2\/product_cat?post=8949"},{"taxonomy":"product_tag","embeddable":true,"href":"https:\/\/ziolazycia.com\/nowa\/wp-json\/wp\/v2\/product_tag?post=8949"}],"curies":[{"name":"wp","href":"https:\/\/api.w.org\/{rel}","templated":true}]}}