{"id":8946,"date":"2024-08-22T14:52:23","date_gmt":"2024-08-22T12:52:23","guid":{"rendered":"https:\/\/ziolazycia.com\/nowa\/?post_type=product&#038;p=8946"},"modified":"2025-11-26T15:59:21","modified_gmt":"2025-11-26T14:59:21","slug":"ekosynbiotyk-probiotyk-i-prebiotyk-na-jelita-i-odpornosc-1000ml","status":"publish","type":"product","link":"https:\/\/ziolazycia.com\/nowa\/product\/ekosynbiotyk-probiotyk-i-prebiotyk-na-jelita-i-odpornosc-1000ml\/","title":{"rendered":"EkoSynbiotyk \u2013 Probiotyk i prebiotyk na jelita i odporno\u015b\u0107 1000ml"},"content":{"rendered":"","protected":false},"excerpt":{"rendered":"<p>EkoSynbiotyk to zaawansowany suplement diety, kt\u00f3ry \u0142\u0105czy w sobie moc probiotyk\u00f3w i prebiotyk\u00f3w, powstaj\u0105cy w wyniku wielomiesi\u0119cznego procesu fermentacji. Dzi\u0119ki unikalnej formule, zawieraj\u0105cej a\u017c 13 szczep\u00f3w \u017cywych bakterii probiotycznych oraz ponad 4000 r\u00f3\u017cnych metabolit\u00f3w, produkt wspiera naturaln\u0105 r\u00f3wnowag\u0119 mikroflory jelitowej. EkoSynbiotyk cechuje si\u0119 wysok\u0105, 90% skuteczno\u015bci\u0105 zasiedlania uk\u0142adu pokarmowego, co przyczynia si\u0119 do poprawy przyswajalno\u015bci sk\u0142adnik\u00f3w od\u017cywczych. Jego dzia\u0142anie zosta\u0142o potwierdzone badaniami klinicznymi, a certyfikat ekologiczny gwarantuje, \u017ce produkt jest wolny od sztucznych dodatk\u00f3w i w pe\u0142ni naturalny.<\/p>\n","protected":false},"featured_media":9885,"comment_status":"open","ping_status":"closed","template":"","meta":[],"product_brand":[],"product_cat":[76,72],"product_tag":[],"class_list":{"0":"post-8946","1":"product","2":"type-product","3":"status-publish","4":"has-post-thumbnail","6":"product_cat-probiotyki","7":"product_cat-suplementy-diety","9":"first","10":"instock","11":"taxable","12":"shipping-taxable","13":"purchasable","14":"product-type-simple"},"_links":{"self":[{"href":"https:\/\/ziolazycia.com\/nowa\/wp-json\/wp\/v2\/product\/8946","targetHints":{"allow":["GET"]}}],"collection":[{"href":"https:\/\/ziolazycia.com\/nowa\/wp-json\/wp\/v2\/product"}],"about":[{"href":"https:\/\/ziolazycia.com\/nowa\/wp-json\/wp\/v2\/types\/product"}],"replies":[{"embeddable":true,"href":"https:\/\/ziolazycia.com\/nowa\/wp-json\/wp\/v2\/comments?post=8946"}],"wp:featuredmedia":[{"embeddable":true,"href":"https:\/\/ziolazycia.com\/nowa\/wp-json\/wp\/v2\/media\/9885"}],"wp:attachment":[{"href":"https:\/\/ziolazycia.com\/nowa\/wp-json\/wp\/v2\/media?parent=8946"}],"wp:term":[{"taxonomy":"product_brand","embeddable":true,"href":"https:\/\/ziolazycia.com\/nowa\/wp-json\/wp\/v2\/product_brand?post=8946"},{"taxonomy":"product_cat","embeddable":true,"href":"https:\/\/ziolazycia.com\/nowa\/wp-json\/wp\/v2\/product_cat?post=8946"},{"taxonomy":"product_tag","embeddable":true,"href":"https:\/\/ziolazycia.com\/nowa\/wp-json\/wp\/v2\/product_tag?post=8946"}],"curies":[{"name":"wp","href":"https:\/\/api.w.org\/{rel}","templated":true}]}}