{"id":8943,"date":"2024-08-22T14:21:51","date_gmt":"2024-08-22T12:21:51","guid":{"rendered":"https:\/\/ziolazycia.com\/nowa\/?post_type=product&#038;p=8943"},"modified":"2025-11-26T15:59:21","modified_gmt":"2025-11-26T14:59:21","slug":"doterra-yarrow-pom-active-botanical-duo-30ml","status":"publish","type":"product","link":"https:\/\/ziolazycia.com\/nowa\/product\/doterra-yarrow-pom-active-botanical-duo-30ml\/","title":{"rendered":"d\u014dTERRA Yarrow | Pom | Active Botanical Duo | 30ml"},"content":{"rendered":"<p>d\u014dTERRA Yarrow | Pom to wyj\u0105tkowa mieszanka olejk\u00f3w, kt\u00f3ra \u0142\u0105czy w sobie koj\u0105ce w\u0142a\u015bciwo\u015bci krwawnika pospolitego oraz od\u017cywczy olej z nasion granatu. Ta starannie opracowana formu\u0142a zosta\u0142a zaprojektowana, aby wspiera\u0107 zdrowie i wygl\u0105d sk\u00f3ry, jednocze\u015bnie zapewniaj\u0105c uspokajaj\u0105cy wp\u0142yw na emocje. <\/p>\n<p>Dzi\u0119ki swoim przeciwstarzeniowym i antyoksydacyjnym w\u0142a\u015bciwo\u015bciom, Yarrow | Pom pomaga zredukowa\u0107 widoczno\u015b\u0107 zmarszczek i niedoskona\u0142o\u015bci sk\u00f3ry, przywracaj\u0105c jej m\u0142odzie\u0144czy blask. <\/p>\n<p>Doskonale sprawdza si\u0119 jako dodatek do codziennej piel\u0119gnacji, wspomagaj\u0105c odnow\u0119 kom\u00f3rkow\u0105 oraz nawil\u017cenie sk\u00f3ry. Produkt ten mo\u017cna r\u00f3wnie\u017c stosowa\u0107 podczas masa\u017cu, aby wzmocni\u0107 doznania relaksacyjne i odpr\u0119\u017caj\u0105ce, ciesz\u0105c si\u0119 jednocze\u015bnie g\u0142\u0119bokim, koj\u0105cym aromatem. Idealny do stosowania zar\u00f3wno na twarz, szyj\u0119, jak i d\u0142onie, Yarrow | Pom to doskona\u0142y wyb\u00f3r dla tych, kt\u00f3rzy pragn\u0105 kompleksowo zadba\u0107 o sk\u00f3r\u0119 i dobre samopoczucie.<\/p>\n","protected":false},"excerpt":{"rendered":"<p>d\u014dTERRA Yarrow | Pom to wyj\u0105tkowa mieszanka olejk\u00f3w, kt\u00f3ra \u0142\u0105czy w sobie koj\u0105ce w\u0142a\u015bciwo\u015bci krwawnika pospolitego oraz od\u017cywczy olej z nasion granatu. Ta starannie opracowana formu\u0142a zosta\u0142a zaprojektowana, aby wspiera\u0107 zdrowie i wygl\u0105d sk\u00f3ry, jednocze\u015bnie zapewniaj\u0105c uspokajaj\u0105cy wp\u0142yw na emocje. Dzi\u0119ki swoim przeciwstarzeniowym i antyoksydacyjnym w\u0142a\u015bciwo\u015bciom, Yarrow | Pom pomaga zredukowa\u0107 widoczno\u015b\u0107 zmarszczek i niedoskona\u0142o\u015bci [&hellip;]<\/p>\n","protected":false},"featured_media":9884,"comment_status":"open","ping_status":"closed","template":"","meta":[],"product_brand":[],"product_cat":[69,125,67,119],"product_tag":[],"class_list":{"0":"post-8943","1":"product","2":"type-product","3":"status-publish","4":"has-post-thumbnail","6":"product_cat-doterra-olejki-eteryczne-pojedyncze","7":"product_cat-doterra-oe-poj","8":"product_cat-produkty-doterra","9":"product_cat-doterra-produkty","11":"first","12":"instock","13":"taxable","14":"shipping-taxable","15":"purchasable","16":"product-type-simple"},"_links":{"self":[{"href":"https:\/\/ziolazycia.com\/nowa\/wp-json\/wp\/v2\/product\/8943","targetHints":{"allow":["GET"]}}],"collection":[{"href":"https:\/\/ziolazycia.com\/nowa\/wp-json\/wp\/v2\/product"}],"about":[{"href":"https:\/\/ziolazycia.com\/nowa\/wp-json\/wp\/v2\/types\/product"}],"replies":[{"embeddable":true,"href":"https:\/\/ziolazycia.com\/nowa\/wp-json\/wp\/v2\/comments?post=8943"}],"wp:featuredmedia":[{"embeddable":true,"href":"https:\/\/ziolazycia.com\/nowa\/wp-json\/wp\/v2\/media\/9884"}],"wp:attachment":[{"href":"https:\/\/ziolazycia.com\/nowa\/wp-json\/wp\/v2\/media?parent=8943"}],"wp:term":[{"taxonomy":"product_brand","embeddable":true,"href":"https:\/\/ziolazycia.com\/nowa\/wp-json\/wp\/v2\/product_brand?post=8943"},{"taxonomy":"product_cat","embeddable":true,"href":"https:\/\/ziolazycia.com\/nowa\/wp-json\/wp\/v2\/product_cat?post=8943"},{"taxonomy":"product_tag","embeddable":true,"href":"https:\/\/ziolazycia.com\/nowa\/wp-json\/wp\/v2\/product_tag?post=8943"}],"curies":[{"name":"wp","href":"https:\/\/api.w.org\/{rel}","templated":true}]}}