{"id":8420,"date":"2024-08-05T09:34:04","date_gmt":"2024-08-05T07:34:04","guid":{"rendered":"https:\/\/ziolazycia.com\/nowa\/?post_type=product&#038;p=8420"},"modified":"2025-11-26T15:59:21","modified_gmt":"2025-11-26T14:59:21","slug":"galaretka-aloe-vera-gelly-forever","status":"publish","type":"product","link":"https:\/\/ziolazycia.com\/nowa\/product\/galaretka-aloe-vera-gelly-forever\/","title":{"rendered":"Galaretka Aloe Vera Gelly. Forever"},"content":{"rendered":"<p>Aloes to prawdziwy cud natury, bogaty w r\u00f3\u017cnorodne zwi\u0105zki aktywne, kt\u00f3re korzystnie wp\u0142ywaj\u0105 na organizm cz\u0142owieka. Forever Aloe Vera to gwarancja najwy\u017cszej jako\u015bci, prosto z p\u00f3l Teksasu i Dominikany. Galaretka firmy Forever, oparta na aloe vera barbadensis, idealnie oddaje koj\u0105ce w\u0142a\u015bciwo\u015bci tej ro\u015bliny. Produkt ten jest jednym z naszych bestseller\u00f3w, cenionym przez wielu u\u017cytkownik\u00f3w za skuteczno\u015b\u0107 i \u0142agodne dzia\u0142anie.<\/p>\n<p>Forever Aloe Vera Gelly to niezast\u0105piony pomocnik w walce z drobnymi podra\u017cnieniami sk\u00f3ry. Mo\u017cna j\u0105 stosowa\u0107 przed zabiegami ultrad\u017awi\u0119kowymi, a tak\u017ce po depilacji. Idealna dla natychmiastowego ukojenia, galaretka firmy Forever jest \u0142agodna i skuteczna. W zak\u0142adach fryzjerskich cz\u0119sto nak\u0142ada si\u0119 j\u0105 wzd\u0142u\u017c linii w\u0142os\u00f3w przed zabiegiem koloryzacji, aby chroni\u0107 sk\u00f3r\u0119 przed zafarbowaniem.<\/p>\n","protected":false},"excerpt":{"rendered":"<p>Galaretka aloesowa firmy Forever zawiera 100% stabilizowanego mi\u0105\u017cszu aloe vera, niemal identycznego z tym, kt\u00f3ry znajduje si\u0119 wewn\u0105trz \u015bwie\u017cego li\u015bcia. Aloe Vera Gelly to g\u0119sty, bezbarwny \u017cel, kt\u00f3ry nawil\u017ca, koi i od\u017cywia wra\u017cliwe tkanki sk\u00f3ry. \u0141atwo si\u0119 wch\u0142ania, nie pozostawia plam na ubraniach i zapewnia ulg\u0119 w przypadku drobnych podra\u017cnie\u0144.<\/p>\n","protected":false},"featured_media":9882,"comment_status":"open","ping_status":"closed","template":"","meta":[],"product_brand":[89],"product_cat":[82],"product_tag":[],"class_list":{"0":"post-8420","1":"product","2":"type-product","3":"status-publish","4":"has-post-thumbnail","6":"product_brand-forever","7":"product_cat-kosmetyki-naturalne","9":"first","10":"instock","11":"sale","12":"taxable","13":"shipping-taxable","14":"purchasable","15":"product-type-simple"},"_links":{"self":[{"href":"https:\/\/ziolazycia.com\/nowa\/wp-json\/wp\/v2\/product\/8420","targetHints":{"allow":["GET"]}}],"collection":[{"href":"https:\/\/ziolazycia.com\/nowa\/wp-json\/wp\/v2\/product"}],"about":[{"href":"https:\/\/ziolazycia.com\/nowa\/wp-json\/wp\/v2\/types\/product"}],"replies":[{"embeddable":true,"href":"https:\/\/ziolazycia.com\/nowa\/wp-json\/wp\/v2\/comments?post=8420"}],"wp:featuredmedia":[{"embeddable":true,"href":"https:\/\/ziolazycia.com\/nowa\/wp-json\/wp\/v2\/media\/9882"}],"wp:attachment":[{"href":"https:\/\/ziolazycia.com\/nowa\/wp-json\/wp\/v2\/media?parent=8420"}],"wp:term":[{"taxonomy":"product_brand","embeddable":true,"href":"https:\/\/ziolazycia.com\/nowa\/wp-json\/wp\/v2\/product_brand?post=8420"},{"taxonomy":"product_cat","embeddable":true,"href":"https:\/\/ziolazycia.com\/nowa\/wp-json\/wp\/v2\/product_cat?post=8420"},{"taxonomy":"product_tag","embeddable":true,"href":"https:\/\/ziolazycia.com\/nowa\/wp-json\/wp\/v2\/product_tag?post=8420"}],"curies":[{"name":"wp","href":"https:\/\/api.w.org\/{rel}","templated":true}]}}