{"id":8302,"date":"2024-08-01T13:25:07","date_gmt":"2024-08-01T11:25:07","guid":{"rendered":"https:\/\/ziolazycia.com\/nowa\/?post_type=product&#038;p=8302"},"modified":"2025-11-26T15:59:20","modified_gmt":"2025-11-26T14:59:20","slug":"kwiat-koniczyny-czerwonej-herbatka-ekologiczna","status":"publish","type":"product","link":"https:\/\/ziolazycia.com\/nowa\/product\/kwiat-koniczyny-czerwonej-herbatka-ekologiczna\/","title":{"rendered":"Kwiat koniczyny czerwonej &#8211; Herbatka ekologiczna"},"content":{"rendered":"","protected":false},"excerpt":{"rendered":"<p>Ta 100% ekologiczna herbata to bogactwo sk\u0142adnik\u00f3w od\u017cywczych, kt\u00f3re wspieraj\u0105 zdrowie i dobre samopoczucie.<\/p>\n<p><strong>Sk\u0142adniki od\u017cywcze<\/strong><\/p>\n<p>Kwiaty koniczyny czerwonej s\u0105 \u017ar\u00f3d\u0142em cennych witamin (A, B, C, E, P) oraz mikroelement\u00f3w takich jak wap\u0144, \u017celazo, potas, magnez, mied\u017a, fosfor, selen i chrom. Zawieraj\u0105 r\u00f3wnie\u017c antocyjany, fenolokwasy oraz ma\u0142e ilo\u015bci olejk\u00f3w eterycznych i garbnik\u00f3w karotenu. Te sk\u0142adniki sprawiaj\u0105, \u017ce herbata z kwiat\u00f3w koniczyny czerwonej ma szerokie zastosowanie zdrowotne.<\/p>\n<p><strong>Korzy\u015bci zdrowotne<\/strong><\/p>\n<p>Kwiaty koniczyny czerwonej wspieraj\u0105 uk\u0142ad odporno\u015bciowy, przyspieszaj\u0105 gojenie ran i owrzodze\u0144, oraz dzia\u0142aj\u0105 wykrztu\u015bnie podczas leczenia zapalenia oskrzeli. Napar z koniczyny czerwonej pomaga oczy\u015bci\u0107 organizm i jest wsparciem w terapii dla os\u00f3b z astm\u0105, \u0142uszczyc\u0105, chorobami serca i hipercholesterolemi\u0105. Dodatkowo, \u0142agodzi objawy menopauzy.<\/p>\n","protected":false},"featured_media":9881,"comment_status":"open","ping_status":"closed","template":"","meta":[],"product_brand":[],"product_cat":[79],"product_tag":[],"class_list":{"0":"post-8302","1":"product","2":"type-product","3":"status-publish","4":"has-post-thumbnail","6":"product_cat-ziola-i-herbatki-ziolowe","8":"first","9":"instock","10":"taxable","11":"shipping-taxable","12":"purchasable","13":"product-type-simple"},"_links":{"self":[{"href":"https:\/\/ziolazycia.com\/nowa\/wp-json\/wp\/v2\/product\/8302","targetHints":{"allow":["GET"]}}],"collection":[{"href":"https:\/\/ziolazycia.com\/nowa\/wp-json\/wp\/v2\/product"}],"about":[{"href":"https:\/\/ziolazycia.com\/nowa\/wp-json\/wp\/v2\/types\/product"}],"replies":[{"embeddable":true,"href":"https:\/\/ziolazycia.com\/nowa\/wp-json\/wp\/v2\/comments?post=8302"}],"wp:featuredmedia":[{"embeddable":true,"href":"https:\/\/ziolazycia.com\/nowa\/wp-json\/wp\/v2\/media\/9881"}],"wp:attachment":[{"href":"https:\/\/ziolazycia.com\/nowa\/wp-json\/wp\/v2\/media?parent=8302"}],"wp:term":[{"taxonomy":"product_brand","embeddable":true,"href":"https:\/\/ziolazycia.com\/nowa\/wp-json\/wp\/v2\/product_brand?post=8302"},{"taxonomy":"product_cat","embeddable":true,"href":"https:\/\/ziolazycia.com\/nowa\/wp-json\/wp\/v2\/product_cat?post=8302"},{"taxonomy":"product_tag","embeddable":true,"href":"https:\/\/ziolazycia.com\/nowa\/wp-json\/wp\/v2\/product_tag?post=8302"}],"curies":[{"name":"wp","href":"https:\/\/api.w.org\/{rel}","templated":true}]}}